{"id":89,"date":"2020-10-04T19:05:28","date_gmt":"2020-10-04T19:05:28","guid":{"rendered":"http:\/\/www.lempikuoro.fi\/?page_id=89"},"modified":"2024-04-17T11:53:14","modified_gmt":"2024-04-17T09:53:14","slug":"kuorosta","status":"publish","type":"page","link":"https:\/\/www.lempikuoro.fi\/en\/kuorosta\/","title":{"rendered":"ABOUT THE&nbsp;CHOIR"},"content":{"rendered":"<figure class=\"wp-block-image alignwide size-large caption-align-center is-style-default\"><img decoding=\"async\" loading=\"lazy\" width=\"1000\" height=\"667\" src=\"https:\/\/www.lempikuoro.fi\/wp-content\/uploads\/2022\/01\/DSCF2525-1000x667.jpg\" alt class=\"wp-image-1360\" srcset=\"https:\/\/www.lempikuoro.fi\/wp-content\/uploads\/2022\/01\/DSCF2525-1000x667.jpg 1000w, https:\/\/www.lempikuoro.fi\/wp-content\/uploads\/2022\/01\/DSCF2525-600x400.jpg 600w, https:\/\/www.lempikuoro.fi\/wp-content\/uploads\/2022\/01\/DSCF2525-300x200.jpg 300w, https:\/\/www.lempikuoro.fi\/wp-content\/uploads\/2022\/01\/DSCF2525-768x512.jpg 768w, https:\/\/www.lempikuoro.fi\/wp-content\/uploads\/2022\/01\/DSCF2525-1536x1024.jpg 1536w, https:\/\/www.lempikuoro.fi\/wp-content\/uploads\/2022\/01\/DSCF2525-1200x800.jpg 1200w, https:\/\/www.lempikuoro.fi\/wp-content\/uploads\/2022\/01\/DSCF2525-1980x1320.jpg 1980w, https:\/\/www.lempikuoro.fi\/wp-content\/uploads\/2022\/01\/DSCF2525.jpg 2000w\" sizes=\"(max-width: 1000px) 100vw, 1000px\"><figcaption class=\"wp-element-caption\"><em><span style=\"color: #222222;background-color: #a5c1e1\" class=\"stk-highlight\">Lempi\u00adkuoron ja Janne Masa\u00adlinin yhteis\u00adkon\u00adsertti Yhdess\u00e4 olemme 7.10.2021 (Valo\u00adkuva: Tuomas Aro)<\/span><\/em><\/figcaption><\/figure>\n\n\n\n<p>Lempi\u00adkuoro on koke\u00adneiden laula\u00adjien syksyll\u00e4 2019 perus\u00adtama helsin\u00adki\u00adl\u00e4inen seka\u00adkuoro, jonka taiteel\u00adli\u00adsena johta\u00adjana toimii Julia Lainema. Lempi\u00adkuoron ytimess\u00e4 on korkea\u00adta\u00adsoinen laulu, musiikin teke\u00admisen riemu, uusien esitys\u00adta\u00adpojen utelias tutki\u00adminen ja l\u00e4mmin yhtei\u00ads\u00f6l\u00adli\u00adsyys. Kuoron ohjel\u00admisto rakentuu laaja-alai\u00adsesti klas\u00adsi\u00adsesta kuoro\u00admusii\u00adkista renes\u00adsans\u00adsista nyky\u00adp\u00e4i\u00adv\u00e4\u00e4n, ja se on tehnyt ennak\u00adko\u00adluu\u00adlot\u00adto\u00admasti yhteis\u00adty\u00f6t\u00e4 monen\u00adlaisten kuorojen, artis\u00adtien ja s\u00e4vel\u00adt\u00e4\u00adjien kanssa. <br><br>Lempi\u00adkuoron kunnian\u00adhi\u00admoinen tavoite on tarjota kuuli\u00adjoil\u00adleen syk\u00e4h\u00addyt\u00adt\u00e4vi\u00e4, yll\u00e4t\u00adt\u00e4vi\u00e4 ja mieleen\u00adpai\u00adnuvia musii\u00adkil\u00adlisia el\u00e4myksi\u00e4. Lempi\u00adkuo\u00adrossa laulaa noin 40 inno\u00adkasta kuoro\u00adlaista, niin musiikin ammat\u00adti\u00adlaisia kuin koke\u00adneita harras\u00adtajia. Lempi\u00adkuoro haluaa edist\u00e4\u00e4 yhden\u00adver\u00adtai\u00adsuutta kuoro\u00admaa\u00adil\u00admassa. Kuoro pyrkii luomaan sek\u00e4 omaan yhtei\u00ads\u00f6\u00f6ns\u00e4 ett\u00e4 kuoron tapah\u00adtu\u00admissa sellaista kult\u00adtuuria ja ilma\u00adpiiri\u00e4, jossa on hyv\u00e4 ja turval\u00adlinen olla. Kuoron toimin\u00adnassa nouda\u00adte\u00adtaan lempe\u00e4mm\u00e4n tilan peri\u00adaat\u00adteita.<br><br>Kes\u00e4\u00adkuussa 2023 Lempi\u00adkuoro palkit\u00adtiin kahdella kulta\u00adlei\u00admalla Tampe\u00adreen S\u00e4vel \u2011kuoro\u00adkat\u00adsel\u00admuk\u00adsessa, ja tuoma\u00adristo kiit\u00adteli kuoron sointia suuren\u00admoi\u00adseksi ja esiin\u00adty\u00admist\u00e4 raik\u00adkaaksi. Syys\u00adkuussa 2023 kuoro sai kunnian esiinty\u00e4 osana taso\u00adkasta Kuoro\u00admusiikin kausi\u00adkon\u00adsertit \u2011konsert\u00adti\u00adsarjaa ja tulkitsi Rita\u00adri\u00adhuo\u00adneella Nome-jousiyh\u00adtyeen kanssa Pulitzer- ja Grammy-palkitun yhdys\u00adval\u00adta\u00adlais\u00ads\u00e4\u00advel\u00adt\u00e4j\u00e4n Caro\u00adline Shaw\u2019n kantaa\u00adot\u00adtavan To the Hands \u2011teoksen, joka kuul\u00adtiin Suomessa ensi kertaa.<br><br>Kes\u00e4ll\u00e4 2022 Lempi\u00adkuoro esiintyi ylis\u00adt\u00e4vi\u00e4 arvioita ja paljon media\u00adhuo\u00admiota saaneessa, Venet\u00adsian bien\u00adnaa\u00adlissa Kultai\u00adsella leijo\u00adnalla palki\u00adtussa Sun &amp; Sea \u2011ooppe\u00adra\u00adteok\u00adsessa, joka j\u00e4rjes\u00adtet\u00adtiin osana Kiasman ARS22-n\u00e4yt\u00adtely\u00e4 ja Helsingin juhla\u00adviik\u00adkoja. Kuoro on my\u00f6s muun muassa pit\u00e4nyt ensim\u00adm\u00e4isten kuorojen joukossa oman live\u00adstream-konsertin tiuk\u00adkojen koro\u00adna\u00adra\u00adjoi\u00adtusten aikana vuonna 2020, esiin\u00adtynyt muusikko Janne Masa\u00adlinin kanssa syksyll\u00e4 2021 sek\u00e4 kantae\u00adsit\u00adt\u00e4nyt viisi uutta kuoro\u00adteosta Sensaatio-konser\u00adtissa syksyll\u00e4 2022.<br><br><em>Lempi\u00adkuoro harjoit\u00adtelee torstai-iltaisin&nbsp;Helsingin Ruskea\u00adsuolla Seura\u00adkun\u00adta\u00adkeskus Rastissa.<\/em><\/p>\n\n\n\n<figure class=\"wp-block-image alignwide size-large caption-align-center is-style-default\"><img decoding=\"async\" loading=\"lazy\" width=\"1000\" height=\"667\" src=\"https:\/\/www.lempikuoro.fi\/wp-content\/uploads\/2023\/10\/Lempikuoro-Vuoropuhelua-pyry-kantonen-116-5-1000x667.jpg\" alt class=\"wp-image-2593\" srcset=\"https:\/\/www.lempikuoro.fi\/wp-content\/uploads\/2023\/10\/Lempikuoro-Vuoropuhelua-pyry-kantonen-116-5-1000x667.jpg 1000w, https:\/\/www.lempikuoro.fi\/wp-content\/uploads\/2023\/10\/Lempikuoro-Vuoropuhelua-pyry-kantonen-116-5-300x200.jpg 300w, https:\/\/www.lempikuoro.fi\/wp-content\/uploads\/2023\/10\/Lempikuoro-Vuoropuhelua-pyry-kantonen-116-5-768x512.jpg 768w, https:\/\/www.lempikuoro.fi\/wp-content\/uploads\/2023\/10\/Lempikuoro-Vuoropuhelua-pyry-kantonen-116-5-1536x1025.jpg 1536w, https:\/\/www.lempikuoro.fi\/wp-content\/uploads\/2023\/10\/Lempikuoro-Vuoropuhelua-pyry-kantonen-116-5-18x12.jpg 18w, https:\/\/www.lempikuoro.fi\/wp-content\/uploads\/2023\/10\/Lempikuoro-Vuoropuhelua-pyry-kantonen-116-5-600x400.jpg 600w, https:\/\/www.lempikuoro.fi\/wp-content\/uploads\/2023\/10\/Lempikuoro-Vuoropuhelua-pyry-kantonen-116-5-1200x801.jpg 1200w, https:\/\/www.lempikuoro.fi\/wp-content\/uploads\/2023\/10\/Lempikuoro-Vuoropuhelua-pyry-kantonen-116-5.jpg 1965w\" sizes=\"(max-width: 1000px) 100vw, 1000px\"><figcaption class=\"wp-element-caption\"><span style=\"color: #000000;\" class=\"stk-highlight\"><em>Lempi\u00adkuoro ja Nome-jousiyhtye 7.9.2023 Rita\u00adri\u00adhuo\u00adneella Vuoro\u00adpu\u00adhelua-konser\u00adtissa<\/em> <em>(Photo: Pyry Kantonen)<\/em><\/span><\/figcaption><\/figure>","protected":false},"excerpt":{"rendered":"<p>Lempikuoro on kokeneiden laulajien syksyll\u00e4 2019 perustama helsinkil\u00e4inen sekakuoro, jonka taiteellisena johtajana toimii Julia Lainema. Lempikuoron ytimess\u00e4 on korkeatasoinen laulu, musiikin tekemisen riemu, uusien esitystapojen utelias tutkiminen ja l\u00e4mmin yhteis\u00f6llisyys. Kuoron ohjelmisto rakentuu laaja-alaisesti klassisesta kuoromusiikista renessanssista nykyp\u00e4iv\u00e4\u00e4n, ja se on tehnyt ennakkoluulottomasti yhteisty\u00f6t\u00e4 monenlaisten kuorojen, artistien ja s\u00e4velt\u00e4jien kanssa. Lempikuoron kunnianhimoinen tavoite on tarjota [&hellip;]<\/p>\n","protected":false},"author":1,"featured_media":0,"parent":0,"menu_order":0,"comment_status":"closed","ping_status":"closed","template":"","meta":{"_editorskit_title_hidden":true,"_editorskit_reading_time":1,"_editorskit_is_block_options_detached":false,"_editorskit_block_options_position":"{}","_coblocks_attr":"","_coblocks_dimensions":"","_coblocks_responsive_height":"","_coblocks_accordion_ie_support":"","wp_typography_post_enhancements_disabled":false,"_monsterinsights_skip_tracking":false,"_monsterinsights_sitenote_active":false,"_monsterinsights_sitenote_note":"","_monsterinsights_sitenote_category":0,"cybocfi_hide_featured_image":""},"featured_image_urls_v2":{"full":"","thumbnail":"","medium":"","medium_large":"","large":"","1536x1536":"","2048x2048":"","trp-custom-language-flag":"","ab-block-post-grid-landscape":"","ab-block-post-grid-square":"","ultp_layout_landscape_large":"","ultp_layout_landscape":"","ultp_layout_portrait":"","ultp_layout_square":"","post-thumbnail":"","twentytwenty-fullscreen":"","woocommerce_thumbnail":"","woocommerce_single":"","woocommerce_gallery_thumbnail":""},"post_excerpt_stackable_v2":"<p>Lempikuoron ja Janne Masalinin yhteiskonsertti Yhdess\u00e4 olemme 7.10.2021 (Valokuva: Tuomas Aro) Lempikuoro on kokeneiden laulajien syksyll\u00e4 2019 perustama helsinkil\u00e4inen sekakuoro, jonka taiteellisena johtajana toimii Julia Lainema. Lempikuoron ytimess\u00e4 on korkeatasoinen laulu, musiikin tekemisen riemu, uusien esitystapojen utelias tutkiminen ja l\u00e4mmin yhteis\u00f6llisyys. Kuoron ohjelmisto rakentuu laaja-alaisesti klassisesta kuoromusiikista renessanssista nykyp\u00e4iv\u00e4\u00e4n, ja se on tehnyt ennakkoluulottomasti yhteisty\u00f6t\u00e4 monenlaisten kuorojen, artistien ja s\u00e4velt\u00e4jien kanssa. Lempikuoron kunnianhimoinen tavoite on tarjota kuulijoilleen syk\u00e4hdytt\u00e4vi\u00e4, yll\u00e4tt\u00e4vi\u00e4 ja mieleenpainuvia musiikillisia el\u00e4myksi\u00e4. Lempikuorossa laulaa noin 40 innokasta kuorolaista, niin musiikin ammattilaisia kuin kokeneita harrastajia. Lempikuoro haluaa edist\u00e4\u00e4 yhdenvertaisuutta kuoromaailmassa. Kuoro pyrkii luomaan sek\u00e4 omaan yhteis\u00f6\u00f6ns\u00e4 ett\u00e4 kuoron tapahtumissa sellaista&hellip;<\/p>\n","category_list_v2":"","author_info_v2":{"name":"admin","url":"https:\/\/www.lempikuoro.fi\/en\/author\/admin\/"},"comments_num_v2":"0 comments","yoast_head":"<!-- This site is optimized with the Yoast SEO plugin v21.5 - https:\/\/yoast.com\/wordpress\/plugins\/seo\/ -->\n<title>KUOROSTA - Lempikuoro<\/title>\n<meta name=\"description\" content=\"Lempikuoro on syksyll\u00e4 2019 perustettu ihana ja veike\u00e4 helsinkil\u00e4inen sekakuoro, jonka taiteellisena johtajana toimii Julia Lainema. Lempin keski\u00f6ss\u00e4 on rakkaus kuoroel\u00e4m\u00e4\u00e4n, yhdess\u00e4 tekemisen riemu ja t\u00e4m\u00e4n kiintymyksen ulottaminen kuoromusiikin ja eri tunnelmien v\u00e4lityksell\u00e4 muille.\" \/>\n<meta name=\"robots\" content=\"index, follow, max-snippet:-1, max-image-preview:large, max-video-preview:-1\" \/>\n<link rel=\"canonical\" href=\"https:\/\/www.lempikuoro.fi\/en\/kuorosta\/\" \/>\n<meta property=\"og:locale\" content=\"en_GB\" \/>\n<meta property=\"og:type\" content=\"article\" \/>\n<meta property=\"og:title\" content=\"KUOROSTA - Lempikuoro\" \/>\n<meta property=\"og:description\" content=\"Lempikuoro on syksyll\u00e4 2019 perustettu ihana ja veike\u00e4 helsinkil\u00e4inen sekakuoro, jonka taiteellisena johtajana toimii Julia Lainema. Lempin keski\u00f6ss\u00e4 on rakkaus kuoroel\u00e4m\u00e4\u00e4n, yhdess\u00e4 tekemisen riemu ja t\u00e4m\u00e4n kiintymyksen ulottaminen kuoromusiikin ja eri tunnelmien v\u00e4lityksell\u00e4 muille.\" \/>\n<meta property=\"og:url\" content=\"https:\/\/www.lempikuoro.fi\/en\/kuorosta\/\" \/>\n<meta property=\"og:site_name\" content=\"Lempikuoro\" \/>\n<meta property=\"article:publisher\" content=\"https:\/\/www.facebook.com\/lempikuoro\" \/>\n<meta property=\"article:modified_time\" content=\"2024-04-17T09:53:14+00:00\" \/>\n<meta property=\"og:image\" content=\"https:\/\/www.lempikuoro.fi\/wp-content\/uploads\/2022\/01\/DSCF2525-1000x667.jpg\" \/>\n<meta name=\"twitter:card\" content=\"summary_large_image\" \/>\n<meta name=\"twitter:label1\" content=\"Estimated reading time\" \/>\n\t<meta name=\"twitter:data1\" content=\"2 minutes\" \/>\n<script type=\"application\/ld+json\" class=\"yoast-schema-graph\">{\"@context\":\"https:\/\/schema.org\",\"@graph\":[{\"@type\":\"WebPage\",\"@id\":\"https:\/\/www.lempikuoro.fi\/kuorosta\/\",\"url\":\"https:\/\/www.lempikuoro.fi\/kuorosta\/\",\"name\":\"KUOROSTA - Lempikuoro\",\"isPartOf\":{\"@id\":\"https:\/\/www.lempikuoro.fi\/#website\"},\"datePublished\":\"2020-10-04T19:05:28+00:00\",\"dateModified\":\"2024-04-17T09:53:14+00:00\",\"description\":\"Lempikuoro on syksyll\u00e4 2019 perustettu ihana ja veike\u00e4 helsinkil\u00e4inen sekakuoro, jonka taiteellisena johtajana toimii Julia Lainema. Lempin keski\u00f6ss\u00e4 on rakkaus kuoroel\u00e4m\u00e4\u00e4n, yhdess\u00e4 tekemisen riemu ja t\u00e4m\u00e4n kiintymyksen ulottaminen kuoromusiikin ja eri tunnelmien v\u00e4lityksell\u00e4 muille.\",\"breadcrumb\":{\"@id\":\"https:\/\/www.lempikuoro.fi\/kuorosta\/#breadcrumb\"},\"inLanguage\":\"en-GB\",\"potentialAction\":[{\"@type\":\"ReadAction\",\"target\":[\"https:\/\/www.lempikuoro.fi\/kuorosta\/\"]}]},{\"@type\":\"BreadcrumbList\",\"@id\":\"https:\/\/www.lempikuoro.fi\/kuorosta\/#breadcrumb\",\"itemListElement\":[{\"@type\":\"ListItem\",\"position\":1,\"name\":\"Home\",\"item\":\"https:\/\/www.lempikuoro.fi\/\"},{\"@type\":\"ListItem\",\"position\":2,\"name\":\"KUOROSTA\"}]},{\"@type\":\"WebSite\",\"@id\":\"https:\/\/www.lempikuoro.fi\/#website\",\"url\":\"https:\/\/www.lempikuoro.fi\/\",\"name\":\"Lempikuoro\",\"description\":\"\",\"publisher\":{\"@id\":\"https:\/\/www.lempikuoro.fi\/#organization\"},\"potentialAction\":[{\"@type\":\"SearchAction\",\"target\":{\"@type\":\"EntryPoint\",\"urlTemplate\":\"https:\/\/www.lempikuoro.fi\/?s={search_term_string}\"},\"query-input\":\"required name=search_term_string\"}],\"inLanguage\":\"en-GB\"},{\"@type\":\"Organization\",\"@id\":\"https:\/\/www.lempikuoro.fi\/#organization\",\"name\":\"Lempikuoro\",\"url\":\"https:\/\/www.lempikuoro.fi\/\",\"logo\":{\"@type\":\"ImageObject\",\"inLanguage\":\"en-GB\",\"@id\":\"https:\/\/www.lempikuoro.fi\/#\/schema\/logo\/image\/\",\"url\":\"https:\/\/www.lempikuoro.fi\/wp-content\/uploads\/2020\/10\/Lempilogo_mustavalko2-scaled.jpeg\",\"contentUrl\":\"https:\/\/www.lempikuoro.fi\/wp-content\/uploads\/2020\/10\/Lempilogo_mustavalko2-scaled.jpeg\",\"width\":2560,\"height\":1810,\"caption\":\"Lempikuoro\"},\"image\":{\"@id\":\"https:\/\/www.lempikuoro.fi\/#\/schema\/logo\/image\/\"},\"sameAs\":[\"https:\/\/www.facebook.com\/lempikuoro\",\"https:\/\/www.instagram.com\/lempikuoro\/\",\"https:\/\/www.youtube.com\/channel\/UCm_CS0Ua7SgpTTpxF7Q91dQ\"]}]}<\/script>\n<!-- \/ Yoast SEO plugin. -->","yoast_head_json":{"title":"KUOROSTA \u2014 Lempikuoro","description":"Lempi\u00adkuoro on syksyll\u00e4 2019 perus\u00adtettu ihana ja veike\u00e4 helsin\u00adki\u00adl\u00e4inen seka\u00adkuoro, jonka taiteel\u00adli\u00adsena johta\u00adjana toimii Julia Lainema. Lempin keski\u00f6ss\u00e4 on rakkaus kuoroe\u00adl\u00e4\u00adm\u00e4\u00e4n, yhdess\u00e4 teke\u00admisen riemu ja t\u00e4m\u00e4n kiin\u00adty\u00admyksen ulot\u00adta\u00adminen kuoro\u00admusiikin ja eri tunnel\u00admien v\u00e4li\u00adtyk\u00adsell\u00e4 muille.","robots":{"index":"index","follow":"follow","max-snippet":"max-snippet:-1","max-image-preview":"max-image-preview:large","max-video-preview":"max-video-preview:-1"},"canonical":"https:\/\/www.lempikuoro.fi\/en\/kuorosta\/","og_locale":"en_GB","og_type":"article","og_title":"KUOROSTA - Lempikuoro","og_description":"Lempikuoro on syksyll\u00e4 2019 perustettu ihana ja veike\u00e4 helsinkil\u00e4inen sekakuoro, jonka taiteellisena johtajana toimii Julia Lainema. Lempin keski\u00f6ss\u00e4 on rakkaus kuoroel\u00e4m\u00e4\u00e4n, yhdess\u00e4 tekemisen riemu ja t\u00e4m\u00e4n kiintymyksen ulottaminen kuoromusiikin ja eri tunnelmien v\u00e4lityksell\u00e4 muille.","og_url":"https:\/\/www.lempikuoro.fi\/en\/kuorosta\/","og_site_name":"Lempikuoro","article_publisher":"https:\/\/www.facebook.com\/lempikuoro","article_modified_time":"2024-04-17T09:53:14+00:00","og_image":[{"url":"https:\/\/www.lempikuoro.fi\/wp-content\/uploads\/2022\/01\/DSCF2525-1000x667.jpg"}],"twitter_card":"summary_large_image","twitter_misc":{"Estimated reading time":"2 minutes"},"schema":{"@context":"https:\/\/schema.org","@graph":[{"@type":"WebPage","@id":"https:\/\/www.lempikuoro.fi\/kuorosta\/","url":"https:\/\/www.lempikuoro.fi\/kuorosta\/","name":"KUOROSTA \u2014 Lempikuoro","isPartOf":{"@id":"https:\/\/www.lempikuoro.fi\/#website"},"datePublished":"2020-10-04T19:05:28+00:00","dateModified":"2024-04-17T09:53:14+00:00","description":"Lempi\u00adkuoro on syksyll\u00e4 2019 perus\u00adtettu ihana ja veike\u00e4 helsin\u00adki\u00adl\u00e4inen seka\u00adkuoro, jonka taiteel\u00adli\u00adsena johta\u00adjana toimii Julia Lainema. Lempin keski\u00f6ss\u00e4 on rakkaus kuoroe\u00adl\u00e4\u00adm\u00e4\u00e4n, yhdess\u00e4 teke\u00admisen riemu ja t\u00e4m\u00e4n kiin\u00adty\u00admyksen ulot\u00adta\u00adminen kuoro\u00admusiikin ja eri tunnel\u00admien v\u00e4li\u00adtyk\u00adsell\u00e4 muille.","breadcrumb":{"@id":"https:\/\/www.lempikuoro.fi\/kuorosta\/#breadcrumb"},"inLanguage":"en-GB","potentialAction":[{"@type":"ReadAction","target":["https:\/\/www.lempikuoro.fi\/kuorosta\/"]}]},{"@type":"BreadcrumbList","@id":"https:\/\/www.lempikuoro.fi\/kuorosta\/#breadcrumb","itemListElement":[{"@type":"ListItem","position":1,"name":"Home","item":"https:\/\/www.lempikuoro.fi\/"},{"@type":"ListItem","position":2,"name":"KUOROSTA"}]},{"@type":"WebSite","@id":"https:\/\/www.lempikuoro.fi\/#website","url":"https:\/\/www.lempikuoro.fi\/","name":"Lempi\u00adkuoro","description":"","publisher":{"@id":"https:\/\/www.lempikuoro.fi\/#organization"},"potentialAction":[{"@type":"SearchAction","target":{"@type":"EntryPoint","urlTemplate":"https:\/\/www.lempikuoro.fi\/?s={search_term_string}"},"query-input":"required name=search_term_string"}],"inLanguage":"en-GB"},{"@type":"Organization","@id":"https:\/\/www.lempikuoro.fi\/#organization","name":"Lempi\u00adkuoro","url":"https:\/\/www.lempikuoro.fi\/","logo":{"@type":"ImageObject","inLanguage":"en-GB","@id":"https:\/\/www.lempikuoro.fi\/#\/schema\/logo\/image\/","url":"https:\/\/www.lempikuoro.fi\/wp-content\/uploads\/2020\/10\/Lempilogo_mustavalko2-scaled.jpeg","contentUrl":"https:\/\/www.lempikuoro.fi\/wp-content\/uploads\/2020\/10\/Lempilogo_mustavalko2-scaled.jpeg","width":2560,"height":1810,"caption":"Lempikuoro"},"image":{"@id":"https:\/\/www.lempikuoro.fi\/#\/schema\/logo\/image\/"},"sameAs":["https:\/\/www.facebook.com\/lempikuoro","https:\/\/www.instagram.com\/lempikuoro\/","https:\/\/www.youtube.com\/channel\/UCm_CS0Ua7SgpTTpxF7Q91dQ"]}]}},"featured_image_src":null,"featured_image_src_square":null,"_links":{"self":[{"href":"https:\/\/www.lempikuoro.fi\/en\/wp-json\/wp\/v2\/pages\/89"}],"collection":[{"href":"https:\/\/www.lempikuoro.fi\/en\/wp-json\/wp\/v2\/pages"}],"about":[{"href":"https:\/\/www.lempikuoro.fi\/en\/wp-json\/wp\/v2\/types\/page"}],"author":[{"embeddable":true,"href":"https:\/\/www.lempikuoro.fi\/en\/wp-json\/wp\/v2\/users\/1"}],"replies":[{"embeddable":true,"href":"https:\/\/www.lempikuoro.fi\/en\/wp-json\/wp\/v2\/comments?post=89"}],"version-history":[{"count":53,"href":"https:\/\/www.lempikuoro.fi\/en\/wp-json\/wp\/v2\/pages\/89\/revisions"}],"predecessor-version":[{"id":2755,"href":"https:\/\/www.lempikuoro.fi\/en\/wp-json\/wp\/v2\/pages\/89\/revisions\/2755"}],"wp:attachment":[{"href":"https:\/\/www.lempikuoro.fi\/en\/wp-json\/wp\/v2\/media?parent=89"}],"curies":[{"name":"wp","href":"https:\/\/api.w.org\/{rel}","templated":true}]}}