{"id":875,"date":"2020-11-24T10:28:11","date_gmt":"2020-11-24T08:28:11","guid":{"rendered":"https:\/\/www.lempikuoro.fi\/?page_id=875"},"modified":"2020-12-15T23:36:10","modified_gmt":"2020-12-15T21:36:10","slug":"uusi-sointu-eng","status":"publish","type":"page","link":"https:\/\/www.lempikuoro.fi\/en\/konsertit\/uusi-sointu-eng\/","title":{"rendered":"Uusi sointu \/&nbsp;ENG"},"content":{"rendered":"<figure class=\"wp-block-embed-youtube wp-block-embed is-type-video is-provider-youtube wp-embed-aspect-16-9 wp-has-aspect-ratio\"><div class=\"wp-block-embed__wrapper\">\n<iframe loading=\"lazy\" title=\"Uusi sointu \/ Concert premiere \/ Lempikuoro\" width=\"580\" height=\"326\" src=\"https:\/\/www.youtube.com\/embed\/ERZ8yvt7rpk?feature=oembed\" frameborder=\"0\" allow=\"accelerometer; autoplay; clipboard-write; encrypted-media; gyroscope; picture-in-picture\" allowfullscreen><\/iframe>\n<\/div><\/figure>\n\n\n\n<p class=\"has-text-align-center has-background\" style=\"background-color:#fbe8ee\"><strong>\n<a class=\"ek-link ek-link\" target=\"_blank\" href=\"https:\/\/youtu.be\/ERZ8yvt7rpk\" rel=\"noopener noreferrer\">CONCERT LINK<\/a><br><br>\n<a class=\"ek-link ek-link\" target=\"_blank\" href=\"https:\/\/www.lempikuoro.fi\/en\/uusi-sointu_concert-programme\/\" rel=\"noopener noreferrer\">Programme booklet (PDF)<\/a><\/strong><\/p>\n\n\n\n<h3 class=\"has-text-align-center wp-block-heading\"><strong>ABOUT THE CONCERT<\/strong><\/h3>\n\n\n\n<p>Lempi\u00adkuoro, a newcomer in the Finnish choral scene, is fasci\u00adnated by sound fabrics that weave together in curious ways. We invite liste\u00adners near and far to tune in with us for a unique stream-concert expe\u00adrience, Uusi Sointu (Finnish for \u2018a new tone\u2019). Our debut concert consists of works from compo\u00adsers impor\u00adtant to the choir, e.g. Messiaen, Britten, Rauta\u00advaara and newer acquain\u00adtances such as Shaw, Wenn\u00e4\u00adkoski and Komu\u00adlainen. Lempichoir\u2019s conductor and artistic director is Julia Lainema.<br><br>The stream-concert is not only about corona safety, but also about the oppor\u00adtu\u00adnity to extend the joy of choral music further and to more liste\u00adners. Though an online expe\u00adrience does not cover all the elements of a live concert, it allows for new moods, pers\u00adpec\u00adtives and soundscapes. The programme serves delicious colours, fasci\u00adna\u00adting harmo\u00adnies and also current themes. The pieces move towards joy and freedom, from which a new begin\u00adning emerges, a new chord, \ud835\udc4e \ud835\udc5b\ud835\udc52\ud835\udc64&nbsp;\ud835\udc61\ud835\udc5c\ud835\udc5b\ud835\udc52.<\/p>\n\n\n\n<h3 class=\"has-text-align-center wp-block-heading\"><strong>WHEN<\/strong><\/h3>\n\n\n\n<p>The concert was premiered online on Thursday December 10th, 2020 and is <strong>avai\u00adlable until January 6th, 2021. <\/strong>The concert can be viewed above or behind the link: <a href=\"https:\/\/youtu.be\/ERZ8yvt7rpk\" class=\"ek-link\">https:\/\/youtu.be\/ERZ8yvt7rpk<\/a><\/p>\n\n\n\n<h3 class=\"has-text-align-center wp-block-heading\"><strong>HOW<\/strong><\/h3>\n\n\n\n<p>With the concert we aim to capture what is most precious and beloved in choral music: its moving power and presence. We want to ensure a fami\u00adliarly inti\u00admate concert expe\u00adrience while making the most of new online oppor\u00adtu\u00adni\u00adties:<br><br>\u2765 <strong>The concert is a profes\u00adsio\u00adnally edited audio\u00advi\u00adsual expe\u00adrience<\/strong> to enjoy solely between you and the choir. Light some candles, pour your\u00adself a glass of your favou\u00adrite drink and let the choral soundwaves carry you.<br><br>\u2765 <strong>Audio<\/strong>: We recom\u00admend you listen to the concert with the best possible sound system that enables surround sound, e.g. home theatre stereos. If you listen to the concert alone you could place a blue\u00adtooth speaker behind your neck so that it slightly touches the back of your head when leaning back. This gives space to the music.<br><br>\u2765 <strong>Video<\/strong>: The concert is a delicious visual expe\u00adrience, which is best enjoyed on a big computer or projector screen. Please use full-screen and make sure you have <strong>HD 1080px<\/strong> selected as your screen quality settings on YouTube.<br><br>\u2765 <strong>Programme<\/strong>: The programme booklet is avai\u00adlable to read and down\u00adload for free on our website <a aria-label=\"HERE (opens in a new tab)\" class=\"ek-link ek-link\" rel=\"noreferrer noopener\" href=\"https:\/\/www.lempikuoro.fi\/en\/uusi-sointu_concert-programme\/\" target=\"_blank\">here<\/a>. The programme booklet is mobile-opti\u00admised horizon\u00adtally, but can also be printed out.<\/p>\n\n\n\n<h3 class=\"has-text-align-center wp-block-heading\"><strong>HOW MUCH<\/strong><\/h3>\n\n\n\n<p>The concert and the accom\u00adpa\u00adnying programme leaflet are both avai\u00adlable free of charge. <strong>You are of course welcome to make a volun\u00adtary dona\u00adtion of your liking to support this aspi\u00adring choir. <\/strong>All support is greatly appreciated!<br><br><strong>For Finnish payments:<\/strong><br><br>\u2765 <strong>MOBI\u00adLEPAY:<\/strong><br>Lempikuoro\u2019s busi\u00adness number in Mobi\u00adlePay is <strong>32773<\/strong>. You input it simi\u00adlarly to any other telep\u00adhone number as the receiver.<br><br>\u2765 <strong>BANK ACCOUNT:<\/strong><br>Lempi\u00adkuoro ry<br>IBAN FI74 4730 0010 5396 32<br>BIC: POPFFI22<br>POP-pankki<br><br><strong>For inter\u00adna\u00adtional payments:<\/strong><br><br>\u2765 <strong>FINNISH BANK ACCOUNT:<\/strong><br>In favour of: Lempi\u00adkuoro ry<br>IBAN: FI74 4730 0010 5396 32<br>BIC: POPFFI22<br>POP-pank\u00adki\u00adBonum Bank Ltd, Hevo\u00adsen\u00adkenka 3, 02600 Espoo, Finland<br><br>\u2765 Please send a message to the choir on FB or info@lempikuoro.fi should you prefer to make a dona\u00adtion <strong>over any other type of inter\u00adna\u00adtional payment system<\/strong>, e.g. Revolut, Trans\u00adferwise or Swish. We will fix&nbsp;it!<\/p>\n\n\n\n<h4 class=\"has-text-align-center wp-block-heading\">A warm welcome to join this special concert with&nbsp;us!&nbsp;\u2728<\/h4>","protected":false},"excerpt":{"rendered":"<p>CONCERT LINK Programme booklet (PDF) ABOUT THE CONCERT Lempikuoro, a newcomer in the Finnish choral scene, is fascinated by sound fabrics that weave together in curious ways. We invite listeners near and far to tune in with us for a unique stream-concert experience, Uusi Sointu (Finnish for \u2018a new tone\u2019). Our debut concert consists of [&hellip;]<\/p>\n","protected":false},"author":2,"featured_media":0,"parent":543,"menu_order":0,"comment_status":"closed","ping_status":"closed","template":"","meta":{"_editorskit_title_hidden":true,"_editorskit_reading_time":2,"_editorskit_is_block_options_detached":false,"_editorskit_block_options_position":"{}","_coblocks_attr":"","_coblocks_dimensions":"","_coblocks_responsive_height":"","_coblocks_accordion_ie_support":"","wp_typography_post_enhancements_disabled":false,"_monsterinsights_skip_tracking":false,"_monsterinsights_sitenote_active":false,"_monsterinsights_sitenote_note":"","_monsterinsights_sitenote_category":0,"cybocfi_hide_featured_image":""},"featured_image_urls_v2":{"full":"","thumbnail":"","medium":"","medium_large":"","large":"","1536x1536":"","2048x2048":"","trp-custom-language-flag":"","ab-block-post-grid-landscape":"","ab-block-post-grid-square":"","ultp_layout_landscape_large":"","ultp_layout_landscape":"","ultp_layout_portrait":"","ultp_layout_square":"","post-thumbnail":"","twentytwenty-fullscreen":"","woocommerce_thumbnail":"","woocommerce_single":"","woocommerce_gallery_thumbnail":""},"post_excerpt_stackable_v2":"<p>CONCERT LINK Programme booklet (PDF) ABOUT THE CONCERT Lempikuoro, a newcomer in the Finnish choral scene, is fascinated by sound fabrics that weave together in curious ways. We invite listeners near and far to tune in with us for a unique stream-concert experience, Uusi Sointu (Finnish for \u2018a new tone\u2019). Our debut concert consists of works from composers important to the choir, e.g. Messiaen, Britten, Rautavaara and newer acquaintances such as Shaw, Wenn\u00e4koski and Komulainen. Lempichoir&#8217;s conductor and artistic director is Julia Lainema.The stream-concert is not only about corona safety, but also about the opportunity to extend the joy of&hellip;<\/p>\n","category_list_v2":"","author_info_v2":{"name":"Elissa Shaw","url":"https:\/\/www.lempikuoro.fi\/en\/author\/elissa\/"},"comments_num_v2":"0 comments","yoast_head":"<!-- This site is optimized with the Yoast SEO plugin v21.5 - https:\/\/yoast.com\/wordpress\/plugins\/seo\/ -->\n<title>Uusi sointu \/ ENG - Lempikuoro<\/title>\n<meta name=\"description\" content=\"Olemme tuore, syksyll\u00e4 2019 perustettu helsinkil\u00e4inen sekakuoro, jonka taiteellisena johtajana toimii Julia Lainema. Lempin keski\u00f6ss\u00e4 on rakkaus kuoroel\u00e4m\u00e4\u00e4n, yhdess\u00e4 tekemisen riemu ja t\u00e4m\u00e4n kiintymyksen ulottaminen kuoromusiikin ja eri tunnelmien v\u00e4lityksell\u00e4 muille. Ohjelmistomme rakentuu laaja-alaisesti klassisesta kuoromusiikista renessanssista nykyp\u00e4iv\u00e4\u00e4n, joskin poikkeamme mieluusti v\u00e4lill\u00e4 my\u00f6s kokeellisen ja populaarin puolella. Lempikuorossa laulaa 30 innokasta nuorta ja vanhempaa kuorolaista.\" \/>\n<meta name=\"robots\" content=\"index, follow, max-snippet:-1, max-image-preview:large, max-video-preview:-1\" \/>\n<link rel=\"canonical\" href=\"https:\/\/www.lempikuoro.fi\/en\/konsertit\/uusi-sointu-eng\/\" \/>\n<meta property=\"og:locale\" content=\"en_GB\" \/>\n<meta property=\"og:type\" content=\"article\" \/>\n<meta property=\"og:title\" content=\"Uusi sointu \/ ENG - Lempikuoro\" \/>\n<meta property=\"og:description\" content=\"Olemme tuore, syksyll\u00e4 2019 perustettu helsinkil\u00e4inen sekakuoro, jonka taiteellisena johtajana toimii Julia Lainema. Lempin keski\u00f6ss\u00e4 on rakkaus kuoroel\u00e4m\u00e4\u00e4n, yhdess\u00e4 tekemisen riemu ja t\u00e4m\u00e4n kiintymyksen ulottaminen kuoromusiikin ja eri tunnelmien v\u00e4lityksell\u00e4 muille. Ohjelmistomme rakentuu laaja-alaisesti klassisesta kuoromusiikista renessanssista nykyp\u00e4iv\u00e4\u00e4n, joskin poikkeamme mieluusti v\u00e4lill\u00e4 my\u00f6s kokeellisen ja populaarin puolella. Lempikuorossa laulaa 30 innokasta nuorta ja vanhempaa kuorolaista.\" \/>\n<meta property=\"og:url\" content=\"https:\/\/www.lempikuoro.fi\/en\/konsertit\/uusi-sointu-eng\/\" \/>\n<meta property=\"og:site_name\" content=\"Lempikuoro\" \/>\n<meta property=\"article:publisher\" content=\"https:\/\/www.facebook.com\/lempikuoro\" \/>\n<meta property=\"article:modified_time\" content=\"2020-12-15T21:36:10+00:00\" \/>\n<meta name=\"twitter:card\" content=\"summary_large_image\" \/>\n<meta name=\"twitter:label1\" content=\"Estimated reading time\" \/>\n\t<meta name=\"twitter:data1\" content=\"3 minutes\" \/>\n<script type=\"application\/ld+json\" class=\"yoast-schema-graph\">{\"@context\":\"https:\/\/schema.org\",\"@graph\":[{\"@type\":\"WebPage\",\"@id\":\"https:\/\/www.lempikuoro.fi\/konsertit\/uusi-sointu-eng\/\",\"url\":\"https:\/\/www.lempikuoro.fi\/konsertit\/uusi-sointu-eng\/\",\"name\":\"Uusi sointu \/ ENG - Lempikuoro\",\"isPartOf\":{\"@id\":\"https:\/\/www.lempikuoro.fi\/#website\"},\"datePublished\":\"2020-11-24T08:28:11+00:00\",\"dateModified\":\"2020-12-15T21:36:10+00:00\",\"description\":\"Olemme tuore, syksyll\u00e4 2019 perustettu helsinkil\u00e4inen sekakuoro, jonka taiteellisena johtajana toimii Julia Lainema. Lempin keski\u00f6ss\u00e4 on rakkaus kuoroel\u00e4m\u00e4\u00e4n, yhdess\u00e4 tekemisen riemu ja t\u00e4m\u00e4n kiintymyksen ulottaminen kuoromusiikin ja eri tunnelmien v\u00e4lityksell\u00e4 muille. Ohjelmistomme rakentuu laaja-alaisesti klassisesta kuoromusiikista renessanssista nykyp\u00e4iv\u00e4\u00e4n, joskin poikkeamme mieluusti v\u00e4lill\u00e4 my\u00f6s kokeellisen ja populaarin puolella. Lempikuorossa laulaa 30 innokasta nuorta ja vanhempaa kuorolaista.\",\"breadcrumb\":{\"@id\":\"https:\/\/www.lempikuoro.fi\/konsertit\/uusi-sointu-eng\/#breadcrumb\"},\"inLanguage\":\"en-GB\",\"potentialAction\":[{\"@type\":\"ReadAction\",\"target\":[\"https:\/\/www.lempikuoro.fi\/konsertit\/uusi-sointu-eng\/\"]}]},{\"@type\":\"BreadcrumbList\",\"@id\":\"https:\/\/www.lempikuoro.fi\/konsertit\/uusi-sointu-eng\/#breadcrumb\",\"itemListElement\":[{\"@type\":\"ListItem\",\"position\":1,\"name\":\"Home\",\"item\":\"https:\/\/www.lempikuoro.fi\/\"},{\"@type\":\"ListItem\",\"position\":2,\"name\":\"KONSERTIT\",\"item\":\"https:\/\/www.lempikuoro.fi\/konsertit\/\"},{\"@type\":\"ListItem\",\"position\":3,\"name\":\"Uusi sointu \/&nbsp;ENG\"}]},{\"@type\":\"WebSite\",\"@id\":\"https:\/\/www.lempikuoro.fi\/#website\",\"url\":\"https:\/\/www.lempikuoro.fi\/\",\"name\":\"Lempikuoro\",\"description\":\"\",\"publisher\":{\"@id\":\"https:\/\/www.lempikuoro.fi\/#organization\"},\"potentialAction\":[{\"@type\":\"SearchAction\",\"target\":{\"@type\":\"EntryPoint\",\"urlTemplate\":\"https:\/\/www.lempikuoro.fi\/?s={search_term_string}\"},\"query-input\":\"required name=search_term_string\"}],\"inLanguage\":\"en-GB\"},{\"@type\":\"Organization\",\"@id\":\"https:\/\/www.lempikuoro.fi\/#organization\",\"name\":\"Lempikuoro\",\"url\":\"https:\/\/www.lempikuoro.fi\/\",\"logo\":{\"@type\":\"ImageObject\",\"inLanguage\":\"en-GB\",\"@id\":\"https:\/\/www.lempikuoro.fi\/#\/schema\/logo\/image\/\",\"url\":\"https:\/\/www.lempikuoro.fi\/wp-content\/uploads\/2020\/10\/Lempilogo_mustavalko2-scaled.jpeg\",\"contentUrl\":\"https:\/\/www.lempikuoro.fi\/wp-content\/uploads\/2020\/10\/Lempilogo_mustavalko2-scaled.jpeg\",\"width\":2560,\"height\":1810,\"caption\":\"Lempikuoro\"},\"image\":{\"@id\":\"https:\/\/www.lempikuoro.fi\/#\/schema\/logo\/image\/\"},\"sameAs\":[\"https:\/\/www.facebook.com\/lempikuoro\",\"https:\/\/www.instagram.com\/lempikuoro\/\",\"https:\/\/www.youtube.com\/channel\/UCm_CS0Ua7SgpTTpxF7Q91dQ\"]}]}<\/script>\n<!-- \/ Yoast SEO plugin. -->","yoast_head_json":{"title":"Uusi sointu \/ ENG \u2014 Lempikuoro","description":"Olemme tuore, syksyll\u00e4 2019 perus\u00adtettu helsin\u00adki\u00adl\u00e4inen seka\u00adkuoro, jonka taiteel\u00adli\u00adsena johta\u00adjana toimii Julia Lainema. Lempin keski\u00f6ss\u00e4 on rakkaus kuoroe\u00adl\u00e4\u00adm\u00e4\u00e4n, yhdess\u00e4 teke\u00admisen riemu ja t\u00e4m\u00e4n kiin\u00adty\u00admyksen ulot\u00adta\u00adminen kuoro\u00admusiikin ja eri tunnel\u00admien v\u00e4li\u00adtyk\u00adsell\u00e4 muille. Ohjel\u00admis\u00adtomme rakentuu laaja-alai\u00adsesti klas\u00adsi\u00adsesta kuoro\u00admusii\u00adkista renes\u00adsans\u00adsista nyky\u00adp\u00e4i\u00adv\u00e4\u00e4n, joskin poik\u00adkeamme mieluusti v\u00e4lill\u00e4 my\u00f6s kokeel\u00adlisen ja popu\u00adlaarin puolella. Lempi\u00adkuo\u00adrossa laulaa 30 inno\u00adkasta nuorta ja vanhempaa kuorolaista.","robots":{"index":"index","follow":"follow","max-snippet":"max-snippet:-1","max-image-preview":"max-image-preview:large","max-video-preview":"max-video-preview:-1"},"canonical":"https:\/\/www.lempikuoro.fi\/en\/konsertit\/uusi-sointu-eng\/","og_locale":"en_GB","og_type":"article","og_title":"Uusi sointu \/ ENG - Lempikuoro","og_description":"Olemme tuore, syksyll\u00e4 2019 perustettu helsinkil\u00e4inen sekakuoro, jonka taiteellisena johtajana toimii Julia Lainema. Lempin keski\u00f6ss\u00e4 on rakkaus kuoroel\u00e4m\u00e4\u00e4n, yhdess\u00e4 tekemisen riemu ja t\u00e4m\u00e4n kiintymyksen ulottaminen kuoromusiikin ja eri tunnelmien v\u00e4lityksell\u00e4 muille. Ohjelmistomme rakentuu laaja-alaisesti klassisesta kuoromusiikista renessanssista nykyp\u00e4iv\u00e4\u00e4n, joskin poikkeamme mieluusti v\u00e4lill\u00e4 my\u00f6s kokeellisen ja populaarin puolella. Lempikuorossa laulaa 30 innokasta nuorta ja vanhempaa kuorolaista.","og_url":"https:\/\/www.lempikuoro.fi\/en\/konsertit\/uusi-sointu-eng\/","og_site_name":"Lempikuoro","article_publisher":"https:\/\/www.facebook.com\/lempikuoro","article_modified_time":"2020-12-15T21:36:10+00:00","twitter_card":"summary_large_image","twitter_misc":{"Estimated reading time":"3 minutes"},"schema":{"@context":"https:\/\/schema.org","@graph":[{"@type":"WebPage","@id":"https:\/\/www.lempikuoro.fi\/konsertit\/uusi-sointu-eng\/","url":"https:\/\/www.lempikuoro.fi\/konsertit\/uusi-sointu-eng\/","name":"Uusi sointu \/ ENG \u2014 Lempikuoro","isPartOf":{"@id":"https:\/\/www.lempikuoro.fi\/#website"},"datePublished":"2020-11-24T08:28:11+00:00","dateModified":"2020-12-15T21:36:10+00:00","description":"Olemme tuore, syksyll\u00e4 2019 perus\u00adtettu helsin\u00adki\u00adl\u00e4inen seka\u00adkuoro, jonka taiteel\u00adli\u00adsena johta\u00adjana toimii Julia Lainema. Lempin keski\u00f6ss\u00e4 on rakkaus kuoroe\u00adl\u00e4\u00adm\u00e4\u00e4n, yhdess\u00e4 teke\u00admisen riemu ja t\u00e4m\u00e4n kiin\u00adty\u00admyksen ulot\u00adta\u00adminen kuoro\u00admusiikin ja eri tunnel\u00admien v\u00e4li\u00adtyk\u00adsell\u00e4 muille. Ohjel\u00admis\u00adtomme rakentuu laaja-alai\u00adsesti klas\u00adsi\u00adsesta kuoro\u00admusii\u00adkista renes\u00adsans\u00adsista nyky\u00adp\u00e4i\u00adv\u00e4\u00e4n, joskin poik\u00adkeamme mieluusti v\u00e4lill\u00e4 my\u00f6s kokeel\u00adlisen ja popu\u00adlaarin puolella. Lempi\u00adkuo\u00adrossa laulaa 30 inno\u00adkasta nuorta ja vanhempaa kuorolaista.","breadcrumb":{"@id":"https:\/\/www.lempikuoro.fi\/konsertit\/uusi-sointu-eng\/#breadcrumb"},"inLanguage":"en-GB","potentialAction":[{"@type":"ReadAction","target":["https:\/\/www.lempikuoro.fi\/konsertit\/uusi-sointu-eng\/"]}]},{"@type":"BreadcrumbList","@id":"https:\/\/www.lempikuoro.fi\/konsertit\/uusi-sointu-eng\/#breadcrumb","itemListElement":[{"@type":"ListItem","position":1,"name":"Home","item":"https:\/\/www.lempikuoro.fi\/"},{"@type":"ListItem","position":2,"name":"KONSERTIT","item":"https:\/\/www.lempikuoro.fi\/konsertit\/"},{"@type":"ListItem","position":3,"name":"Uusi sointu \/&nbsp;ENG"}]},{"@type":"WebSite","@id":"https:\/\/www.lempikuoro.fi\/#website","url":"https:\/\/www.lempikuoro.fi\/","name":"Lempi\u00adkuoro","description":"","publisher":{"@id":"https:\/\/www.lempikuoro.fi\/#organization"},"potentialAction":[{"@type":"SearchAction","target":{"@type":"EntryPoint","urlTemplate":"https:\/\/www.lempikuoro.fi\/?s={search_term_string}"},"query-input":"required name=search_term_string"}],"inLanguage":"en-GB"},{"@type":"Organization","@id":"https:\/\/www.lempikuoro.fi\/#organization","name":"Lempi\u00adkuoro","url":"https:\/\/www.lempikuoro.fi\/","logo":{"@type":"ImageObject","inLanguage":"en-GB","@id":"https:\/\/www.lempikuoro.fi\/#\/schema\/logo\/image\/","url":"https:\/\/www.lempikuoro.fi\/wp-content\/uploads\/2020\/10\/Lempilogo_mustavalko2-scaled.jpeg","contentUrl":"https:\/\/www.lempikuoro.fi\/wp-content\/uploads\/2020\/10\/Lempilogo_mustavalko2-scaled.jpeg","width":2560,"height":1810,"caption":"Lempikuoro"},"image":{"@id":"https:\/\/www.lempikuoro.fi\/#\/schema\/logo\/image\/"},"sameAs":["https:\/\/www.facebook.com\/lempikuoro","https:\/\/www.instagram.com\/lempikuoro\/","https:\/\/www.youtube.com\/channel\/UCm_CS0Ua7SgpTTpxF7Q91dQ"]}]}},"featured_image_src":null,"featured_image_src_square":null,"_links":{"self":[{"href":"https:\/\/www.lempikuoro.fi\/en\/wp-json\/wp\/v2\/pages\/875"}],"collection":[{"href":"https:\/\/www.lempikuoro.fi\/en\/wp-json\/wp\/v2\/pages"}],"about":[{"href":"https:\/\/www.lempikuoro.fi\/en\/wp-json\/wp\/v2\/types\/page"}],"author":[{"embeddable":true,"href":"https:\/\/www.lempikuoro.fi\/en\/wp-json\/wp\/v2\/users\/2"}],"replies":[{"embeddable":true,"href":"https:\/\/www.lempikuoro.fi\/en\/wp-json\/wp\/v2\/comments?post=875"}],"version-history":[{"count":21,"href":"https:\/\/www.lempikuoro.fi\/en\/wp-json\/wp\/v2\/pages\/875\/revisions"}],"predecessor-version":[{"id":1046,"href":"https:\/\/www.lempikuoro.fi\/en\/wp-json\/wp\/v2\/pages\/875\/revisions\/1046"}],"up":[{"embeddable":true,"href":"https:\/\/www.lempikuoro.fi\/en\/wp-json\/wp\/v2\/pages\/543"}],"wp:attachment":[{"href":"https:\/\/www.lempikuoro.fi\/en\/wp-json\/wp\/v2\/media?parent=875"}],"curies":[{"name":"wp","href":"https:\/\/api.w.org\/{rel}","templated":true}]}}