{"id":851,"date":"2020-11-21T18:24:45","date_gmt":"2020-11-21T16:24:45","guid":{"rendered":"https:\/\/www.lempikuoro.fi\/?page_id=851"},"modified":"2020-12-15T23:26:25","modified_gmt":"2020-12-15T21:26:25","slug":"uusi-sointu","status":"publish","type":"page","link":"https:\/\/www.lempikuoro.fi\/en\/konsertit\/uusi-sointu\/","title":{"rendered":"Uusi sointu"},"content":{"rendered":"<p class=\"has-text-align-center has-background\" style=\"background-color:#fbe8ee\"><strong><a class=\"ek-link ek-link\" href=\"https:\/\/www.lempikuoro.fi\/en\/konsertit\/uusi-sointu-eng\/\">Visit the concert page in English<\/a><\/strong><\/p>\n\n\n\n<figure class=\"wp-block-embed-youtube wp-block-embed is-type-video is-provider-youtube wp-embed-aspect-16-9 wp-has-aspect-ratio\"><div class=\"wp-block-embed__wrapper\">\n<iframe loading=\"lazy\" title=\"Uusi sointu \/ Concert premiere \/ Lempikuoro\" width=\"580\" height=\"326\" src=\"https:\/\/www.youtube.com\/embed\/ERZ8yvt7rpk?feature=oembed\" frameborder=\"0\" allow=\"accelerometer; autoplay; clipboard-write; encrypted-media; gyroscope; picture-in-picture\" allowfullscreen><\/iframe>\n<\/div><\/figure>\n\n\n\n<p class=\"has-text-align-center has-background\" style=\"background-color:#fbe8ee\"><strong>\n<a class=\"ek-link ek-link\" target=\"_blank\" href=\"https:\/\/youtu.be\/ERZ8yvt7rpk\" rel=\"noopener noreferrer\">KONSERT\u00adTI\u00adLINKKI<\/a><br><br>\n<a class=\"ek-link ek-link\" target=\"_blank\" href=\"https:\/\/youtu.be\/1ZL5PChwdg0\" rel=\"noopener noreferrer\">Linkki j\u00e4lki\u00adju\u00adtus\u00adte\u00adluun<\/a><br><br>\n<a class=\"ek-link ek-link\" target=\"_blank\" href=\"https:\/\/www.lempikuoro.fi\/en\/uusi-sointu_ka%CC%88siohjelma\/\" rel=\"noopener noreferrer\">K\u00e4sioh\u00adjelma (PDF)<\/a><\/strong><\/p>\n\n\n\n<h3 class=\"has-text-align-center wp-block-heading\"><strong>KONSERTISTA<\/strong><\/h3>\n\n\n\n<p>Lempe\u00e4, l\u00e4mp\u00f6\u00e4, sieluissa soivaa musiikkia! Lempi\u00adkuoron ensi\u00adkon\u00adsertti koostuu kuorolle t\u00e4rkeiden s\u00e4vel\u00adt\u00e4\u00adjien teok\u00adsista, joiden laula\u00admi\u00adsesta kuoro\u00adlaiset erityi\u00adsesti naut\u00adtivat. Konser\u00adtissa kuul\u00adlaan muun muassa Messiaenia, Brit\u00adteni\u00e4 ja Rauta\u00advaaraa sek\u00e4 uudempia tutta\u00advuuksia, kuten Shaw\u2019ta, Wenn\u00e4\u00adkoskea ja Komu\u00adlaista.<br><br>Stream-muotoi\u00adsessa ensi\u00adkon\u00adser\u00adtis\u00adsamme ei ole kyse ainoas\u00adtaan turval\u00adli\u00adsuu\u00addesta, vaan my\u00f6s mahdol\u00adli\u00adsuu\u00addesta ulottaa musiikin ilo yh\u00e4 kauemmas ja useam\u00admalle. Vaikka jaettu online-el\u00e4mys ei kata kaikkia live\u00adkon\u00adsertin element\u00adtej\u00e4, antaa se mahdol\u00adli\u00adsuuden uusiin tunnel\u00admiin, n\u00e4k\u00f6\u00adkul\u00admiin ja kuulo\u00adku\u00adviin. Konsertin ohjel\u00admisto tarjoilee herkul\u00adlisia v\u00e4rej\u00e4, kieh\u00adtovia harmo\u00adnioita sek\u00e4 puhut\u00adte\u00adlevan ajan\u00adkoh\u00adtaisia teemoja. Teokset kuljet\u00adtavat kohti iloa ja vapautta, josta kumpuaa uusi alku: \ud835\udc62\ud835\udc62\ud835\udc60\ud835\udc56 \ud835\udc60\ud835\udc5c\ud835\udc56\ud835\udc5b\ud835\udc61\ud835\udc62.<\/p>\n\n\n\n<h3 class=\"has-text-align-center wp-block-heading\"><strong>MILLOIN<\/strong><\/h3>\n\n\n\n<p>Konsertin ensi-ilta pidet\u00adtiin tors\u00adtaina 10.12.2020, mutta tallenne on kuun\u00adnel\u00adta\u00advissa  YouTu\u00adbessa aina loppiai\u00adseen eli 6.1.2021 asti. Konsertin n\u00e4et ylt\u00e4 tai t\u00e4st\u00e4 linkist\u00e4: <a aria-label=\"https:\/\/youtu.be\/ERZ8yvt7rpk (opens in a new tab)\" rel=\"noreferrer noopener\" href=\"https:\/\/youtu.be\/ERZ8yvt7rpk\" target=\"_blank\" class=\"ek-link\">https:\/\/youtu.be\/ERZ8yvt7rpk<\/a><\/p>\n\n\n\n<h3 class=\"has-text-align-center wp-block-heading\"><strong>MITEN<\/strong><\/h3>\n\n\n\n<p>Lempi\u00adkuoro tavoit\u00adtelee Uusi sointu \u2011konser\u00adtil\u00adlaan sit\u00e4, mik\u00e4 kuoro\u00admusii\u00adkissa on kauneinta: l\u00e4sn\u00e4\u00adoloa ja kosket\u00adta\u00advuutta. Haluamme konsert\u00adti\u00adkon\u00adsep\u00adtil\u00adlamme sek\u00e4 luoda tuttua konsert\u00adti\u00adtun\u00adnelmaa ett\u00e4 hy\u00f6dynt\u00e4\u00e4 uusia online-mahdol\u00adli\u00adsuuksia.<br><br>\u2765  <strong>Konsertti on editoitu audio\u00advi\u00adsu\u00adaa\u00adlinen el\u00e4mys<\/strong>, jonka saa t\u00e4ydell\u00e4 ruudulla rauhoi\u00adtettua vain sinun ja kuoron v\u00e4li\u00adseksi koke\u00admuk\u00adseksi. Laita kynt\u00adti\u00adl\u00f6it\u00e4 pala\u00admaan, kaada itsel\u00adlesi lasi lempi\u00adjuo\u00admaasi ja anna kuoro\u00admusiikin vied\u00e4. <br><br>\u2765  <strong>\u00c4\u00e4ni: <\/strong>Suosit\u00adte\u00adlemme konsertin kuun\u00adte\u00adle\u00admista mahdol\u00adli\u00adsimman hyv\u00e4ll\u00e4 \u00e4\u00e4nen\u00adtois\u00adtolla. Esim. koti\u00adteat\u00adterin kaiut\u00adti\u00admilla musiikin saa kuulu\u00admaan eri suun\u00adnista. Jos kuun\u00adtelet konsertin yksin, voit my\u00f6s asettaa pienen blue\u00adtooth-kaiut\u00adtimen p\u00e4\u00e4si taakse esim. sohvan selk\u00e4\u00adno\u00adjalle niin, ett\u00e4 se osuu taka\u00adrai\u00advoosi. Se antaa musii\u00adkille tilan tuntua.<br><br>\u2765  <strong>Kuva: <\/strong>Konsertti on hieno audio\u00advi\u00adsu\u00adaa\u00adlinen el\u00e4mys. Toivomme, ett\u00e4 katsot sen mahdol\u00adli\u00adsimman suurelta n\u00e4yt\u00f6lt\u00e4 ja koko n\u00e4yt\u00f6n (full-screen) asetuk\u00adsilla. <em>HUOM! <\/em>Vaihda YouTuben asetuk\u00adsista n\u00e4yt\u00f6n tark\u00adkuu\u00addeksi <strong>HD 1080px<\/strong> parhaan mahdol\u00adlisen kuvan\u00adlaadun takaa\u00admi\u00adseksi. <br><br>\u2765  <strong>K\u00e4sioh\u00adjelma: <\/strong>Lataa konsertin k\u00e4sioh\u00adjelma-pdf <a aria-label=\"T\u00c4ST\u00c4 (opens in a new tab)\" class=\"ek-link ek-link\" rel=\"noreferrer noopener\" href=\"https:\/\/www.lempikuoro.fi\/en\/uusi-sointu_ka%CC%88siohjelma\/\" target=\"_blank\">t\u00e4st\u00e4<\/a>. Maksuton k\u00e4sioh\u00adjelma on opti\u00admoitu luet\u00adta\u00advaksi erityi\u00adsesti mobiilin vaaka\u00adta\u00adsossa, josta sit\u00e4 on helppo seurata konserttia kuun\u00adnel\u00adlessa tieto\u00adko\u00adneelta. K\u00e4sioh\u00adjelman voi toki my\u00f6s tulostaa itsel\u00adleen.<br><br>\u2765  <strong>Ensi-illassa avasimme live-streamin kuoron kanssa my\u00f6s lopuksi, <\/strong>jossa p\u00e4\u00e4simme kiit\u00adt\u00e4\u00e4\u00adm\u00e4\u00e4n toisiamme ja yleis\u00f6\u00e4 sek\u00e4 vastaa\u00admaan mahdol\u00adli\u00adsiin chatissa esitet\u00adtyihin kysy\u00admyk\u00adsiin ja komment\u00adteihin. Linkki konsertin j\u00e4lkei\u00adseen live-keskus\u00adte\u00adluun: <a aria-label=\"https:\/\/youtu.be\/1ZL5PChwdg0 (opens in a new tab)\" class=\"ek-link ek-link\" rel=\"noreferrer noopener\" href=\"https:\/\/youtu.be\/1ZL5PChwdg0\" target=\"_blank\">https:\/\/youtu.be\/1ZL5PChwdg0<\/a><br><\/p>\n\n\n\n<h3 class=\"has-text-align-center wp-block-heading\"><strong>PALJONKO<\/strong><\/h3>\n\n\n\n<p>Konsert\u00adti\u00adl\u00e4\u00adhetys on katsel\u00adta\u00advissa ja kuun\u00adnel\u00adta\u00advissa t\u00e4ysin ilmai\u00adseksi, ja konsert\u00adtie\u00adl\u00e4\u00admyst\u00e4 t\u00e4yden\u00adt\u00e4v\u00e4 k\u00e4sioh\u00adjelma on my\u00f6s luet\u00adta\u00advissa veloi\u00adtuk\u00adsetta. <strong>Voit kuitenkin vapaa\u00adeh\u00adtoi\u00adsella kanna\u00adtus\u00admak\u00adsulla tukea voittoa tavoit\u00adte\u00adle\u00adma\u00adtonta kuoroamme. <\/strong>Olemme todella kiitol\u00adlisia kaiken suurui\u00adsista lahjoi\u00adtuk\u00adsista!<br><br>\u2765  <strong>MOBI\u00adLEPAY<\/strong>: Lempi\u00adkuoron myyn\u00adti\u00adnu\u00admero Mobi\u00adle\u00adPayssa on <strong>32773<\/strong>. Se sy\u00f6te\u00adt\u00e4\u00e4n Mobi\u00adle\u00adPayn vastaa\u00adnot\u00adta\u00adja\u00adkent\u00adt\u00e4\u00e4n puhe\u00adlin\u00adnu\u00admeron sijaan.<br><br>\u2765 <strong>TILI\u00adSIIRTO<\/strong>: <br>Lempi\u00adkuoro ry <br>FI74 4730 0010 5396 32<br>BIC: POPFFI22<br>POP-pankki<br><br>Lempi\u00adkuo\u00adrolla on Polii\u00adsi\u00adhal\u00adli\u00adtuksen my\u00f6n\u00adt\u00e4m\u00e4 pien\u00adke\u00adr\u00e4ys\u00adlupa RA\/2020\/1549 voimassa v\u00e4lill\u00e4 10.12.2020\u20139.1.2021. Rahan\u00adke\u00adr\u00e4ys\u00adlupa on my\u00f6n\u00adnetty konsert\u00adti\u00adku\u00adlujen katta\u00admi\u00adseen sek\u00e4 taiteel\u00adlisen johtajan palk\u00adkion\u00admak\u00adsuun.<br><br><em>Rahan\u00adke\u00adruun j\u00e4rjes\u00adt\u00e4j\u00e4: <\/em><br>Lempi\u00adkuoro ry<br>Y\u2011tunnus: 3117230\u20137<br>info@lempikuoro.fi <\/p>\n\n\n\n<h4 class=\"has-text-align-center wp-block-heading\">Lempim\u00e4sti tervetuloa jakamaan konserttiel\u00e4mys kanssamme!&nbsp;\u2728<\/h4>","protected":false},"excerpt":{"rendered":"<p>Visit the concert page in English KONSERTTILINKKI Linkki j\u00e4lkijutusteluun K\u00e4siohjelma (PDF) KONSERTISTA Lempe\u00e4, l\u00e4mp\u00f6\u00e4, sieluissa soivaa musiikkia! Lempikuoron ensikonsertti koostuu kuorolle t\u00e4rkeiden s\u00e4velt\u00e4jien teoksista, joiden laulamisesta kuorolaiset erityisesti nauttivat. Konsertissa kuullaan muun muassa Messiaenia, Britteni\u00e4 ja Rautavaaraa sek\u00e4 uudempia tuttavuuksia, kuten Shaw&#8217;ta, Wenn\u00e4koskea ja Komulaista. Stream-muotoisessa ensikonsertissamme ei ole kyse ainoastaan turvallisuudesta, vaan my\u00f6s mahdollisuudesta [&hellip;]<\/p>\n","protected":false},"author":1,"featured_media":0,"parent":543,"menu_order":0,"comment_status":"closed","ping_status":"closed","template":"","meta":{"_editorskit_title_hidden":true,"_editorskit_reading_time":1,"_editorskit_is_block_options_detached":false,"_editorskit_block_options_position":"{}","_coblocks_attr":"","_coblocks_dimensions":"","_coblocks_responsive_height":"","_coblocks_accordion_ie_support":"","wp_typography_post_enhancements_disabled":false,"_monsterinsights_skip_tracking":false,"_monsterinsights_sitenote_active":false,"_monsterinsights_sitenote_note":"","_monsterinsights_sitenote_category":0,"cybocfi_hide_featured_image":""},"featured_image_urls_v2":{"full":"","thumbnail":"","medium":"","medium_large":"","large":"","1536x1536":"","2048x2048":"","trp-custom-language-flag":"","ab-block-post-grid-landscape":"","ab-block-post-grid-square":"","ultp_layout_landscape_large":"","ultp_layout_landscape":"","ultp_layout_portrait":"","ultp_layout_square":"","post-thumbnail":"","twentytwenty-fullscreen":"","woocommerce_thumbnail":"","woocommerce_single":"","woocommerce_gallery_thumbnail":""},"post_excerpt_stackable_v2":"<p>Visit the concert page in English KONSERTTILINKKI Linkki j\u00e4lkijutusteluun K\u00e4siohjelma (PDF) KONSERTISTA Lempe\u00e4, l\u00e4mp\u00f6\u00e4, sieluissa soivaa musiikkia! Lempikuoron ensikonsertti koostuu kuorolle t\u00e4rkeiden s\u00e4velt\u00e4jien teoksista, joiden laulamisesta kuorolaiset erityisesti nauttivat. Konsertissa kuullaan muun muassa Messiaenia, Britteni\u00e4 ja Rautavaaraa sek\u00e4 uudempia tuttavuuksia, kuten Shaw&#8217;ta, Wenn\u00e4koskea ja Komulaista.Stream-muotoisessa ensikonsertissamme ei ole kyse ainoastaan turvallisuudesta, vaan my\u00f6s mahdollisuudesta ulottaa musiikin ilo yh\u00e4 kauemmas ja useammalle. Vaikka jaettu online-el\u00e4mys ei kata kaikkia livekonsertin elementtej\u00e4, antaa se mahdollisuuden uusiin tunnelmiin, n\u00e4k\u00f6kulmiin ja kuulokuviin. Konsertin ohjelmisto tarjoilee herkullisia v\u00e4rej\u00e4, kiehtovia harmonioita sek\u00e4 puhuttelevan ajankohtaisia teemoja. Teokset kuljettavat kohti iloa ja vapautta, josta kumpuaa uusi alku: \ud835\udc62\ud835\udc62\ud835\udc60\ud835\udc56 \ud835\udc60\ud835\udc5c\ud835\udc56\ud835\udc5b\ud835\udc61\ud835\udc62.&hellip;<\/p>\n","category_list_v2":"","author_info_v2":{"name":"admin","url":"https:\/\/www.lempikuoro.fi\/en\/author\/admin\/"},"comments_num_v2":"0 comments","yoast_head":"<!-- This site is optimized with the Yoast SEO plugin v21.5 - https:\/\/yoast.com\/wordpress\/plugins\/seo\/ -->\n<title>Uusi sointu - Lempikuoro<\/title>\n<meta name=\"description\" content=\"Lempe\u00e4, l\u00e4mp\u00f6\u00e4, sieluissa soivaa musiikkia! Lempikuoron ensikonsertti Uusi sointu koostuu kuorolle t\u00e4rkeiden s\u00e4velt\u00e4jien teoksista, joiden laulamisesta kuorolaiset erityisesti nauttivat. Konsertissa kuullaan muun muassa Messiaenia, Britteni\u00e4 ja Rautavaaraa sek\u00e4 uudempia tuttavuuksia, kuten Shaw&#039;ta, Wenn\u00e4koskea ja Komulaista.\" \/>\n<meta name=\"robots\" content=\"index, follow, max-snippet:-1, max-image-preview:large, max-video-preview:-1\" \/>\n<link rel=\"canonical\" href=\"https:\/\/www.lempikuoro.fi\/en\/konsertit\/uusi-sointu\/\" \/>\n<meta property=\"og:locale\" content=\"en_GB\" \/>\n<meta property=\"og:type\" content=\"article\" \/>\n<meta property=\"og:title\" content=\"Uusi sointu - Lempikuoro\" \/>\n<meta property=\"og:description\" content=\"Lempe\u00e4, l\u00e4mp\u00f6\u00e4, sieluissa soivaa musiikkia! Lempikuoron ensikonsertti Uusi sointu koostuu kuorolle t\u00e4rkeiden s\u00e4velt\u00e4jien teoksista, joiden laulamisesta kuorolaiset erityisesti nauttivat. Konsertissa kuullaan muun muassa Messiaenia, Britteni\u00e4 ja Rautavaaraa sek\u00e4 uudempia tuttavuuksia, kuten Shaw&#039;ta, Wenn\u00e4koskea ja Komulaista.\" \/>\n<meta property=\"og:url\" content=\"https:\/\/www.lempikuoro.fi\/en\/konsertit\/uusi-sointu\/\" \/>\n<meta property=\"og:site_name\" content=\"Lempikuoro\" \/>\n<meta property=\"article:publisher\" content=\"https:\/\/www.facebook.com\/lempikuoro\" \/>\n<meta property=\"article:modified_time\" content=\"2020-12-15T21:26:25+00:00\" \/>\n<meta name=\"twitter:card\" content=\"summary_large_image\" \/>\n<meta name=\"twitter:label1\" content=\"Estimated reading time\" \/>\n\t<meta name=\"twitter:data1\" content=\"2 minutes\" \/>\n<script type=\"application\/ld+json\" class=\"yoast-schema-graph\">{\"@context\":\"https:\/\/schema.org\",\"@graph\":[{\"@type\":\"WebPage\",\"@id\":\"https:\/\/www.lempikuoro.fi\/konsertit\/uusi-sointu\/\",\"url\":\"https:\/\/www.lempikuoro.fi\/konsertit\/uusi-sointu\/\",\"name\":\"Uusi sointu - Lempikuoro\",\"isPartOf\":{\"@id\":\"https:\/\/www.lempikuoro.fi\/#website\"},\"datePublished\":\"2020-11-21T16:24:45+00:00\",\"dateModified\":\"2020-12-15T21:26:25+00:00\",\"description\":\"Lempe\u00e4, l\u00e4mp\u00f6\u00e4, sieluissa soivaa musiikkia! Lempikuoron ensikonsertti Uusi sointu koostuu kuorolle t\u00e4rkeiden s\u00e4velt\u00e4jien teoksista, joiden laulamisesta kuorolaiset erityisesti nauttivat. Konsertissa kuullaan muun muassa Messiaenia, Britteni\u00e4 ja Rautavaaraa sek\u00e4 uudempia tuttavuuksia, kuten Shaw'ta, Wenn\u00e4koskea ja Komulaista.\",\"breadcrumb\":{\"@id\":\"https:\/\/www.lempikuoro.fi\/konsertit\/uusi-sointu\/#breadcrumb\"},\"inLanguage\":\"en-GB\",\"potentialAction\":[{\"@type\":\"ReadAction\",\"target\":[\"https:\/\/www.lempikuoro.fi\/konsertit\/uusi-sointu\/\"]}]},{\"@type\":\"BreadcrumbList\",\"@id\":\"https:\/\/www.lempikuoro.fi\/konsertit\/uusi-sointu\/#breadcrumb\",\"itemListElement\":[{\"@type\":\"ListItem\",\"position\":1,\"name\":\"Home\",\"item\":\"https:\/\/www.lempikuoro.fi\/\"},{\"@type\":\"ListItem\",\"position\":2,\"name\":\"KONSERTIT\",\"item\":\"https:\/\/www.lempikuoro.fi\/konsertit\/\"},{\"@type\":\"ListItem\",\"position\":3,\"name\":\"Uusi sointu\"}]},{\"@type\":\"WebSite\",\"@id\":\"https:\/\/www.lempikuoro.fi\/#website\",\"url\":\"https:\/\/www.lempikuoro.fi\/\",\"name\":\"Lempikuoro\",\"description\":\"\",\"publisher\":{\"@id\":\"https:\/\/www.lempikuoro.fi\/#organization\"},\"potentialAction\":[{\"@type\":\"SearchAction\",\"target\":{\"@type\":\"EntryPoint\",\"urlTemplate\":\"https:\/\/www.lempikuoro.fi\/?s={search_term_string}\"},\"query-input\":\"required name=search_term_string\"}],\"inLanguage\":\"en-GB\"},{\"@type\":\"Organization\",\"@id\":\"https:\/\/www.lempikuoro.fi\/#organization\",\"name\":\"Lempikuoro\",\"url\":\"https:\/\/www.lempikuoro.fi\/\",\"logo\":{\"@type\":\"ImageObject\",\"inLanguage\":\"en-GB\",\"@id\":\"https:\/\/www.lempikuoro.fi\/#\/schema\/logo\/image\/\",\"url\":\"https:\/\/www.lempikuoro.fi\/wp-content\/uploads\/2020\/10\/Lempilogo_mustavalko2-scaled.jpeg\",\"contentUrl\":\"https:\/\/www.lempikuoro.fi\/wp-content\/uploads\/2020\/10\/Lempilogo_mustavalko2-scaled.jpeg\",\"width\":2560,\"height\":1810,\"caption\":\"Lempikuoro\"},\"image\":{\"@id\":\"https:\/\/www.lempikuoro.fi\/#\/schema\/logo\/image\/\"},\"sameAs\":[\"https:\/\/www.facebook.com\/lempikuoro\",\"https:\/\/www.instagram.com\/lempikuoro\/\",\"https:\/\/www.youtube.com\/channel\/UCm_CS0Ua7SgpTTpxF7Q91dQ\"]}]}<\/script>\n<!-- \/ Yoast SEO plugin. -->","yoast_head_json":{"title":"Uusi sointu \u2014 Lempikuoro","description":"Lempe\u00e4, l\u00e4mp\u00f6\u00e4, sieluissa soivaa musiikkia! Lempi\u00adkuoron ensi\u00adkon\u00adsertti Uusi sointu koostuu kuorolle t\u00e4rkeiden s\u00e4vel\u00adt\u00e4\u00adjien teok\u00adsista, joiden laula\u00admi\u00adsesta kuoro\u00adlaiset erityi\u00adsesti naut\u00adtivat. Konser\u00adtissa kuul\u00adlaan muun muassa Messiaenia, Brit\u00adteni\u00e4 ja Rauta\u00advaaraa sek\u00e4 uudempia tutta\u00advuuksia, kuten Shaw\u2019ta, Wenn\u00e4\u00adkoskea ja Komulaista.","robots":{"index":"index","follow":"follow","max-snippet":"max-snippet:-1","max-image-preview":"max-image-preview:large","max-video-preview":"max-video-preview:-1"},"canonical":"https:\/\/www.lempikuoro.fi\/en\/konsertit\/uusi-sointu\/","og_locale":"en_GB","og_type":"article","og_title":"Uusi sointu - Lempikuoro","og_description":"Lempe\u00e4, l\u00e4mp\u00f6\u00e4, sieluissa soivaa musiikkia! Lempikuoron ensikonsertti Uusi sointu koostuu kuorolle t\u00e4rkeiden s\u00e4velt\u00e4jien teoksista, joiden laulamisesta kuorolaiset erityisesti nauttivat. Konsertissa kuullaan muun muassa Messiaenia, Britteni\u00e4 ja Rautavaaraa sek\u00e4 uudempia tuttavuuksia, kuten Shaw'ta, Wenn\u00e4koskea ja Komulaista.","og_url":"https:\/\/www.lempikuoro.fi\/en\/konsertit\/uusi-sointu\/","og_site_name":"Lempikuoro","article_publisher":"https:\/\/www.facebook.com\/lempikuoro","article_modified_time":"2020-12-15T21:26:25+00:00","twitter_card":"summary_large_image","twitter_misc":{"Estimated reading time":"2 minutes"},"schema":{"@context":"https:\/\/schema.org","@graph":[{"@type":"WebPage","@id":"https:\/\/www.lempikuoro.fi\/konsertit\/uusi-sointu\/","url":"https:\/\/www.lempikuoro.fi\/konsertit\/uusi-sointu\/","name":"Uusi sointu \u2014 Lempikuoro","isPartOf":{"@id":"https:\/\/www.lempikuoro.fi\/#website"},"datePublished":"2020-11-21T16:24:45+00:00","dateModified":"2020-12-15T21:26:25+00:00","description":"Lempe\u00e4, l\u00e4mp\u00f6\u00e4, sieluissa soivaa musiikkia! Lempi\u00adkuoron ensi\u00adkon\u00adsertti Uusi sointu koostuu kuorolle t\u00e4rkeiden s\u00e4vel\u00adt\u00e4\u00adjien teok\u00adsista, joiden laula\u00admi\u00adsesta kuoro\u00adlaiset erityi\u00adsesti naut\u00adtivat. Konser\u00adtissa kuul\u00adlaan muun muassa Messiaenia, Brit\u00adteni\u00e4 ja Rauta\u00advaaraa sek\u00e4 uudempia tutta\u00advuuksia, kuten Shaw\u2019ta, Wenn\u00e4\u00adkoskea ja Komulaista.","breadcrumb":{"@id":"https:\/\/www.lempikuoro.fi\/konsertit\/uusi-sointu\/#breadcrumb"},"inLanguage":"en-GB","potentialAction":[{"@type":"ReadAction","target":["https:\/\/www.lempikuoro.fi\/konsertit\/uusi-sointu\/"]}]},{"@type":"BreadcrumbList","@id":"https:\/\/www.lempikuoro.fi\/konsertit\/uusi-sointu\/#breadcrumb","itemListElement":[{"@type":"ListItem","position":1,"name":"Home","item":"https:\/\/www.lempikuoro.fi\/"},{"@type":"ListItem","position":2,"name":"KONSERTIT","item":"https:\/\/www.lempikuoro.fi\/konsertit\/"},{"@type":"ListItem","position":3,"name":"Uusi sointu"}]},{"@type":"WebSite","@id":"https:\/\/www.lempikuoro.fi\/#website","url":"https:\/\/www.lempikuoro.fi\/","name":"Lempi\u00adkuoro","description":"","publisher":{"@id":"https:\/\/www.lempikuoro.fi\/#organization"},"potentialAction":[{"@type":"SearchAction","target":{"@type":"EntryPoint","urlTemplate":"https:\/\/www.lempikuoro.fi\/?s={search_term_string}"},"query-input":"required name=search_term_string"}],"inLanguage":"en-GB"},{"@type":"Organization","@id":"https:\/\/www.lempikuoro.fi\/#organization","name":"Lempi\u00adkuoro","url":"https:\/\/www.lempikuoro.fi\/","logo":{"@type":"ImageObject","inLanguage":"en-GB","@id":"https:\/\/www.lempikuoro.fi\/#\/schema\/logo\/image\/","url":"https:\/\/www.lempikuoro.fi\/wp-content\/uploads\/2020\/10\/Lempilogo_mustavalko2-scaled.jpeg","contentUrl":"https:\/\/www.lempikuoro.fi\/wp-content\/uploads\/2020\/10\/Lempilogo_mustavalko2-scaled.jpeg","width":2560,"height":1810,"caption":"Lempikuoro"},"image":{"@id":"https:\/\/www.lempikuoro.fi\/#\/schema\/logo\/image\/"},"sameAs":["https:\/\/www.facebook.com\/lempikuoro","https:\/\/www.instagram.com\/lempikuoro\/","https:\/\/www.youtube.com\/channel\/UCm_CS0Ua7SgpTTpxF7Q91dQ"]}]}},"featured_image_src":null,"featured_image_src_square":null,"_links":{"self":[{"href":"https:\/\/www.lempikuoro.fi\/en\/wp-json\/wp\/v2\/pages\/851"}],"collection":[{"href":"https:\/\/www.lempikuoro.fi\/en\/wp-json\/wp\/v2\/pages"}],"about":[{"href":"https:\/\/www.lempikuoro.fi\/en\/wp-json\/wp\/v2\/types\/page"}],"author":[{"embeddable":true,"href":"https:\/\/www.lempikuoro.fi\/en\/wp-json\/wp\/v2\/users\/1"}],"replies":[{"embeddable":true,"href":"https:\/\/www.lempikuoro.fi\/en\/wp-json\/wp\/v2\/comments?post=851"}],"version-history":[{"count":27,"href":"https:\/\/www.lempikuoro.fi\/en\/wp-json\/wp\/v2\/pages\/851\/revisions"}],"predecessor-version":[{"id":1045,"href":"https:\/\/www.lempikuoro.fi\/en\/wp-json\/wp\/v2\/pages\/851\/revisions\/1045"}],"up":[{"embeddable":true,"href":"https:\/\/www.lempikuoro.fi\/en\/wp-json\/wp\/v2\/pages\/543"}],"wp:attachment":[{"href":"https:\/\/www.lempikuoro.fi\/en\/wp-json\/wp\/v2\/media?parent=851"}],"curies":[{"name":"wp","href":"https:\/\/api.w.org\/{rel}","templated":true}]}}