{"id":75,"date":"2020-10-04T19:17:58","date_gmt":"2020-10-04T19:17:58","guid":{"rendered":"http:\/\/www.lempikuoro.fi\/?page_id=75"},"modified":"2023-09-08T18:14:56","modified_gmt":"2023-09-08T16:14:56","slug":"tilaa-lempi","status":"publish","type":"page","link":"https:\/\/www.lempikuoro.fi\/en\/tilaa-lempi\/","title":{"rendered":"BOOK LEMPI"},"content":{"rendered":"<div style=\"height:20px\" aria-hidden=\"true\" class=\"wp-block-spacer\"><\/div>\n\n\n\n<div style=\"text-align:center\" class=\"wp-block-atomic-blocks-ab-button ab-block-button\"><a href=\"#kiinnostuitko\" class=\"ab-button ab-button-shape-square ab-button-size-medium\" style=\"color:#fbe8ee;background-color:#c92a55\">CONTACT US<\/a><\/div>\n\n\n\n<div class=\"alignwide wp-block-ugb-card ugb-card ugb-5c83e29 ugb-card--v2 ugb-card--design-basic ugb-card--columns-3 ugb-main-block\"><style>.ugb-5c83e29 .ugb-card__title,.ugb-5c83e29 .ugb-card__subtitle,.ugb-5c83e29 .ugb-card__description,.ugb-5c83e29 .ugb-button-container{text-align:left}.ugb-5c83e29 .ugb-card__item{border-radius:0px !important;background-color:#fbe8ee !important}.ugb-5c83e29 .ugb-card__item:before{background-color:#fbe8ee !important}.ugb-5c83e29 .ugb-card__item1 .ugb-card__image{background-image:url(https:\/\/www.lempikuoro.fi\/wp-content\/uploads\/2023\/06\/Lempikuoro-Jussin-haissa-1000x667.jpeg)}.ugb-5c83e29 .ugb-card__item2 .ugb-card__image{background-image:url(https:\/\/www.lempikuoro.fi\/wp-content\/uploads\/2022\/01\/DSCF2705-1000x667.jpg)}.ugb-5c83e29 .ugb-card__item3 .ugb-card__image{background-image:url(https:\/\/www.lempikuoro.fi\/wp-content\/uploads\/2020\/10\/lempi_001-1024x683.jpg)}.ugb-5c83e29 .ugb-card__image{background-position:bottom center !important;height:305px !important}.ugb-5c83e29 .ugb-card__title{font-size:33px !important;font-weight:bold !important;color:#222222 !important;text-align:center !important}.ugb-5c83e29 .ugb-card__description{color:#222222 !important}.ugb-5c83e29 .ugb-inner-block{text-align:left}@media screen and (min-width:768px) and (max-width:1025px){.ugb-5c83e29 .ugb-card__image{height:300px !important}}@media screen and (max-width:768px){.ugb-5c83e29 .ugb-card__image{height:300px !important}.ugb-5c83e29 .ugb-card__title{font-size:28px !important}}<\/style><div class=\"ugb-inner-block\"><div class=\"ugb-block-content\"><div class=\"ugb-card__item ugb-card__item1 ugb--shadow-4\"><div class=\"ugb-card__image\"><\/div><div class=\"ugb-card__content\"><h3 class=\"ugb-card__title\">Private occasions<\/h3><p class=\"ugb-card__description translation-block\">Weddings, gradua\u00adtion parties, chris\u00adte\u00adnings, birth\u00addays, memo\u00adrial services, dinners, garden parties\u2026 Lempi\u2019s ensembles have their back pockets full of reper\u00adtoire for every occa\u00adsion! A few sugges\u00adtions of programmes you can find <a href=\"https:\/\/www.lempikuoro.fi\/en\/tilaa-lempi\/keikkaohjelmisto\/\" target=\"_self\">here<\/a>.<\/p><\/div><\/div><div class=\"ugb-card__item ugb-card__item2 ugb--shadow-4\"><div class=\"ugb-card__image\"><\/div><div class=\"ugb-card__content\"><h3 class=\"ugb-card__title\">Collaborations<\/h3><p class=\"ugb-card__description\">Lempi has an open and eager mind to all kinds of colla\u00adbo\u00adra\u00adtive projects, inclu\u00adding those outside the arts and culture field and especially for good and sustai\u00adnable causes. Feel free to contact us if you are looking for expe\u00adrienced singers or a full choir for your project!<\/p><\/div><\/div><div class=\"ugb-card__item ugb-card__item3 ugb--shadow-4\"><div class=\"ugb-card__image\"><\/div><div class=\"ugb-card__content\"><h3 class=\"ugb-card__title\">Charity<\/h3><p class=\"ugb-card__description\">The choir annually performs pro bono in the Helsinki region, for example at old people\u2019s homes and resi\u00adden\u00adtial homes for subs\u00adtance abusers. We acti\u00advely contact the orga\u00adni\u00adsa\u00adtions ourselves, but you are also welcome to ask us to visit, whatever the time of&nbsp;year.<\/p><\/div><\/div><\/div><\/div><\/div>\n\n\n\n<h4 class=\"wp-block-heading has-text-align-center has-background\" style=\"background-color:#4087dd\"><strong>Listen to Lempi<\/strong> <strong>\ud83c\udfb6<\/strong><\/h4>\n\n\n\n<div class=\"wp-block-columns is-style-gapless is-layout-flex wp-container-3\">\n<div class=\"wp-block-column is-layout-flow\">\n<figure class=\"wp-block-embed is-type-video is-provider-youtube wp-block-embed-youtube wp-embed-aspect-16-9 wp-has-aspect-ratio\"><div class=\"wp-block-embed__wrapper\">\n<iframe loading=\"lazy\" title=\"White Christmas \/\/ Lempikuoro Quintet &amp; Valona\" width=\"580\" height=\"326\" src=\"https:\/\/www.youtube.com\/embed\/oK8hJplPEs4?feature=oembed\" frameborder=\"0\" allow=\"accelerometer; autoplay; clipboard-write; encrypted-media; gyroscope; picture-in-picture; web-share\" allowfullscreen><\/iframe>\n<\/div><\/figure>\n<\/div>\n\n\n\n<div class=\"wp-block-column is-layout-flow\">\n<figure class=\"wp-block-embed is-type-video is-provider-youtube wp-block-embed-youtube wp-embed-aspect-16-9 wp-has-aspect-ratio\"><div class=\"wp-block-embed__wrapper\">\n<iframe loading=\"lazy\" title=\"On suuri sun rantas' autius \/\/ Lempikuoron kvartetti\" width=\"580\" height=\"326\" src=\"https:\/\/www.youtube.com\/embed\/N83UfnF9AeY?feature=oembed\" frameborder=\"0\" allow=\"accelerometer; autoplay; clipboard-write; encrypted-media; gyroscope; picture-in-picture; web-share\" allowfullscreen><\/iframe>\n<\/div><\/figure>\n<\/div>\n<\/div>\n\n\n\n<div class=\"wp-block-columns is-style-default is-layout-flex wp-container-6\">\n<div class=\"wp-block-column is-layout-flow\">\n<figure class=\"wp-block-embed is-type-video is-provider-youtube wp-block-embed-youtube wp-embed-aspect-16-9 wp-has-aspect-ratio\"><div class=\"wp-block-embed__wrapper\">\n<iframe loading=\"lazy\" title=\"Yhdess\u00e4 olemme \u2013&nbsp;Janne Masalin x Lempikuoro (Mesenaattikampanjan trailer)\" width=\"580\" height=\"326\" src=\"https:\/\/www.youtube.com\/embed\/FeNHGXJRzYE?feature=oembed\" frameborder=\"0\" allow=\"accelerometer; autoplay; clipboard-write; encrypted-media; gyroscope; picture-in-picture; web-share\" allowfullscreen><\/iframe>\n<\/div><\/figure>\n<\/div>\n\n\n\n<div class=\"wp-block-column is-layout-flow\">\n<figure class=\"wp-block-embed is-type-video is-provider-youtube wp-block-embed-youtube wp-embed-aspect-16-9 wp-has-aspect-ratio\"><div class=\"wp-block-embed__wrapper\">\n<iframe loading=\"lazy\" title=\"Lassi Vihko: P\u00e4\u00e4kallot (kantaesitys) \/\/ Lempikuoro\" width=\"580\" height=\"326\" src=\"https:\/\/www.youtube.com\/embed\/576a7zpZd5I?feature=oembed\" frameborder=\"0\" allow=\"accelerometer; autoplay; clipboard-write; encrypted-media; gyroscope; picture-in-picture; web-share\" allowfullscreen><\/iframe>\n<\/div><\/figure>\n<\/div>\n<\/div>\n\n\n\n<h4 class=\"wp-block-heading has-text-align-center has-background\" id=\"kiinnostuitko\" style=\"background-color:#4087dd\"><strong>Interested?<\/strong><\/h4>\n\n\n\n<p>Please contact our private gig group by sending an email to: <a href=\"mailto:keikat@lempikuoro.fi\" class=\"ek-link\">keikat@lempikuoro.fi<\/a> We will get back to you as soon as possible! Please let us know in your message what kind of event you are orga\u00adni\u00adsing and also any reper\u00adtoire requests, and don\u2019t forget to leave your contact information.<\/p>","protected":false},"excerpt":{"rendered":"<p>Yksityistilaisuudet H\u00e4\u00e4t, ylioppilasjuhlat, risti\u00e4iset, syntt\u00e4rit, muistotilaisuudet, illalliset, puutarhajuhlat&#8230; Lempin lauluyhtyeill\u00e4 on takataskunsa t\u00e4ynn\u00e4 ohjelmistoa juhlaan kuin juhlaan! Muutaman ohjelmistoehdotuksen l\u00f6yd\u00e4t t\u00e4\u00e4lt\u00e4. Yhteisty\u00f6projektit Lempin mieli on innokas ja avoin kaikenlaisille yhteisty\u00f6projekteille, my\u00f6s taide- ja kulttuurikent\u00e4n ulkopuolella ja etenkin hyv\u00e4\u00e4 tekeviss\u00e4 tarkoituksissa. Ota rohkeasti yhteytt\u00e4, mik\u00e4li kaipaat kokeneita laulajia tai kokonaista kuoroa proggikseesi! Hyv\u00e4ntekev\u00e4isyys Lempi tekee vuosittain [&hellip;]<\/p>\n","protected":false},"author":1,"featured_media":0,"parent":0,"menu_order":0,"comment_status":"closed","ping_status":"closed","template":"","meta":{"_editorskit_title_hidden":true,"_editorskit_reading_time":1,"_editorskit_is_block_options_detached":false,"_editorskit_block_options_position":"{}","_coblocks_attr":"","_coblocks_dimensions":"","_coblocks_responsive_height":"","_coblocks_accordion_ie_support":"","wp_typography_post_enhancements_disabled":false,"_monsterinsights_skip_tracking":false,"_monsterinsights_sitenote_active":false,"_monsterinsights_sitenote_note":"","_monsterinsights_sitenote_category":0,"cybocfi_hide_featured_image":""},"featured_image_urls_v2":{"full":"","thumbnail":"","medium":"","medium_large":"","large":"","1536x1536":"","2048x2048":"","trp-custom-language-flag":"","ab-block-post-grid-landscape":"","ab-block-post-grid-square":"","ultp_layout_landscape_large":"","ultp_layout_landscape":"","ultp_layout_portrait":"","ultp_layout_square":"","post-thumbnail":"","twentytwenty-fullscreen":"","woocommerce_thumbnail":"","woocommerce_single":"","woocommerce_gallery_thumbnail":""},"post_excerpt_stackable_v2":"<p>OTA YHTEYTT\u00c4! YksityistilaisuudetH\u00e4\u00e4t, ylioppilasjuhlat, risti\u00e4iset, syntt\u00e4rit, muistotilaisuudet, illalliset, puutarhajuhlat&#8230; Lempin lauluyhtyeill\u00e4 on takataskunsa t\u00e4ynn\u00e4 ohjelmistoa juhlaan kuin juhlaan! Muutaman ohjelmistoehdotuksen l\u00f6yd\u00e4t t\u00e4\u00e4lt\u00e4.Yhteisty\u00f6projektitLempin mieli on innokas ja avoin kaikenlaisille yhteisty\u00f6projekteille, my\u00f6s taide- ja kulttuurikent\u00e4n ulkopuolella ja etenkin hyv\u00e4\u00e4 tekeviss\u00e4 tarkoituksissa. Ota rohkeasti yhteytt\u00e4, mik\u00e4li kaipaat kokeneita laulajia tai kokonaista kuoroa proggikseesi!Hyv\u00e4ntekev\u00e4isyysLempi tekee vuosittain pro bono -esiintymisi\u00e4 p\u00e4\u00e4kaupunkiseudulla mm. vanhusten palvelutaloissa ja p\u00e4ihdek\u00e4ytt\u00e4jien asuntoloissa. Kontaktoimme itse aktiivisesti tahoja, mutta meit\u00e4 saa mieluusti my\u00f6s pyyt\u00e4\u00e4 k\u00e4ynnille vuodenajasta riippumatta. Kuuntele Lempi\u00e4 \ud83c\udfb6 Kiinnostuitko? Ole hyv\u00e4 ja ota yhteytt\u00e4 tilauskeikkatiimimme l\u00e4hett\u00e4m\u00e4ll\u00e4 s\u00e4hk\u00f6postia: keikat@lempikuoro.fi Palaamme asiaan mit\u00e4 pikimmiten! Kerrothan viestiss\u00e4si millaisesta tilaisuudesta on kyse ja my\u00f6s&hellip;<\/p>\n","category_list_v2":"","author_info_v2":{"name":"admin","url":"https:\/\/www.lempikuoro.fi\/en\/author\/admin\/"},"comments_num_v2":"0 comments","yoast_head":"<!-- This site is optimized with the Yoast SEO plugin v21.5 - https:\/\/yoast.com\/wordpress\/plugins\/seo\/ -->\n<title>TILAA LEMPI - Lempikuoro<\/title>\n<meta name=\"description\" content=\"Tilaa kvartetti ilahduttamaan juhliasi! Lempikuoron lauluyhtyeill\u00e4 on ohjelmistoa moneen l\u00e4ht\u00f6\u00f6n: h\u00e4ihin, valmistujaisiin, risti\u00e4isiin, syntt\u00e4reille, muistotilaisuuksiin, illallisille, puutarhajuhliin...\" \/>\n<meta name=\"robots\" content=\"index, follow, max-snippet:-1, max-image-preview:large, max-video-preview:-1\" \/>\n<link rel=\"canonical\" href=\"https:\/\/www.lempikuoro.fi\/en\/tilaa-lempi\/\" \/>\n<meta property=\"og:locale\" content=\"en_GB\" \/>\n<meta property=\"og:type\" content=\"article\" \/>\n<meta property=\"og:title\" content=\"TILAA LEMPI - Lempikuoro\" \/>\n<meta property=\"og:description\" content=\"Tilaa kvartetti ilahduttamaan juhliasi! Lempikuoron lauluyhtyeill\u00e4 on ohjelmistoa moneen l\u00e4ht\u00f6\u00f6n: h\u00e4ihin, valmistujaisiin, risti\u00e4isiin, syntt\u00e4reille, muistotilaisuuksiin, illallisille, puutarhajuhliin...\" \/>\n<meta property=\"og:url\" content=\"https:\/\/www.lempikuoro.fi\/en\/tilaa-lempi\/\" \/>\n<meta property=\"og:site_name\" content=\"Lempikuoro\" \/>\n<meta property=\"article:publisher\" content=\"https:\/\/www.facebook.com\/lempikuoro\" \/>\n<meta property=\"article:modified_time\" content=\"2023-09-08T16:14:56+00:00\" \/>\n<meta name=\"twitter:card\" content=\"summary_large_image\" \/>\n<meta name=\"twitter:label1\" content=\"Estimated reading time\" \/>\n\t<meta name=\"twitter:data1\" content=\"1 minute\" \/>\n<script type=\"application\/ld+json\" class=\"yoast-schema-graph\">{\"@context\":\"https:\/\/schema.org\",\"@graph\":[{\"@type\":\"WebPage\",\"@id\":\"https:\/\/www.lempikuoro.fi\/tilaa-lempi\/\",\"url\":\"https:\/\/www.lempikuoro.fi\/tilaa-lempi\/\",\"name\":\"TILAA LEMPI - Lempikuoro\",\"isPartOf\":{\"@id\":\"https:\/\/www.lempikuoro.fi\/#website\"},\"datePublished\":\"2020-10-04T19:17:58+00:00\",\"dateModified\":\"2023-09-08T16:14:56+00:00\",\"description\":\"Tilaa kvartetti ilahduttamaan juhliasi! Lempikuoron lauluyhtyeill\u00e4 on ohjelmistoa moneen l\u00e4ht\u00f6\u00f6n: h\u00e4ihin, valmistujaisiin, risti\u00e4isiin, syntt\u00e4reille, muistotilaisuuksiin, illallisille, puutarhajuhliin...\",\"breadcrumb\":{\"@id\":\"https:\/\/www.lempikuoro.fi\/tilaa-lempi\/#breadcrumb\"},\"inLanguage\":\"en-GB\",\"potentialAction\":[{\"@type\":\"ReadAction\",\"target\":[\"https:\/\/www.lempikuoro.fi\/tilaa-lempi\/\"]}]},{\"@type\":\"BreadcrumbList\",\"@id\":\"https:\/\/www.lempikuoro.fi\/tilaa-lempi\/#breadcrumb\",\"itemListElement\":[{\"@type\":\"ListItem\",\"position\":1,\"name\":\"Home\",\"item\":\"https:\/\/www.lempikuoro.fi\/\"},{\"@type\":\"ListItem\",\"position\":2,\"name\":\"TILAA LEMPI\"}]},{\"@type\":\"WebSite\",\"@id\":\"https:\/\/www.lempikuoro.fi\/#website\",\"url\":\"https:\/\/www.lempikuoro.fi\/\",\"name\":\"Lempikuoro\",\"description\":\"\",\"publisher\":{\"@id\":\"https:\/\/www.lempikuoro.fi\/#organization\"},\"potentialAction\":[{\"@type\":\"SearchAction\",\"target\":{\"@type\":\"EntryPoint\",\"urlTemplate\":\"https:\/\/www.lempikuoro.fi\/?s={search_term_string}\"},\"query-input\":\"required name=search_term_string\"}],\"inLanguage\":\"en-GB\"},{\"@type\":\"Organization\",\"@id\":\"https:\/\/www.lempikuoro.fi\/#organization\",\"name\":\"Lempikuoro\",\"url\":\"https:\/\/www.lempikuoro.fi\/\",\"logo\":{\"@type\":\"ImageObject\",\"inLanguage\":\"en-GB\",\"@id\":\"https:\/\/www.lempikuoro.fi\/#\/schema\/logo\/image\/\",\"url\":\"https:\/\/www.lempikuoro.fi\/wp-content\/uploads\/2020\/10\/Lempilogo_mustavalko2-scaled.jpeg\",\"contentUrl\":\"https:\/\/www.lempikuoro.fi\/wp-content\/uploads\/2020\/10\/Lempilogo_mustavalko2-scaled.jpeg\",\"width\":2560,\"height\":1810,\"caption\":\"Lempikuoro\"},\"image\":{\"@id\":\"https:\/\/www.lempikuoro.fi\/#\/schema\/logo\/image\/\"},\"sameAs\":[\"https:\/\/www.facebook.com\/lempikuoro\",\"https:\/\/www.instagram.com\/lempikuoro\/\",\"https:\/\/www.youtube.com\/channel\/UCm_CS0Ua7SgpTTpxF7Q91dQ\"]}]}<\/script>\n<!-- \/ Yoast SEO plugin. -->","yoast_head_json":{"title":"TILAA LEMPI \u2014 Lempikuoro","description":"Tilaa kvar\u00adtetti ilah\u00addut\u00adta\u00admaan juhliasi! Lempi\u00adkuoron laulu\u00adyh\u00adty\u00adeill\u00e4 on ohjel\u00admistoa moneen l\u00e4ht\u00f6\u00f6n: h\u00e4ihin, valmis\u00adtu\u00adjai\u00adsiin, risti\u00e4i\u00adsiin, synt\u00adt\u00e4\u00adreille, muis\u00adto\u00adti\u00adlai\u00adsuuk\u00adsiin, illal\u00adli\u00adsille, puutarhajuhliin\u2026","robots":{"index":"index","follow":"follow","max-snippet":"max-snippet:-1","max-image-preview":"max-image-preview:large","max-video-preview":"max-video-preview:-1"},"canonical":"https:\/\/www.lempikuoro.fi\/en\/tilaa-lempi\/","og_locale":"en_GB","og_type":"article","og_title":"TILAA LEMPI - Lempikuoro","og_description":"Tilaa kvartetti ilahduttamaan juhliasi! Lempikuoron lauluyhtyeill\u00e4 on ohjelmistoa moneen l\u00e4ht\u00f6\u00f6n: h\u00e4ihin, valmistujaisiin, risti\u00e4isiin, syntt\u00e4reille, muistotilaisuuksiin, illallisille, puutarhajuhliin...","og_url":"https:\/\/www.lempikuoro.fi\/en\/tilaa-lempi\/","og_site_name":"Lempikuoro","article_publisher":"https:\/\/www.facebook.com\/lempikuoro","article_modified_time":"2023-09-08T16:14:56+00:00","twitter_card":"summary_large_image","twitter_misc":{"Estimated reading time":"1 minute"},"schema":{"@context":"https:\/\/schema.org","@graph":[{"@type":"WebPage","@id":"https:\/\/www.lempikuoro.fi\/tilaa-lempi\/","url":"https:\/\/www.lempikuoro.fi\/tilaa-lempi\/","name":"TILAA LEMPI \u2014 Lempikuoro","isPartOf":{"@id":"https:\/\/www.lempikuoro.fi\/#website"},"datePublished":"2020-10-04T19:17:58+00:00","dateModified":"2023-09-08T16:14:56+00:00","description":"Tilaa kvar\u00adtetti ilah\u00addut\u00adta\u00admaan juhliasi! Lempi\u00adkuoron laulu\u00adyh\u00adty\u00adeill\u00e4 on ohjel\u00admistoa moneen l\u00e4ht\u00f6\u00f6n: h\u00e4ihin, valmis\u00adtu\u00adjai\u00adsiin, risti\u00e4i\u00adsiin, synt\u00adt\u00e4\u00adreille, muis\u00adto\u00adti\u00adlai\u00adsuuk\u00adsiin, illal\u00adli\u00adsille, puutarhajuhliin\u2026","breadcrumb":{"@id":"https:\/\/www.lempikuoro.fi\/tilaa-lempi\/#breadcrumb"},"inLanguage":"en-GB","potentialAction":[{"@type":"ReadAction","target":["https:\/\/www.lempikuoro.fi\/tilaa-lempi\/"]}]},{"@type":"BreadcrumbList","@id":"https:\/\/www.lempikuoro.fi\/tilaa-lempi\/#breadcrumb","itemListElement":[{"@type":"ListItem","position":1,"name":"Home","item":"https:\/\/www.lempikuoro.fi\/"},{"@type":"ListItem","position":2,"name":"TILAA LEMPI"}]},{"@type":"WebSite","@id":"https:\/\/www.lempikuoro.fi\/#website","url":"https:\/\/www.lempikuoro.fi\/","name":"Lempi\u00adkuoro","description":"","publisher":{"@id":"https:\/\/www.lempikuoro.fi\/#organization"},"potentialAction":[{"@type":"SearchAction","target":{"@type":"EntryPoint","urlTemplate":"https:\/\/www.lempikuoro.fi\/?s={search_term_string}"},"query-input":"required name=search_term_string"}],"inLanguage":"en-GB"},{"@type":"Organization","@id":"https:\/\/www.lempikuoro.fi\/#organization","name":"Lempi\u00adkuoro","url":"https:\/\/www.lempikuoro.fi\/","logo":{"@type":"ImageObject","inLanguage":"en-GB","@id":"https:\/\/www.lempikuoro.fi\/#\/schema\/logo\/image\/","url":"https:\/\/www.lempikuoro.fi\/wp-content\/uploads\/2020\/10\/Lempilogo_mustavalko2-scaled.jpeg","contentUrl":"https:\/\/www.lempikuoro.fi\/wp-content\/uploads\/2020\/10\/Lempilogo_mustavalko2-scaled.jpeg","width":2560,"height":1810,"caption":"Lempikuoro"},"image":{"@id":"https:\/\/www.lempikuoro.fi\/#\/schema\/logo\/image\/"},"sameAs":["https:\/\/www.facebook.com\/lempikuoro","https:\/\/www.instagram.com\/lempikuoro\/","https:\/\/www.youtube.com\/channel\/UCm_CS0Ua7SgpTTpxF7Q91dQ"]}]}},"featured_image_src":null,"featured_image_src_square":null,"_links":{"self":[{"href":"https:\/\/www.lempikuoro.fi\/en\/wp-json\/wp\/v2\/pages\/75"}],"collection":[{"href":"https:\/\/www.lempikuoro.fi\/en\/wp-json\/wp\/v2\/pages"}],"about":[{"href":"https:\/\/www.lempikuoro.fi\/en\/wp-json\/wp\/v2\/types\/page"}],"author":[{"embeddable":true,"href":"https:\/\/www.lempikuoro.fi\/en\/wp-json\/wp\/v2\/users\/1"}],"replies":[{"embeddable":true,"href":"https:\/\/www.lempikuoro.fi\/en\/wp-json\/wp\/v2\/comments?post=75"}],"version-history":[{"count":69,"href":"https:\/\/www.lempikuoro.fi\/en\/wp-json\/wp\/v2\/pages\/75\/revisions"}],"predecessor-version":[{"id":2567,"href":"https:\/\/www.lempikuoro.fi\/en\/wp-json\/wp\/v2\/pages\/75\/revisions\/2567"}],"wp:attachment":[{"href":"https:\/\/www.lempikuoro.fi\/en\/wp-json\/wp\/v2\/media?parent=75"}],"curies":[{"name":"wp","href":"https:\/\/api.w.org\/{rel}","templated":true}]}}