{"id":715,"date":"2020-10-19T18:53:54","date_gmt":"2020-10-19T16:53:54","guid":{"rendered":"https:\/\/www.lempikuoro.fi\/?page_id=715"},"modified":"2023-06-11T13:47:35","modified_gmt":"2023-06-11T11:47:35","slug":"keikkaohjelmisto","status":"publish","type":"page","link":"https:\/\/www.lempikuoro.fi\/en\/tilaa-lempi\/keikkaohjelmisto\/","title":{"rendered":"Programme sugges\u00adtions"},"content":{"rendered":"<div class=\"wp-block-stackable-spacer stk-block-spacer stk--no-padding stk-block stk-1653ee0\" data-block-id=\"1653ee0\"><style>.stk-1653ee0{height:20px !important}<\/style><\/div>\n\n\n\n<p class=\"has-text-align-center .add-remove-bottom-space\">Lempi has many ready-made reper\u00adtoire sugges\u00adtions for diffe\u00adrent occa\u00adsions and moods! Natu\u00adrally we are always open to other requests, as long as they are agreed well in advance.<\/p>\n\n\n\n<div class=\"wp-block-columns is-style-default is-layout-flex wp-container-3\">\n<div class=\"wp-block-column is-layout-flow\">\n<h4 class=\"wp-block-heading has-text-align-center\">Romantic<\/h4>\n\n\n\n<p class=\"has-text-align-center\">Armaan l\u00e4hei\u00adsyys<br>Kaipaava<br>Nuoruus\u00adtango<br>Pieni ja hento ote<br><a aria-label=\" (opens in a new tab)\" href=\"https:\/\/youtu.be\/zPIMD1ymiTg\" target=\"_blank\" rel=\"noreferrer noopener\" class=\"ek-link\">S\u00e5 skim\u00adrande var aldrig havet<\/a><br>Y\u00f6ll\u00e4 uima\u00adran\u00adtaan (Iisa)<br><br><strong>Sere\u00adnadit<\/strong>:<br>Gute nacht<br>H\u00e4n kulkevi kuin yli kukkien<br>Min\u00e4 laulan sun iltasi t\u00e4htihin<br>Nocturne<br>Romanssi<br>Sua tervehdin<\/p>\n\n\n\n<h4 class=\"wp-block-heading has-text-align-center\">Summery<\/h4>\n\n\n\n<p class=\"has-text-align-center\">Kev\u00e4t\u00adsoin\u00adtuja<br>Kes\u00e4il\u00adlalla<br>Kes\u00e4\u00adp\u00e4iv\u00e4 Kanga\u00adsalla<br>Under h\u00e4ggarna<br>Uti v\u00e5r&nbsp;hage<\/p>\n<\/div>\n\n\n\n<div class=\"wp-block-column is-layout-flow\">\n<h4 class=\"wp-block-heading has-text-align-center\">Popular<\/h4>\n\n\n\n<p class=\"has-text-align-center\">Euphoria (Loreen)<br>Good\u00adnight sweet\u00adheart<br>Illan viimeinen tango<br>Lauvantai-ilta<br>Pokemon<br>Risainen el\u00e4m\u00e4 (Juice)<br>Sulle salai\u00adsuuden kertoa m\u00e4 voisin<\/p>\n\n\n\n<h4 class=\"wp-block-heading has-text-align-center\">Traditional<\/h4>\n\n\n\n<p class=\"has-text-align-center\">Auringon nous\u00adtessa<br>Finlandia-hymni<br>Katson virran kalvohon<br>Lapsuuden tove\u00adrille<br><a aria-label=\"On suuri sun rantas autius (opens in a new tab)\" class=\"ek-link ek-link\" href=\"https:\/\/youtu.be\/N83UfnF9AeY\" target=\"_blank\" rel=\"noreferrer noopener\">On suuri sun rantas autius<br><\/a>Suomen laulu<br>Syd\u00e4\u00admeni&nbsp;laulu<\/p>\n\n\n\n<h4 class=\"wp-block-heading has-text-align-center\">Seasonal<\/h4>\n\n\n\n<p class=\"has-text-align-center\">For all occa\u00adsions \u2014 tradi\u00adtional, holy or casual!<\/p>\n<\/div>\n<\/div>","protected":false},"excerpt":{"rendered":"<p>Lempikuorolla on monta valmista ohjelmistoehdotusta erilaisiin tilanteisiin ja tunnelmiin! Otamme toki aina vastaan my\u00f6s laulutoiveita, kunhan niist\u00e4 sovitaan hyviss\u00e4 ajoin. Romanttista Armaan l\u00e4heisyysKaipaavaNuoruustangoPieni ja hento oteS\u00e5 skimrande var aldrig havetY\u00f6ll\u00e4 uimarantaan (Iisa) Serenadit:Gute nachtH\u00e4n kulkevi kuin yli kukkienMin\u00e4 laulan sun iltasi t\u00e4htihinNocturneRomanssiSua tervehdin Kes\u00e4ist\u00e4 Kev\u00e4tsointujaKes\u00e4illallaKes\u00e4p\u00e4iv\u00e4 KangasallaUnder h\u00e4ggarnaUti v\u00e5r hage Kevytt\u00e4 Euphoria (Loreen)Goodnight sweetheartIllan viimeinen tangoLauvantai-iltaPokemonRisainen [&hellip;]<\/p>\n","protected":false},"author":2,"featured_media":0,"parent":75,"menu_order":0,"comment_status":"closed","ping_status":"closed","template":"","meta":{"_editorskit_title_hidden":true,"_editorskit_reading_time":1,"_editorskit_is_block_options_detached":false,"_editorskit_block_options_position":"{}","_coblocks_attr":"","_coblocks_dimensions":"","_coblocks_responsive_height":"","_coblocks_accordion_ie_support":"","wp_typography_post_enhancements_disabled":false,"_monsterinsights_skip_tracking":false,"_monsterinsights_sitenote_active":false,"_monsterinsights_sitenote_note":"","_monsterinsights_sitenote_category":0,"cybocfi_hide_featured_image":""},"featured_image_urls_v2":{"full":"","thumbnail":"","medium":"","medium_large":"","large":"","1536x1536":"","2048x2048":"","trp-custom-language-flag":"","ab-block-post-grid-landscape":"","ab-block-post-grid-square":"","ultp_layout_landscape_large":"","ultp_layout_landscape":"","ultp_layout_portrait":"","ultp_layout_square":"","post-thumbnail":"","twentytwenty-fullscreen":"","woocommerce_thumbnail":"","woocommerce_single":"","woocommerce_gallery_thumbnail":""},"post_excerpt_stackable_v2":"<p>Lempikuorolla on monta valmista ohjelmistoehdotusta erilaisiin tilanteisiin ja tunnelmiin! Otamme toki aina vastaan my\u00f6s laulutoiveita, kunhan niist\u00e4 sovitaan hyviss\u00e4 ajoin. Romanttista Armaan l\u00e4heisyysKaipaavaNuoruustangoPieni ja hento oteS\u00e5 skimrande var aldrig havetY\u00f6ll\u00e4 uimarantaan (Iisa)Serenadit:Gute nachtH\u00e4n kulkevi kuin yli kukkienMin\u00e4 laulan sun iltasi t\u00e4htihinNocturneRomanssiSua tervehdin Kes\u00e4ist\u00e4 Kev\u00e4tsointujaKes\u00e4illallaKes\u00e4p\u00e4iv\u00e4 KangasallaUnder h\u00e4ggarnaUti v\u00e5r hage Kevytt\u00e4 Euphoria (Loreen)Goodnight sweetheartIllan viimeinen tangoLauvantai-iltaPokemonRisainen el\u00e4m\u00e4 (Juice)Sulle salaisuuden kertoa m\u00e4 voisin Perinteist\u00e4 Auringon noustessaFinlandia-hymniKatson virran kalvohonLapsuuden toverilleOn suuri sun rantas autiusSuomen lauluSyd\u00e4meni laulu Jouluista Joka l\u00e4ht\u00f6\u00f6n \u2013\u00a0perinteist\u00e4, harrasta ja kevyemp\u00e4\u00e4!<\/p>\n","category_list_v2":"","author_info_v2":{"name":"Elissa Shaw","url":"https:\/\/www.lempikuoro.fi\/en\/author\/elissa\/"},"comments_num_v2":"0 comments","yoast_head":"<!-- This site is optimized with the Yoast SEO plugin v21.5 - https:\/\/yoast.com\/wordpress\/plugins\/seo\/ -->\n<title>Keikkaohjelmisto - Lempikuoro<\/title>\n<meta name=\"description\" content=\"Lempikuorolla on monta valmista ohjelmistoa erilaisiin tilanteisiin ja tunnelmiin. Otamme toki aina vastaan my\u00f6s laulutoiveita!\" \/>\n<meta name=\"robots\" content=\"index, follow, max-snippet:-1, max-image-preview:large, max-video-preview:-1\" \/>\n<link rel=\"canonical\" href=\"https:\/\/www.lempikuoro.fi\/en\/tilaa-lempi\/keikkaohjelmisto\/\" \/>\n<meta property=\"og:locale\" content=\"en_GB\" \/>\n<meta property=\"og:type\" content=\"article\" \/>\n<meta property=\"og:title\" content=\"Keikkaohjelmisto - Lempikuoro\" \/>\n<meta property=\"og:description\" content=\"Lempikuorolla on monta valmista ohjelmistoa erilaisiin tilanteisiin ja tunnelmiin. Otamme toki aina vastaan my\u00f6s laulutoiveita!\" \/>\n<meta property=\"og:url\" content=\"https:\/\/www.lempikuoro.fi\/en\/tilaa-lempi\/keikkaohjelmisto\/\" \/>\n<meta property=\"og:site_name\" content=\"Lempikuoro\" \/>\n<meta property=\"article:publisher\" content=\"https:\/\/www.facebook.com\/lempikuoro\" \/>\n<meta property=\"article:modified_time\" content=\"2023-06-11T11:47:35+00:00\" \/>\n<meta name=\"twitter:card\" content=\"summary_large_image\" \/>\n<meta name=\"twitter:label1\" content=\"Estimated reading time\" \/>\n\t<meta name=\"twitter:data1\" content=\"1 minute\" \/>\n<script type=\"application\/ld+json\" class=\"yoast-schema-graph\">{\"@context\":\"https:\/\/schema.org\",\"@graph\":[{\"@type\":\"WebPage\",\"@id\":\"https:\/\/www.lempikuoro.fi\/tilaa-lempi\/keikkaohjelmisto\/\",\"url\":\"https:\/\/www.lempikuoro.fi\/tilaa-lempi\/keikkaohjelmisto\/\",\"name\":\"Keikkaohjelmisto - Lempikuoro\",\"isPartOf\":{\"@id\":\"https:\/\/www.lempikuoro.fi\/#website\"},\"datePublished\":\"2020-10-19T16:53:54+00:00\",\"dateModified\":\"2023-06-11T11:47:35+00:00\",\"description\":\"Lempikuorolla on monta valmista ohjelmistoa erilaisiin tilanteisiin ja tunnelmiin. Otamme toki aina vastaan my\u00f6s laulutoiveita!\",\"breadcrumb\":{\"@id\":\"https:\/\/www.lempikuoro.fi\/tilaa-lempi\/keikkaohjelmisto\/#breadcrumb\"},\"inLanguage\":\"en-GB\",\"potentialAction\":[{\"@type\":\"ReadAction\",\"target\":[\"https:\/\/www.lempikuoro.fi\/tilaa-lempi\/keikkaohjelmisto\/\"]}]},{\"@type\":\"BreadcrumbList\",\"@id\":\"https:\/\/www.lempikuoro.fi\/tilaa-lempi\/keikkaohjelmisto\/#breadcrumb\",\"itemListElement\":[{\"@type\":\"ListItem\",\"position\":1,\"name\":\"Home\",\"item\":\"https:\/\/www.lempikuoro.fi\/\"},{\"@type\":\"ListItem\",\"position\":2,\"name\":\"TILAA LEMPI\",\"item\":\"https:\/\/www.lempikuoro.fi\/tilaa-lempi\/\"},{\"@type\":\"ListItem\",\"position\":3,\"name\":\"Keikkaohjelmisto\"}]},{\"@type\":\"WebSite\",\"@id\":\"https:\/\/www.lempikuoro.fi\/#website\",\"url\":\"https:\/\/www.lempikuoro.fi\/\",\"name\":\"Lempikuoro\",\"description\":\"\",\"publisher\":{\"@id\":\"https:\/\/www.lempikuoro.fi\/#organization\"},\"potentialAction\":[{\"@type\":\"SearchAction\",\"target\":{\"@type\":\"EntryPoint\",\"urlTemplate\":\"https:\/\/www.lempikuoro.fi\/?s={search_term_string}\"},\"query-input\":\"required name=search_term_string\"}],\"inLanguage\":\"en-GB\"},{\"@type\":\"Organization\",\"@id\":\"https:\/\/www.lempikuoro.fi\/#organization\",\"name\":\"Lempikuoro\",\"url\":\"https:\/\/www.lempikuoro.fi\/\",\"logo\":{\"@type\":\"ImageObject\",\"inLanguage\":\"en-GB\",\"@id\":\"https:\/\/www.lempikuoro.fi\/#\/schema\/logo\/image\/\",\"url\":\"https:\/\/www.lempikuoro.fi\/wp-content\/uploads\/2020\/10\/Lempilogo_mustavalko2-scaled.jpeg\",\"contentUrl\":\"https:\/\/www.lempikuoro.fi\/wp-content\/uploads\/2020\/10\/Lempilogo_mustavalko2-scaled.jpeg\",\"width\":2560,\"height\":1810,\"caption\":\"Lempikuoro\"},\"image\":{\"@id\":\"https:\/\/www.lempikuoro.fi\/#\/schema\/logo\/image\/\"},\"sameAs\":[\"https:\/\/www.facebook.com\/lempikuoro\",\"https:\/\/www.instagram.com\/lempikuoro\/\",\"https:\/\/www.youtube.com\/channel\/UCm_CS0Ua7SgpTTpxF7Q91dQ\"]}]}<\/script>\n<!-- \/ Yoast SEO plugin. -->","yoast_head_json":{"title":"Keik\u00adkaoh\u00adjel\u00admisto \u2014 Lempikuoro","description":"Lempi\u00adkuo\u00adrolla on monta valmista ohjel\u00admistoa erilai\u00adsiin tilan\u00adtei\u00adsiin ja tunnel\u00admiin. Otamme toki aina vastaan my\u00f6s laulutoiveita!","robots":{"index":"index","follow":"follow","max-snippet":"max-snippet:-1","max-image-preview":"max-image-preview:large","max-video-preview":"max-video-preview:-1"},"canonical":"https:\/\/www.lempikuoro.fi\/en\/tilaa-lempi\/keikkaohjelmisto\/","og_locale":"en_GB","og_type":"article","og_title":"Keikkaohjelmisto - Lempikuoro","og_description":"Lempikuorolla on monta valmista ohjelmistoa erilaisiin tilanteisiin ja tunnelmiin. Otamme toki aina vastaan my\u00f6s laulutoiveita!","og_url":"https:\/\/www.lempikuoro.fi\/en\/tilaa-lempi\/keikkaohjelmisto\/","og_site_name":"Lempikuoro","article_publisher":"https:\/\/www.facebook.com\/lempikuoro","article_modified_time":"2023-06-11T11:47:35+00:00","twitter_card":"summary_large_image","twitter_misc":{"Estimated reading time":"1 minute"},"schema":{"@context":"https:\/\/schema.org","@graph":[{"@type":"WebPage","@id":"https:\/\/www.lempikuoro.fi\/tilaa-lempi\/keikkaohjelmisto\/","url":"https:\/\/www.lempikuoro.fi\/tilaa-lempi\/keikkaohjelmisto\/","name":"Keik\u00adkaoh\u00adjel\u00admisto \u2014 Lempikuoro","isPartOf":{"@id":"https:\/\/www.lempikuoro.fi\/#website"},"datePublished":"2020-10-19T16:53:54+00:00","dateModified":"2023-06-11T11:47:35+00:00","description":"Lempi\u00adkuo\u00adrolla on monta valmista ohjel\u00admistoa erilai\u00adsiin tilan\u00adtei\u00adsiin ja tunnel\u00admiin. Otamme toki aina vastaan my\u00f6s laulutoiveita!","breadcrumb":{"@id":"https:\/\/www.lempikuoro.fi\/tilaa-lempi\/keikkaohjelmisto\/#breadcrumb"},"inLanguage":"en-GB","potentialAction":[{"@type":"ReadAction","target":["https:\/\/www.lempikuoro.fi\/tilaa-lempi\/keikkaohjelmisto\/"]}]},{"@type":"BreadcrumbList","@id":"https:\/\/www.lempikuoro.fi\/tilaa-lempi\/keikkaohjelmisto\/#breadcrumb","itemListElement":[{"@type":"ListItem","position":1,"name":"Home","item":"https:\/\/www.lempikuoro.fi\/"},{"@type":"ListItem","position":2,"name":"TILAA LEMPI","item":"https:\/\/www.lempikuoro.fi\/tilaa-lempi\/"},{"@type":"ListItem","position":3,"name":"Keikkaohjelmisto"}]},{"@type":"WebSite","@id":"https:\/\/www.lempikuoro.fi\/#website","url":"https:\/\/www.lempikuoro.fi\/","name":"Lempi\u00adkuoro","description":"","publisher":{"@id":"https:\/\/www.lempikuoro.fi\/#organization"},"potentialAction":[{"@type":"SearchAction","target":{"@type":"EntryPoint","urlTemplate":"https:\/\/www.lempikuoro.fi\/?s={search_term_string}"},"query-input":"required name=search_term_string"}],"inLanguage":"en-GB"},{"@type":"Organization","@id":"https:\/\/www.lempikuoro.fi\/#organization","name":"Lempi\u00adkuoro","url":"https:\/\/www.lempikuoro.fi\/","logo":{"@type":"ImageObject","inLanguage":"en-GB","@id":"https:\/\/www.lempikuoro.fi\/#\/schema\/logo\/image\/","url":"https:\/\/www.lempikuoro.fi\/wp-content\/uploads\/2020\/10\/Lempilogo_mustavalko2-scaled.jpeg","contentUrl":"https:\/\/www.lempikuoro.fi\/wp-content\/uploads\/2020\/10\/Lempilogo_mustavalko2-scaled.jpeg","width":2560,"height":1810,"caption":"Lempikuoro"},"image":{"@id":"https:\/\/www.lempikuoro.fi\/#\/schema\/logo\/image\/"},"sameAs":["https:\/\/www.facebook.com\/lempikuoro","https:\/\/www.instagram.com\/lempikuoro\/","https:\/\/www.youtube.com\/channel\/UCm_CS0Ua7SgpTTpxF7Q91dQ"]}]}},"featured_image_src":null,"featured_image_src_square":null,"_links":{"self":[{"href":"https:\/\/www.lempikuoro.fi\/en\/wp-json\/wp\/v2\/pages\/715"}],"collection":[{"href":"https:\/\/www.lempikuoro.fi\/en\/wp-json\/wp\/v2\/pages"}],"about":[{"href":"https:\/\/www.lempikuoro.fi\/en\/wp-json\/wp\/v2\/types\/page"}],"author":[{"embeddable":true,"href":"https:\/\/www.lempikuoro.fi\/en\/wp-json\/wp\/v2\/users\/2"}],"replies":[{"embeddable":true,"href":"https:\/\/www.lempikuoro.fi\/en\/wp-json\/wp\/v2\/comments?post=715"}],"version-history":[{"count":20,"href":"https:\/\/www.lempikuoro.fi\/en\/wp-json\/wp\/v2\/pages\/715\/revisions"}],"predecessor-version":[{"id":2263,"href":"https:\/\/www.lempikuoro.fi\/en\/wp-json\/wp\/v2\/pages\/715\/revisions\/2263"}],"up":[{"embeddable":true,"href":"https:\/\/www.lempikuoro.fi\/en\/wp-json\/wp\/v2\/pages\/75"}],"wp:attachment":[{"href":"https:\/\/www.lempikuoro.fi\/en\/wp-json\/wp\/v2\/media?parent=715"}],"curies":[{"name":"wp","href":"https:\/\/api.w.org\/{rel}","templated":true}]}}