{"id":543,"date":"2020-10-07T05:53:19","date_gmt":"2020-10-07T05:53:19","guid":{"rendered":"http:\/\/www.lempikuoro.fi\/?page_id=543"},"modified":"2026-04-08T20:45:22","modified_gmt":"2026-04-08T18:45:22","slug":"konsertit","status":"publish","type":"page","link":"https:\/\/www.lempikuoro.fi\/en\/konsertit\/","title":{"rendered":"CONCERTS"},"content":{"rendered":"<div class=\"wp-block-stackable-feature-grid alignwide stk-block-feature-grid stk-block-columns stk-block stk-49ee28c is-style-default\" data-block-id=\"49ee28c\"><div class=\"stk-row stk-inner-blocks has-text-align-center stk-block-content stk-content-align stk-49ee28c-column alignwide\">\n<div class=\"wp-block-stackable-column stk-block-column stk-column stk-block stk-51f7432\" data-v=\"4\" data-block-id=\"51f7432\"><style>.stk-51f7432-container{margin-top:0px !important;margin-right:0px !important;margin-bottom:0px !important;margin-left:0px !important;background-color:#fbe8ee !important}.stk-51f7432{align-self:flex-start !important;max-width:658px !important;padding-top:0px !important;padding-right:0px !important;padding-bottom:0px !important;padding-left:0px !important;margin-right:auto !important;margin-left:auto !important}.stk-51f7432-inner-blocks{justify-content:flex-start !important}.stk-51f7432-container:before{background-color:#fbe8ee !important}@media screen and (max-width:767px){.stk-51f7432{padding-top:8px !important;padding-right:8px !important;padding-bottom:8px !important;padding-left:8px !important}}<\/style><div class=\"stk-column-wrapper stk-block-column__content stk-container stk-51f7432-container stk-hover-parent\"><div class=\"has-text-align-center stk--column-flex stk-block-content stk-inner-blocks stk-51f7432-inner-blocks\">\n<div class=\"wp-block-stackable-image stk-block-image stk-block stk-8c1a528\" data-block-id=\"8c1a528\"><style>.stk-8c1a528 .stk-img-wrapper{width:100% !important;height:100% !important}<\/style><figure><span class=\"stk-img-wrapper stk-image--shape-stretch\"><img decoding=\"async\" loading=\"lazy\" class=\"stk-img wp-image-3440\" src=\"https:\/\/www.lempikuoro.fi\/wp-content\/uploads\/2026\/04\/lintukoto-nettisivu.png\" width=\"1080\" height=\"1080\" srcset=\"https:\/\/www.lempikuoro.fi\/wp-content\/uploads\/2026\/04\/lintukoto-nettisivu.png 1080w, https:\/\/www.lempikuoro.fi\/wp-content\/uploads\/2026\/04\/lintukoto-nettisivu-300x300.png 300w, https:\/\/www.lempikuoro.fi\/wp-content\/uploads\/2026\/04\/lintukoto-nettisivu-1000x1000.png 1000w, https:\/\/www.lempikuoro.fi\/wp-content\/uploads\/2026\/04\/lintukoto-nettisivu-150x150.png 150w, https:\/\/www.lempikuoro.fi\/wp-content\/uploads\/2026\/04\/lintukoto-nettisivu-768x768.png 768w, https:\/\/www.lempikuoro.fi\/wp-content\/uploads\/2026\/04\/lintukoto-nettisivu-12x12.png 12w, https:\/\/www.lempikuoro.fi\/wp-content\/uploads\/2026\/04\/lintukoto-nettisivu-600x600.png 600w, https:\/\/www.lempikuoro.fi\/wp-content\/uploads\/2026\/04\/lintukoto-nettisivu-450x450.png 450w, https:\/\/www.lempikuoro.fi\/wp-content\/uploads\/2026\/04\/lintukoto-nettisivu-100x100.png 100w\" sizes=\"(max-width: 1080px) 100vw, 1080px\"><\/span><\/figure><\/div>\n\n\n\n<div class=\"wp-block-stackable-heading stk-block-heading stk-block-heading--v2 stk-block stk-e76420c\" id=\"lintukoto\" data-block-id=\"e76420c\"><style>.stk-e76420c{margin-bottom:0px !important}<\/style><h2 class=\"stk-block-heading__text\">Lintukoto<\/h2><\/div>\n\n\n\n<p>Johtaa <strong>Julia Lainema<\/strong><br>to 4.6. klo 19 Maunula-talossa<br>pe 5.6. klo 19 Maunula-talossa<br>Vapaa p\u00e4\u00e4sy, k\u00e4sioh\u00adjelma 20\/10e<br><br><a href=\"https:\/\/www.facebook.com\/events\/826272563213600\/826272586546931\" target=\"_blank\" rel=\"noreferrer noopener\">Face\u00adbook-tapah\u00adtuma<\/a><br><br><em>\u201cVasta\u00adrannan mets\u00e4 katoaa. N\u00e4ytt\u00e4\u00e4 oudolta. Aukko. Mietin niit\u00e4 kuikkia taas, ehk\u00e4 ne katoaa pois juuri tuon aukon kautta.\u201d<\/em><br><br>Lempi\u00adkuoron kev\u00e4t\u00adkon\u00adsertti kutsuu katso\u00admaan lintuja. Musiikkia ja puhetta yhdis\u00adt\u00e4\u00adv\u00e4ss\u00e4 esityk\u00adsess\u00e4 kuoron laulajat kertovat muis\u00adtois\u00adtaan, joissa fasaanit huutavat park\u00adki\u00adpai\u00adkalla, harakat laskevat m\u00e4ke\u00e4 ja sata\u00adkieli laulaa kotiin palaa\u00adjalle. Samaan aikaan kaiken yll\u00e4 leijuu uhka tule\u00advasta: mit\u00e4 linnuille k\u00e4y, kun niiden kodit katoavat?<br><br>Konsertin ohjel\u00admis\u00adtoon kuuluu muun muassa linnun\u00adlaulua imitoivaa renes\u00adsans\u00adsi\u00admusiikkia <strong>Cl\u00e9ment Janequi\u00adnilta<\/strong>, <strong>Mere\u00addith Monkin<\/strong> scifi-ooppe\u00adraan s\u00e4vel\u00adletty&nbsp;<em>Panda Chant II<\/em>&nbsp;and <strong>Teemu Tommolan<\/strong><em> Puna\u00adtulk\u00adku\u00admets\u00e4<\/em>, jossa lintujen \u00e4\u00e4net sekoit\u00adtuvat moot\u00adto\u00adri\u00adsahan jyri\u00adn\u00e4\u00e4n. Kantae\u00adsi\u00adtyk\u00adsen\u00e4 kuul\u00adlaan <strong>Antti Suoma\u00adlaisen<\/strong> teos&nbsp;<em>Rakkaani, mets\u00e4<\/em>.&nbsp;<br><br><strong>Kesto<\/strong>: 1,5 tuntia sis\u00e4l\u00adt\u00e4en v\u00e4liajan.<br><br><strong>P\u00e4\u00e4sy\u00adliput<\/strong>: Vapaa p\u00e4\u00e4sy. K\u00e4sioh\u00adjelma 20e, alen\u00adnus\u00adhin\u00adtainen k\u00e4sioh\u00adjelma 10e. Maksu k\u00e4tei\u00adsell\u00e4 ja kortilla. Tapah\u00adtu\u00admassa on k\u00e4yt\u00f6ss\u00e4 maksuton ennak\u00adko\u00adlippu. Liput tulevat varat\u00adta\u00advaksi 20.4.2026 alkaen lippu.fi-sivustolta.&nbsp;<br><br><strong>Esteet\u00adt\u00f6\u00admyys<\/strong>: Maunula-talon p\u00e4\u00e4si\u00ads\u00e4\u00e4n\u00adk\u00e4ynnin kautta esteet\u00f6n sis\u00e4\u00e4n\u00adp\u00e4\u00e4sy. Maunula-talon ylei\u00ads\u00f6lle tarkoi\u00adte\u00adtuissa tiloissa voi liikkua vapaasti py\u00f6r\u00e4\u00adtuo\u00adlilla tai muuta apuv\u00e4\u00adli\u00adnett\u00e4 k\u00e4yt\u00adt\u00e4en.<br><br><a href=\"https:\/\/maunulatalo.hel.fi\/yhteystiedot\/saapuminen-esteettomyys\/\" target=\"_blank\" rel=\"noreferrer noopener\">Lis\u00e4\u00adtie\u00adtoja esteet\u00adt\u00f6\u00admyy\u00addest\u00e4 Maunula-talon sivuilta.<\/a><\/p>\n<\/div><\/div><\/div>\n<\/div><\/div>\n\n\n\n<h4 class=\"has-text-align-center has-background\" style=\"background-color:#fbe8ee\"><strong><a class=\"ek-link ek-link\" href=\"http:\/\/www.lempikuoro.fi\/en\/konsertit\/menneet\/\">Past concerts &gt;<\/a><\/strong><\/h4>","protected":false},"excerpt":{"rendered":"<p>Lintukoto Johtaa Julia Lainemato 4.6. klo 19 Maunula-talossape 5.6. klo 19 Maunula-talossaVapaa p\u00e4\u00e4sy, k\u00e4siohjelma 20\/10e Facebook-tapahtuma \u201cVastarannan mets\u00e4 katoaa. N\u00e4ytt\u00e4\u00e4 oudolta. Aukko. Mietin niit\u00e4 kuikkia taas, ehk\u00e4 ne katoaa pois juuri tuon aukon kautta.\u201d Lempikuoron kev\u00e4tkonsertti kutsuu katsomaan lintuja. Musiikkia ja puhetta yhdist\u00e4v\u00e4ss\u00e4 esityksess\u00e4 kuoron laulajat kertovat muistoistaan, joissa fasaanit huutavat parkkipaikalla, harakat laskevat m\u00e4ke\u00e4 [&hellip;]<\/p>\n","protected":false},"author":1,"featured_media":0,"parent":0,"menu_order":0,"comment_status":"closed","ping_status":"closed","template":"","meta":{"_editorskit_title_hidden":true,"_editorskit_reading_time":1,"_editorskit_is_block_options_detached":false,"_editorskit_block_options_position":"{}","_coblocks_attr":"","_coblocks_dimensions":"","_coblocks_responsive_height":"","_coblocks_accordion_ie_support":"","wp_typography_post_enhancements_disabled":false,"_monsterinsights_skip_tracking":false,"_monsterinsights_sitenote_active":false,"_monsterinsights_sitenote_note":"","_monsterinsights_sitenote_category":0,"cybocfi_hide_featured_image":""},"featured_image_urls_v2":{"full":"","thumbnail":"","medium":"","medium_large":"","large":"","1536x1536":"","2048x2048":"","trp-custom-language-flag":"","ab-block-post-grid-landscape":"","ab-block-post-grid-square":"","ultp_layout_landscape_large":"","ultp_layout_landscape":"","ultp_layout_portrait":"","ultp_layout_square":"","post-thumbnail":"","twentytwenty-fullscreen":"","woocommerce_thumbnail":"","woocommerce_single":"","woocommerce_gallery_thumbnail":""},"post_excerpt_stackable_v2":"<p>Lintukoto Johtaa Julia Lainemato 4.6. klo 19 Maunula-talossape 5.6. klo 19 Maunula-talossaVapaa p\u00e4\u00e4sy, k\u00e4siohjelma 20\/10eFacebook-tapahtuma\u201cVastarannan mets\u00e4 katoaa. N\u00e4ytt\u00e4\u00e4 oudolta. Aukko. Mietin niit\u00e4 kuikkia taas, ehk\u00e4 ne katoaa pois juuri tuon aukon kautta.\u201dLempikuoron kev\u00e4tkonsertti kutsuu katsomaan lintuja. Musiikkia ja puhetta yhdist\u00e4v\u00e4ss\u00e4 esityksess\u00e4 kuoron laulajat kertovat muistoistaan, joissa fasaanit huutavat parkkipaikalla, harakat laskevat m\u00e4ke\u00e4 ja satakieli laulaa kotiin palaajalle. Samaan aikaan kaiken yll\u00e4 leijuu uhka tulevasta: mit\u00e4 linnuille k\u00e4y, kun niiden kodit katoavat?Konsertin ohjelmistoon kuuluu muun muassa linnunlaulua imitoivaa renessanssimusiikkia Cl\u00e9ment Janequinilta, Meredith Monkin scifi-oopperaan s\u00e4velletty\u00a0Panda Chant II\u00a0ja Teemu Tommolan Punatulkkumets\u00e4, jossa lintujen \u00e4\u00e4net sekoittuvat moottorisahan jyrin\u00e4\u00e4n. Kantaesityksen\u00e4 kuullaan Antti Suomalaisen teos\u00a0Rakkaani,&hellip;<\/p>\n","category_list_v2":"","author_info_v2":{"name":"admin","url":"https:\/\/www.lempikuoro.fi\/en\/author\/admin\/"},"comments_num_v2":"0 comments","yoast_head":"<!-- This site is optimized with the Yoast SEO plugin v21.5 - https:\/\/yoast.com\/wordpress\/plugins\/seo\/ -->\n<title>KONSERTIT - Lempikuoro<\/title>\n<meta name=\"description\" content=\"Tutustu konserttitarjontaamme ja tule paikan p\u00e4\u00e4lle kuuntelemaan! L\u00f6yd\u00e4t t\u00e4\u00e4lt\u00e4 sek\u00e4 tulevat ett\u00e4 menneet kuorokonserttimme.\" \/>\n<meta name=\"robots\" content=\"index, follow, max-snippet:-1, max-image-preview:large, max-video-preview:-1\" \/>\n<link rel=\"canonical\" href=\"https:\/\/www.lempikuoro.fi\/en\/konsertit\/\" \/>\n<meta property=\"og:locale\" content=\"en_GB\" \/>\n<meta property=\"og:type\" content=\"article\" \/>\n<meta property=\"og:title\" content=\"KONSERTIT - Lempikuoro\" \/>\n<meta property=\"og:description\" content=\"Tutustu konserttitarjontaamme ja tule paikan p\u00e4\u00e4lle kuuntelemaan! L\u00f6yd\u00e4t t\u00e4\u00e4lt\u00e4 sek\u00e4 tulevat ett\u00e4 menneet kuorokonserttimme.\" \/>\n<meta property=\"og:url\" content=\"https:\/\/www.lempikuoro.fi\/en\/konsertit\/\" \/>\n<meta property=\"og:site_name\" content=\"Lempikuoro\" \/>\n<meta property=\"article:publisher\" content=\"https:\/\/www.facebook.com\/lempikuoro\" \/>\n<meta property=\"article:modified_time\" content=\"2026-04-08T18:45:22+00:00\" \/>\n<meta property=\"og:image\" content=\"https:\/\/www.lempikuoro.fi\/wp-content\/uploads\/2026\/04\/lintukoto-nettisivu.png\" \/>\n<meta name=\"twitter:card\" content=\"summary_large_image\" \/>\n<meta name=\"twitter:label1\" content=\"Estimated reading time\" \/>\n\t<meta name=\"twitter:data1\" content=\"2 minutes\" \/>\n<script type=\"application\/ld+json\" class=\"yoast-schema-graph\">{\"@context\":\"https:\/\/schema.org\",\"@graph\":[{\"@type\":\"WebPage\",\"@id\":\"https:\/\/www.lempikuoro.fi\/konsertit\/\",\"url\":\"https:\/\/www.lempikuoro.fi\/konsertit\/\",\"name\":\"KONSERTIT - Lempikuoro\",\"isPartOf\":{\"@id\":\"https:\/\/www.lempikuoro.fi\/#website\"},\"datePublished\":\"2020-10-07T05:53:19+00:00\",\"dateModified\":\"2026-04-08T18:45:22+00:00\",\"description\":\"Tutustu konserttitarjontaamme ja tule paikan p\u00e4\u00e4lle kuuntelemaan! L\u00f6yd\u00e4t t\u00e4\u00e4lt\u00e4 sek\u00e4 tulevat ett\u00e4 menneet kuorokonserttimme.\",\"breadcrumb\":{\"@id\":\"https:\/\/www.lempikuoro.fi\/konsertit\/#breadcrumb\"},\"inLanguage\":\"en-GB\",\"potentialAction\":[{\"@type\":\"ReadAction\",\"target\":[\"https:\/\/www.lempikuoro.fi\/konsertit\/\"]}]},{\"@type\":\"BreadcrumbList\",\"@id\":\"https:\/\/www.lempikuoro.fi\/konsertit\/#breadcrumb\",\"itemListElement\":[{\"@type\":\"ListItem\",\"position\":1,\"name\":\"Home\",\"item\":\"https:\/\/www.lempikuoro.fi\/\"},{\"@type\":\"ListItem\",\"position\":2,\"name\":\"KONSERTIT\"}]},{\"@type\":\"WebSite\",\"@id\":\"https:\/\/www.lempikuoro.fi\/#website\",\"url\":\"https:\/\/www.lempikuoro.fi\/\",\"name\":\"Lempikuoro\",\"description\":\"\",\"publisher\":{\"@id\":\"https:\/\/www.lempikuoro.fi\/#organization\"},\"potentialAction\":[{\"@type\":\"SearchAction\",\"target\":{\"@type\":\"EntryPoint\",\"urlTemplate\":\"https:\/\/www.lempikuoro.fi\/?s={search_term_string}\"},\"query-input\":\"required name=search_term_string\"}],\"inLanguage\":\"en-GB\"},{\"@type\":\"Organization\",\"@id\":\"https:\/\/www.lempikuoro.fi\/#organization\",\"name\":\"Lempikuoro\",\"url\":\"https:\/\/www.lempikuoro.fi\/\",\"logo\":{\"@type\":\"ImageObject\",\"inLanguage\":\"en-GB\",\"@id\":\"https:\/\/www.lempikuoro.fi\/#\/schema\/logo\/image\/\",\"url\":\"https:\/\/www.lempikuoro.fi\/wp-content\/uploads\/2020\/10\/Lempilogo_mustavalko2-scaled.jpeg\",\"contentUrl\":\"https:\/\/www.lempikuoro.fi\/wp-content\/uploads\/2020\/10\/Lempilogo_mustavalko2-scaled.jpeg\",\"width\":2560,\"height\":1810,\"caption\":\"Lempikuoro\"},\"image\":{\"@id\":\"https:\/\/www.lempikuoro.fi\/#\/schema\/logo\/image\/\"},\"sameAs\":[\"https:\/\/www.facebook.com\/lempikuoro\",\"https:\/\/www.instagram.com\/lempikuoro\/\",\"https:\/\/www.youtube.com\/channel\/UCm_CS0Ua7SgpTTpxF7Q91dQ\"]}]}<\/script>\n<!-- \/ Yoast SEO plugin. -->","yoast_head_json":{"title":"KONSERTIT \u2014 Lempikuoro","description":"Tutustu konsert\u00adti\u00adtar\u00adjon\u00adtaamme ja tule paikan p\u00e4\u00e4lle kuun\u00adte\u00adle\u00admaan! L\u00f6yd\u00e4t t\u00e4\u00e4lt\u00e4 sek\u00e4 tulevat ett\u00e4 menneet kuorokonserttimme.","robots":{"index":"index","follow":"follow","max-snippet":"max-snippet:-1","max-image-preview":"max-image-preview:large","max-video-preview":"max-video-preview:-1"},"canonical":"https:\/\/www.lempikuoro.fi\/en\/konsertit\/","og_locale":"en_GB","og_type":"article","og_title":"KONSERTIT - Lempikuoro","og_description":"Tutustu konserttitarjontaamme ja tule paikan p\u00e4\u00e4lle kuuntelemaan! L\u00f6yd\u00e4t t\u00e4\u00e4lt\u00e4 sek\u00e4 tulevat ett\u00e4 menneet kuorokonserttimme.","og_url":"https:\/\/www.lempikuoro.fi\/en\/konsertit\/","og_site_name":"Lempikuoro","article_publisher":"https:\/\/www.facebook.com\/lempikuoro","article_modified_time":"2026-04-08T18:45:22+00:00","og_image":[{"url":"https:\/\/www.lempikuoro.fi\/wp-content\/uploads\/2026\/04\/lintukoto-nettisivu.png"}],"twitter_card":"summary_large_image","twitter_misc":{"Estimated reading time":"2 minutes"},"schema":{"@context":"https:\/\/schema.org","@graph":[{"@type":"WebPage","@id":"https:\/\/www.lempikuoro.fi\/konsertit\/","url":"https:\/\/www.lempikuoro.fi\/konsertit\/","name":"KONSERTIT \u2014 Lempikuoro","isPartOf":{"@id":"https:\/\/www.lempikuoro.fi\/#website"},"datePublished":"2020-10-07T05:53:19+00:00","dateModified":"2026-04-08T18:45:22+00:00","description":"Tutustu konsert\u00adti\u00adtar\u00adjon\u00adtaamme ja tule paikan p\u00e4\u00e4lle kuun\u00adte\u00adle\u00admaan! L\u00f6yd\u00e4t t\u00e4\u00e4lt\u00e4 sek\u00e4 tulevat ett\u00e4 menneet kuorokonserttimme.","breadcrumb":{"@id":"https:\/\/www.lempikuoro.fi\/konsertit\/#breadcrumb"},"inLanguage":"en-GB","potentialAction":[{"@type":"ReadAction","target":["https:\/\/www.lempikuoro.fi\/konsertit\/"]}]},{"@type":"BreadcrumbList","@id":"https:\/\/www.lempikuoro.fi\/konsertit\/#breadcrumb","itemListElement":[{"@type":"ListItem","position":1,"name":"Home","item":"https:\/\/www.lempikuoro.fi\/"},{"@type":"ListItem","position":2,"name":"KONSERTIT"}]},{"@type":"WebSite","@id":"https:\/\/www.lempikuoro.fi\/#website","url":"https:\/\/www.lempikuoro.fi\/","name":"Lempi\u00adkuoro","description":"","publisher":{"@id":"https:\/\/www.lempikuoro.fi\/#organization"},"potentialAction":[{"@type":"SearchAction","target":{"@type":"EntryPoint","urlTemplate":"https:\/\/www.lempikuoro.fi\/?s={search_term_string}"},"query-input":"required name=search_term_string"}],"inLanguage":"en-GB"},{"@type":"Organization","@id":"https:\/\/www.lempikuoro.fi\/#organization","name":"Lempi\u00adkuoro","url":"https:\/\/www.lempikuoro.fi\/","logo":{"@type":"ImageObject","inLanguage":"en-GB","@id":"https:\/\/www.lempikuoro.fi\/#\/schema\/logo\/image\/","url":"https:\/\/www.lempikuoro.fi\/wp-content\/uploads\/2020\/10\/Lempilogo_mustavalko2-scaled.jpeg","contentUrl":"https:\/\/www.lempikuoro.fi\/wp-content\/uploads\/2020\/10\/Lempilogo_mustavalko2-scaled.jpeg","width":2560,"height":1810,"caption":"Lempikuoro"},"image":{"@id":"https:\/\/www.lempikuoro.fi\/#\/schema\/logo\/image\/"},"sameAs":["https:\/\/www.facebook.com\/lempikuoro","https:\/\/www.instagram.com\/lempikuoro\/","https:\/\/www.youtube.com\/channel\/UCm_CS0Ua7SgpTTpxF7Q91dQ"]}]}},"featured_image_src":null,"featured_image_src_square":null,"_links":{"self":[{"href":"https:\/\/www.lempikuoro.fi\/en\/wp-json\/wp\/v2\/pages\/543"}],"collection":[{"href":"https:\/\/www.lempikuoro.fi\/en\/wp-json\/wp\/v2\/pages"}],"about":[{"href":"https:\/\/www.lempikuoro.fi\/en\/wp-json\/wp\/v2\/types\/page"}],"author":[{"embeddable":true,"href":"https:\/\/www.lempikuoro.fi\/en\/wp-json\/wp\/v2\/users\/1"}],"replies":[{"embeddable":true,"href":"https:\/\/www.lempikuoro.fi\/en\/wp-json\/wp\/v2\/comments?post=543"}],"version-history":[{"count":182,"href":"https:\/\/www.lempikuoro.fi\/en\/wp-json\/wp\/v2\/pages\/543\/revisions"}],"predecessor-version":[{"id":3544,"href":"https:\/\/www.lempikuoro.fi\/en\/wp-json\/wp\/v2\/pages\/543\/revisions\/3544"}],"wp:attachment":[{"href":"https:\/\/www.lempikuoro.fi\/en\/wp-json\/wp\/v2\/media?parent=543"}],"curies":[{"name":"wp","href":"https:\/\/api.w.org\/{rel}","templated":true}]}}