{"id":337,"date":"2020-10-06T11:03:30","date_gmt":"2020-10-06T11:03:30","guid":{"rendered":"http:\/\/www.lempikuoro.fi\/?page_id=337"},"modified":"2024-02-14T20:56:27","modified_gmt":"2024-02-14T18:56:27","slug":"yhteystiedot","status":"publish","type":"page","link":"https:\/\/www.lempikuoro.fi\/en\/yhteystiedot\/","title":{"rendered":"CONTACT"},"content":{"rendered":"<div class=\"wp-block-columns is-layout-flex wp-container-2\">\n<div class=\"wp-block-column has-mobile-text-align-left is-layout-flow\">\n<h4 class=\"wp-block-heading has-text-align-center\">Lempikuoro ry<\/h4>\n\n\n\n<div class=\"wp-block-stackable-columns alignwide stk-block-columns stk-block stk-2516369\" data-block-id=\"2516369\"><div class=\"stk-row stk-inner-blocks stk-block-content stk-content-align stk-2516369-column alignwide\">\n<div class=\"wp-block-stackable-column stk-block-column stk-column stk-block stk-c1d7234\" data-v=\"4\" data-block-id=\"c1d7234\"><style>.stk-c1d7234-container{margin-top:12px !important;margin-right:12px !important;margin-bottom:12px !important;margin-left:12px !important}<\/style><div class=\"stk-column-wrapper stk-block-column__content stk-container stk-c1d7234-container stk--no-background stk--no-padding\"><div class=\"stk-block-content stk-inner-blocks stk-c1d7234-inner-blocks\">\n<p class=\"has-text-align-center mb-0 pb-0\"><strong>3117230\u20137<\/strong><br><br><strong>General info<\/strong><br><a aria-label=\" (opens in a new tab)\" href=\"mailto:info@lempikuoro.fi\" target=\"_blank\" rel=\"noreferrer noopener\" class=\"ek-link\">info@lempikuoro.fi<\/a><\/p>\n\n\n\n<p class=\"has-text-align-center mb-0 pb-0\"><strong>Artistic director<\/strong><br>Julia Lainema<br><a href=\"mailto:julia@lempikuoro.fi\" class=\"ek-link\">julia@lempikuoro.fi<\/a><\/p>\n\n\n\n<p class=\"has-text-align-center mb-0 pb-0\"><strong>Private occa\u00adsions and colla\u00adbo\u00adra\u00adtions<\/strong><br><a class=\"ek-link ek-link\" href=\"mailto:keikat@lempikuoro.fi\">keikat@lempikuoro.fi<\/a><\/p>\n\n\n\n<p class=\"has-text-align-center\"><strong>Inte\u00adrested in singing?<\/strong><br><a href=\"mailto:rekry@lempikuoro.fi\" class=\"ek-link\">rekry@lempikuoro.fi<\/a><br><br><strong>Board<\/strong><br><a href=\"mailto:hallitus@lempikuoro.fi\" target=\"_blank\" rel=\"noreferrer noopener\" class=\"ek-link\">hallitus@lempikuoro.fi<\/a><\/p>\n<\/div><\/div><\/div>\n\n\n\n<div class=\"wp-block-stackable-column stk-block-column stk-column stk-block stk-d65d35c\" data-v=\"4\" data-block-id=\"d65d35c\"><style>.stk-d65d35c-container{margin-top:12px !important;margin-right:12px !important;margin-bottom:12px !important;margin-left:12px !important}.stk-d65d35c{align-self:flex-start !important}.stk-d65d35c-inner-blocks{justify-content:flex-start !important}<\/style><div class=\"stk-column-wrapper stk-block-column__content stk-container stk-d65d35c-container stk--no-background stk--no-padding\"><div class=\"stk--column-flex stk-block-content stk-inner-blocks stk-d65d35c-inner-blocks\">\n<figure class=\"wp-block-image size-large mb-0 mt-0\"><img decoding=\"async\" loading=\"lazy\" width=\"1000\" height=\"966\" src=\"https:\/\/www.lempikuoro.fi\/wp-content\/uploads\/2024\/02\/Malmiterkut-1000x966.jpg\" alt class=\"wp-image-2707\" srcset=\"https:\/\/www.lempikuoro.fi\/wp-content\/uploads\/2024\/02\/Malmiterkut-1000x966.jpg 1000w, https:\/\/www.lempikuoro.fi\/wp-content\/uploads\/2024\/02\/Malmiterkut-300x290.jpg 300w, https:\/\/www.lempikuoro.fi\/wp-content\/uploads\/2024\/02\/Malmiterkut-768x742.jpg 768w, https:\/\/www.lempikuoro.fi\/wp-content\/uploads\/2024\/02\/Malmiterkut-1536x1484.jpg 1536w, https:\/\/www.lempikuoro.fi\/wp-content\/uploads\/2024\/02\/Malmiterkut-2048x1979.jpg 2048w, https:\/\/www.lempikuoro.fi\/wp-content\/uploads\/2024\/02\/Malmiterkut-12x12.jpg 12w, https:\/\/www.lempikuoro.fi\/wp-content\/uploads\/2024\/02\/Malmiterkut-1200x1160.jpg 1200w, https:\/\/www.lempikuoro.fi\/wp-content\/uploads\/2024\/02\/Malmiterkut-1980x1913.jpg 1980w, https:\/\/www.lempikuoro.fi\/wp-content\/uploads\/2024\/02\/Malmiterkut-600x580.jpg 600w\" sizes=\"(max-width: 1000px) 100vw, 1000px\"><\/figure>\n<\/div><\/div><\/div>\n<\/div><\/div>\n<\/div>\n<\/div>\n\n\n<div class=\"wp-block-coblocks-social wp-block-coblocks-social-profiles is-style-circular has-text-align-center has-colors has-button-size-lrg\"><ul><li>\n\t\t\t\t\t<a href=\"http:\/\/www.facebook.com\/lempikuoro\" class=\"wp-block-button__link wp-block-coblocks-social__button wp-block-coblocks-social__button--facebook     has-padding\" title=\"Facebook\" style=\"border-radius: 50px;padding:18px;\" target=\"_blank\" rel=\"noopener noreferrer\">\n\t\t\t\t\t\t<span class=\"wp-block-coblocks-social__icon\" style=\"height:38px;width: 38px;\"><\/span>\n\t\t\t\t\t\t<span class=\"wp-block-coblocks-social__text\">Face\u00adbook<\/span>\n\t\t\t\t\t<\/a>\n\t\t\t\t<\/li><li>\n\t\t\t\t\t<a href=\"http:\/\/www.instagram.com\/lempikuoro\" class=\"wp-block-button__link wp-block-coblocks-social__button wp-block-coblocks-social__button--instagram     has-padding\" title=\"Instagram\" style=\"border-radius: 50px;padding:18px;\" target=\"_blank\" rel=\"noopener noreferrer\">\n\t\t\t\t\t\t<span class=\"wp-block-coblocks-social__icon\" style=\"height:38px;width: 38px;\"><\/span>\n\t\t\t\t\t\t<span class=\"wp-block-coblocks-social__text\">Insta\u00adgram<\/span>\n\t\t\t\t\t<\/a>\n\t\t\t\t<\/li><li>\n\t\t\t\t\t<a href=\"https:\/\/www.youtube.com\/channel\/UCm_CS0Ua7SgpTTpxF7Q91dQ\" class=\"wp-block-button__link wp-block-coblocks-social__button wp-block-coblocks-social__button--youtube     has-padding\" title=\"YouTube\" style=\"border-radius: 50px;padding:18px;\" target=\"_blank\" rel=\"noopener noreferrer\">\n\t\t\t\t\t\t<span class=\"wp-block-coblocks-social__icon\" style=\"height:38px;width: 38px;\"><\/span>\n\t\t\t\t\t\t<span class=\"wp-block-coblocks-social__text\">YouTube<\/span>\n\t\t\t\t\t<\/a>\n\t\t\t\t<\/li><\/ul><\/div>\n\n\n<p class=\"has-background\" style=\"background-color:#fbe8ee\">Lempi rehearses on Thursday evenings at Seura\u00adkun\u00adta\u00adkeskus Rasti in Ruskeasuo, Helsinki. Check your route on the map&nbsp;below:<\/p>\n\n\n\n<div style=\"min-height:400px\" data-map-attr=\"\/qaddress\/q:\/qSeurakuntakeskus Rasti\/q||\/qlat\/q:\/qundefined\/q||\/qlng\/q:\/qundefined\/q||\/qskin\/q:\/qstandard\/q||\/qzoom\/q:\/q12\/q||\/qiconSize\/q:\/q36\/q||\/qmapTypeControl\/q:\/qtrue\/q||\/qzoomControl\/q:\/qtrue\/q||\/qstreetViewControl\/q:\/qtrue\/q||\/qfullscreenControl\/q:\/qtrue\/q\" class=\"wp-block-coblocks-map\"><iframe title=\"Google Map\" frameborder=\"0\" style=\"width:100%;min-height:400px\" src=\"https:\/\/www.google.com\/maps?q=Seurakuntakeskus%20Rasti&amp;output=embed&amp;hl=en-GB&amp;z=12\"><\/iframe><\/div>\n\n\n\n<p class=\"has-text-align-center has-background has-karla-font-family has-custom-font\" style=\"background-color:#fbe8ee;font-family:Karla\"><strong>Web design, content, copy, ticket shop and trans\u00adla\u00adtions: <\/strong>Elissa Shaw<br><strong>Graphic design:<\/strong> Xiaoyu Chen and Lotta Hyv\u00e4\u00adrinen<br><strong>Most of the photos: <\/strong>Pyry Kantonen<\/p>","protected":false},"excerpt":{"rendered":"<p>Lempi\u00adkuoro ry 3117230\u20137 Yleinen viestint\u00e4info@lempikuoro.fi Taiteel\u00adlinen johta\u00adja\u00adJulia Lainemajulia@lempikuoro.fi Yksi\u00adtyis\u00adti\u00adlai\u00adsuudet ja yhteisty\u00f6tkeikat@lempikuoro.fi Laulajaksi?rekry@lempikuoro.fi Hallitushallitus@lempikuoro.fi Lempi\u00adkuoro harjoit\u00adtelee torstai-iltaisin&nbsp;Helsingin Ruskea\u00adsuolla Seura\u00adkun\u00adta\u00adkeskus Rastissa (Tenho\u00adlantie 6). Katso reitti kartasta: Web design, sis\u00e4l\u00adl\u00f6n\u00adtuo\u00adtanto, lippu\u00adkauppa ja k\u00e4\u00e4n\u00adn\u00f6kset: Elissa Shaw\u00adGraa\u00adfinen suun\u00adnit\u00adtelu: Xiaoyu Chen ja Lotta Hyv\u00e4\u00adri\u00adnen\u00adSuurin osa valo\u00adku\u00advista: Pyry Kantonen<\/p>","protected":false},"author":1,"featured_media":0,"parent":0,"menu_order":0,"comment_status":"closed","ping_status":"closed","template":"","meta":{"_editorskit_title_hidden":true,"_editorskit_reading_time":1,"_editorskit_is_block_options_detached":false,"_editorskit_block_options_position":"{}","_coblocks_attr":"Karla,Karla","_coblocks_dimensions":"","_coblocks_responsive_height":"","_coblocks_accordion_ie_support":"","wp_typography_post_enhancements_disabled":false,"_monsterinsights_skip_tracking":false,"_monsterinsights_sitenote_active":false,"_monsterinsights_sitenote_note":"","_monsterinsights_sitenote_category":0,"cybocfi_hide_featured_image":""},"featured_image_urls_v2":{"full":"","thumbnail":"","medium":"","medium_large":"","large":"","1536x1536":"","2048x2048":"","trp-custom-language-flag":"","ab-block-post-grid-landscape":"","ab-block-post-grid-square":"","ultp_layout_landscape_large":"","ultp_layout_landscape":"","ultp_layout_portrait":"","ultp_layout_square":"","post-thumbnail":"","twentytwenty-fullscreen":"","woocommerce_thumbnail":"","woocommerce_single":"","woocommerce_gallery_thumbnail":""},"post_excerpt_stackable_v2":"<p>Lempikuoro ry 3117230-7Yleinen viestint\u00e4info@lempikuoro.fi Taiteellinen johtajaJulia Lainemajulia@lempikuoro.fi Yksityistilaisuudet ja yhteisty\u00f6tkeikat@lempikuoro.fi Laulajaksi?rekry@lempikuoro.fiHallitushallitus@lempikuoro.fi Facebook Instagram YouTube Lempikuoro harjoittelee torstai-iltaisin&nbsp;Helsingin Ruskeasuolla Seurakuntakeskus Rastissa (Tenholantie 6). Katso reitti kartasta: Web design, sis\u00e4ll\u00f6ntuotanto, lippukauppa ja k\u00e4\u00e4nn\u00f6kset: Elissa ShawGraafinen suunnittelu: Xiaoyu Chen ja Lotta Hyv\u00e4rinenSuurin osa valokuvista: Pyry Kantonen<\/p>\n","category_list_v2":"","author_info_v2":{"name":"admin","url":"https:\/\/www.lempikuoro.fi\/en\/author\/admin\/"},"comments_num_v2":"0 comments","yoast_head":"<!-- This site is optimized with the Yoast SEO plugin v21.5 - https:\/\/yoast.com\/wordpress\/plugins\/seo\/ -->\n<title>YHTEYSTIEDOT - Lempikuoro<\/title>\n<meta name=\"description\" content=\"Ota Lempiin yhteytt\u00e4 ja tutustutaan! T\u00e4\u00e4lt\u00e4 l\u00f6yd\u00e4t kaikki yhteystietomme.\" \/>\n<meta name=\"robots\" content=\"index, follow, max-snippet:-1, max-image-preview:large, max-video-preview:-1\" \/>\n<link rel=\"canonical\" href=\"https:\/\/www.lempikuoro.fi\/en\/yhteystiedot\/\" \/>\n<meta property=\"og:locale\" content=\"en_GB\" \/>\n<meta property=\"og:type\" content=\"article\" \/>\n<meta property=\"og:title\" content=\"YHTEYSTIEDOT - Lempikuoro\" \/>\n<meta property=\"og:description\" content=\"Ota Lempiin yhteytt\u00e4 ja tutustutaan! T\u00e4\u00e4lt\u00e4 l\u00f6yd\u00e4t kaikki yhteystietomme.\" \/>\n<meta property=\"og:url\" content=\"https:\/\/www.lempikuoro.fi\/en\/yhteystiedot\/\" \/>\n<meta property=\"og:site_name\" content=\"Lempikuoro\" \/>\n<meta property=\"article:publisher\" content=\"https:\/\/www.facebook.com\/lempikuoro\" \/>\n<meta property=\"article:modified_time\" content=\"2024-02-14T18:56:27+00:00\" \/>\n<meta property=\"og:image\" content=\"https:\/\/www.lempikuoro.fi\/wp-content\/uploads\/2024\/02\/Malmiterkut-1000x966.jpg\" \/>\n<meta name=\"twitter:card\" content=\"summary_large_image\" \/>\n<meta name=\"twitter:label1\" content=\"Estimated reading time\" \/>\n\t<meta name=\"twitter:data1\" content=\"1 minute\" \/>\n<script type=\"application\/ld+json\" class=\"yoast-schema-graph\">{\"@context\":\"https:\/\/schema.org\",\"@graph\":[{\"@type\":\"WebPage\",\"@id\":\"https:\/\/www.lempikuoro.fi\/yhteystiedot\/\",\"url\":\"https:\/\/www.lempikuoro.fi\/yhteystiedot\/\",\"name\":\"YHTEYSTIEDOT - Lempikuoro\",\"isPartOf\":{\"@id\":\"https:\/\/www.lempikuoro.fi\/#website\"},\"datePublished\":\"2020-10-06T11:03:30+00:00\",\"dateModified\":\"2024-02-14T18:56:27+00:00\",\"description\":\"Ota Lempiin yhteytt\u00e4 ja tutustutaan! T\u00e4\u00e4lt\u00e4 l\u00f6yd\u00e4t kaikki yhteystietomme.\",\"breadcrumb\":{\"@id\":\"https:\/\/www.lempikuoro.fi\/yhteystiedot\/#breadcrumb\"},\"inLanguage\":\"en-GB\",\"potentialAction\":[{\"@type\":\"ReadAction\",\"target\":[\"https:\/\/www.lempikuoro.fi\/yhteystiedot\/\"]}]},{\"@type\":\"BreadcrumbList\",\"@id\":\"https:\/\/www.lempikuoro.fi\/yhteystiedot\/#breadcrumb\",\"itemListElement\":[{\"@type\":\"ListItem\",\"position\":1,\"name\":\"Home\",\"item\":\"https:\/\/www.lempikuoro.fi\/\"},{\"@type\":\"ListItem\",\"position\":2,\"name\":\"YHTEYSTIEDOT\"}]},{\"@type\":\"WebSite\",\"@id\":\"https:\/\/www.lempikuoro.fi\/#website\",\"url\":\"https:\/\/www.lempikuoro.fi\/\",\"name\":\"Lempikuoro\",\"description\":\"\",\"publisher\":{\"@id\":\"https:\/\/www.lempikuoro.fi\/#organization\"},\"potentialAction\":[{\"@type\":\"SearchAction\",\"target\":{\"@type\":\"EntryPoint\",\"urlTemplate\":\"https:\/\/www.lempikuoro.fi\/?s={search_term_string}\"},\"query-input\":\"required name=search_term_string\"}],\"inLanguage\":\"en-GB\"},{\"@type\":\"Organization\",\"@id\":\"https:\/\/www.lempikuoro.fi\/#organization\",\"name\":\"Lempikuoro\",\"url\":\"https:\/\/www.lempikuoro.fi\/\",\"logo\":{\"@type\":\"ImageObject\",\"inLanguage\":\"en-GB\",\"@id\":\"https:\/\/www.lempikuoro.fi\/#\/schema\/logo\/image\/\",\"url\":\"https:\/\/www.lempikuoro.fi\/wp-content\/uploads\/2020\/10\/Lempilogo_mustavalko2-scaled.jpeg\",\"contentUrl\":\"https:\/\/www.lempikuoro.fi\/wp-content\/uploads\/2020\/10\/Lempilogo_mustavalko2-scaled.jpeg\",\"width\":2560,\"height\":1810,\"caption\":\"Lempikuoro\"},\"image\":{\"@id\":\"https:\/\/www.lempikuoro.fi\/#\/schema\/logo\/image\/\"},\"sameAs\":[\"https:\/\/www.facebook.com\/lempikuoro\",\"https:\/\/www.instagram.com\/lempikuoro\/\",\"https:\/\/www.youtube.com\/channel\/UCm_CS0Ua7SgpTTpxF7Q91dQ\"]}]}<\/script>\n<!-- \/ Yoast SEO plugin. -->","yoast_head_json":{"title":"YHTEYS\u00adTIEDOT \u2014 Lempikuoro","description":"Ota Lempiin yhteytt\u00e4 ja tutus\u00adtu\u00adtaan! T\u00e4\u00e4lt\u00e4 l\u00f6yd\u00e4t kaikki yhteystietomme.","robots":{"index":"index","follow":"follow","max-snippet":"max-snippet:-1","max-image-preview":"max-image-preview:large","max-video-preview":"max-video-preview:-1"},"canonical":"https:\/\/www.lempikuoro.fi\/en\/yhteystiedot\/","og_locale":"en_GB","og_type":"article","og_title":"YHTEYSTIEDOT - Lempikuoro","og_description":"Ota Lempiin yhteytt\u00e4 ja tutustutaan! T\u00e4\u00e4lt\u00e4 l\u00f6yd\u00e4t kaikki yhteystietomme.","og_url":"https:\/\/www.lempikuoro.fi\/en\/yhteystiedot\/","og_site_name":"Lempikuoro","article_publisher":"https:\/\/www.facebook.com\/lempikuoro","article_modified_time":"2024-02-14T18:56:27+00:00","og_image":[{"url":"https:\/\/www.lempikuoro.fi\/wp-content\/uploads\/2024\/02\/Malmiterkut-1000x966.jpg"}],"twitter_card":"summary_large_image","twitter_misc":{"Estimated reading time":"1 minute"},"schema":{"@context":"https:\/\/schema.org","@graph":[{"@type":"WebPage","@id":"https:\/\/www.lempikuoro.fi\/yhteystiedot\/","url":"https:\/\/www.lempikuoro.fi\/yhteystiedot\/","name":"YHTEYS\u00adTIEDOT \u2014 Lempikuoro","isPartOf":{"@id":"https:\/\/www.lempikuoro.fi\/#website"},"datePublished":"2020-10-06T11:03:30+00:00","dateModified":"2024-02-14T18:56:27+00:00","description":"Ota Lempiin yhteytt\u00e4 ja tutus\u00adtu\u00adtaan! T\u00e4\u00e4lt\u00e4 l\u00f6yd\u00e4t kaikki yhteystietomme.","breadcrumb":{"@id":"https:\/\/www.lempikuoro.fi\/yhteystiedot\/#breadcrumb"},"inLanguage":"en-GB","potentialAction":[{"@type":"ReadAction","target":["https:\/\/www.lempikuoro.fi\/yhteystiedot\/"]}]},{"@type":"BreadcrumbList","@id":"https:\/\/www.lempikuoro.fi\/yhteystiedot\/#breadcrumb","itemListElement":[{"@type":"ListItem","position":1,"name":"Home","item":"https:\/\/www.lempikuoro.fi\/"},{"@type":"ListItem","position":2,"name":"YHTEYSTIEDOT"}]},{"@type":"WebSite","@id":"https:\/\/www.lempikuoro.fi\/#website","url":"https:\/\/www.lempikuoro.fi\/","name":"Lempi\u00adkuoro","description":"","publisher":{"@id":"https:\/\/www.lempikuoro.fi\/#organization"},"potentialAction":[{"@type":"SearchAction","target":{"@type":"EntryPoint","urlTemplate":"https:\/\/www.lempikuoro.fi\/?s={search_term_string}"},"query-input":"required name=search_term_string"}],"inLanguage":"en-GB"},{"@type":"Organization","@id":"https:\/\/www.lempikuoro.fi\/#organization","name":"Lempi\u00adkuoro","url":"https:\/\/www.lempikuoro.fi\/","logo":{"@type":"ImageObject","inLanguage":"en-GB","@id":"https:\/\/www.lempikuoro.fi\/#\/schema\/logo\/image\/","url":"https:\/\/www.lempikuoro.fi\/wp-content\/uploads\/2020\/10\/Lempilogo_mustavalko2-scaled.jpeg","contentUrl":"https:\/\/www.lempikuoro.fi\/wp-content\/uploads\/2020\/10\/Lempilogo_mustavalko2-scaled.jpeg","width":2560,"height":1810,"caption":"Lempikuoro"},"image":{"@id":"https:\/\/www.lempikuoro.fi\/#\/schema\/logo\/image\/"},"sameAs":["https:\/\/www.facebook.com\/lempikuoro","https:\/\/www.instagram.com\/lempikuoro\/","https:\/\/www.youtube.com\/channel\/UCm_CS0Ua7SgpTTpxF7Q91dQ"]}]}},"featured_image_src":null,"featured_image_src_square":null,"_links":{"self":[{"href":"https:\/\/www.lempikuoro.fi\/en\/wp-json\/wp\/v2\/pages\/337"}],"collection":[{"href":"https:\/\/www.lempikuoro.fi\/en\/wp-json\/wp\/v2\/pages"}],"about":[{"href":"https:\/\/www.lempikuoro.fi\/en\/wp-json\/wp\/v2\/types\/page"}],"author":[{"embeddable":true,"href":"https:\/\/www.lempikuoro.fi\/en\/wp-json\/wp\/v2\/users\/1"}],"replies":[{"embeddable":true,"href":"https:\/\/www.lempikuoro.fi\/en\/wp-json\/wp\/v2\/comments?post=337"}],"version-history":[{"count":95,"href":"https:\/\/www.lempikuoro.fi\/en\/wp-json\/wp\/v2\/pages\/337\/revisions"}],"predecessor-version":[{"id":2722,"href":"https:\/\/www.lempikuoro.fi\/en\/wp-json\/wp\/v2\/pages\/337\/revisions\/2722"}],"wp:attachment":[{"href":"https:\/\/www.lempikuoro.fi\/en\/wp-json\/wp\/v2\/media?parent=337"}],"curies":[{"name":"wp","href":"https:\/\/api.w.org\/{rel}","templated":true}]}}