{"id":2734,"date":"2024-03-15T12:28:14","date_gmt":"2024-03-15T10:28:14","guid":{"rendered":"https:\/\/www.lempikuoro.fi\/?page_id=2734"},"modified":"2024-03-15T12:36:22","modified_gmt":"2024-03-15T10:36:22","slug":"lempitila","status":"publish","type":"page","link":"https:\/\/www.lempikuoro.fi\/en\/lempitila\/","title":{"rendered":"Lempe\u00e4mm\u00e4n tilan periaatteet"},"content":{"rendered":"<div style=\"height:20px\" aria-hidden=\"true\" class=\"wp-block-spacer\"><\/div>\n\n\n\n<h2 class=\"wp-block-heading has-text-align-center\"><strong>Lempe\u00e4mm\u00e4n tilan periaatteet<\/strong><\/h2>\n\n\n\n<p><em>Lempi\u00adkuoron lempe\u00e4mm\u00e4n tilan peri\u00adaat\u00adteiden on tarkoitus auttaa luomaan kuoro\u00adyh\u00adtei\u00ads\u00f6\u00f6n ja kuoron tapah\u00adtu\u00admiin sellaista ilma\u00adpiiri\u00e4, jossa kaikilla on mahdol\u00adli\u00adsimman hyv\u00e4 ja turval\u00adlinen olo. Lempe\u00e4mm\u00e4n tilan tavoit\u00adteena on, ett\u00e4 jokainen saa olla oma itsens\u00e4. Jokainen voi n\u00e4iden ohjeiden avulla osal\u00adlistua raken\u00adta\u00admaan lempe\u00e4mp\u00e4\u00e4 tilaa ja yhdenvertaisuutta.<\/em><\/p>\n\n\n\n<div class=\"wp-block-stackable-icon-list stk-block-icon-list stk-block stk-5ef6342 stk-block-background\" data-block-id=\"5ef6342\"><style>.stk-5ef6342 ul li,.stk-5ef6342 ol li{font-family:\"Karla\",Sans-serif !important}.stk-5ef6342{background-color:#fbe8ee !important;column-gap:0px !important}.stk-5ef6342:before{background-color:#fbe8ee !important}.stk-5ef6342 li{padding-inline-start:10px !important;margin-bottom:25px !important}.stk-5ef6342 ul li{list-style-image:url('data:image\/svg+xml;base64,PHN2ZyBhcmlhLWhpZGRlbj0idHJ1ZSIgZm9jdXNhYmxlPSJmYWxzZSIgZGF0YS1wcmVmaXg9ImZhciIgZGF0YS1pY29uPSJoZWFydCIgY2xhc3M9InN2Zy1pbmxpbmUtLWZhIGZhLWhlYXJ0IGZhLXctMTYiIHJvbGU9ImltZyIgeG1sbnM9Imh0dHA6Ly93d3cudzMub3JnLzIwMDAvc3ZnIiB2aWV3Qm94PSIwIDAgNTEyIDUxMiIgc3R5bGU9ImZpbGw6ICMwMDAgIWltcG9ydGFudDsgY29sb3I6ICMwMDAgIWltcG9ydGFudDt0cmFuc2Zvcm06IHJvdGF0ZShkZWcpICFpbXBvcnRhbnQ7Ij48cGF0aCBmaWxsPSIjMDAwIiBkPSJNNDU4LjQgNjQuM0M0MDAuNiAxNS43IDMxMS4zIDIzIDI1NiA3OS4zIDIwMC43IDIzIDExMS40IDE1LjYgNTMuNiA2NC4zLTIxLjYgMTI3LjYtMTAuNiAyMzAuOCA0MyAyODUuNWwxNzUuNCAxNzguN2MxMCAxMC4yIDIzLjQgMTUuOSAzNy42IDE1LjkgMTQuMyAwIDI3LjYtNS42IDM3LjYtMTUuOEw0NjkgMjg1LjZjNTMuNS01NC43IDY0LjctMTU3LjktMTAuNi0yMjEuM3ptLTIzLjYgMTg3LjVMMjU5LjQgNDMwLjVjLTIuNCAyLjQtNC40IDIuNC02LjggMEw3Ny4yIDI1MS44Yy0zNi41LTM3LjItNDMuOS0xMDcuNiA3LjMtMTUwLjcgMzguOS0zMi43IDk4LjktMjcuOCAxMzYuNSAxMC41bDM1IDM1LjcgMzUtMzUuN2MzNy44LTM4LjUgOTcuOC00My4yIDEzNi41LTEwLjYgNTEuMSA0My4xIDQzLjUgMTEzLjkgNy4zIDE1MC44eiIgc3Ryb2tlPSIjMDAwIiBzdHlsZT0iZmlsbDogcmdiKDAsIDAsIDApOyBzdHJva2U6IHJnYigwLCAwLCAwKTsiLz48L3N2Zz4=') !important}<\/style><ul><li>Lempi\u00adkuo\u00adrossa ei sallita eriar\u00advois\u00adtavaa tai syrjiv\u00e4\u00e4 kohtelua, kiusaa\u00admista tai h\u00e4irint\u00e4\u00e4.<\/li><li>Kunnioita toisen itse\u00adm\u00e4\u00e4\u00adr\u00e4\u00e4\u00admi\u00adsoi\u00adkeutta ja rajoja. Ei tarkoittaa ei. \u00c4l\u00e4 h\u00e4iritse sanal\u00adli\u00adsesti, kosket\u00adta\u00admalla, tuijot\u00adta\u00admalla tai vaati\u00admalla vastaa\u00admaan kysymyksiin.<\/li><li>Pyri\u00adt\u00e4\u00e4n olemaan toisil\u00adlemme rehel\u00adlisi\u00e4 ja kunnioit\u00adtavia, my\u00f6s vaikeissa tilanteissa.<\/li><li>Pyri v\u00e4lt\u00adt\u00e4\u00adm\u00e4\u00e4n oletusten teke\u00admist\u00e4 (esim. toisen osaa\u00admi\u00adsesta, resurs\u00adseista, suku\u00adpuo\u00adlesta, seksu\u00adaa\u00adli\u00adsuu\u00addesta, tavoit\u00adteista tai tunteista). Olet\u00adta\u00admisen sijaan voi kysy\u00e4, keskus\u00adtella ja kuun\u00adnella. Keskus\u00adte\u00adlu\u00adkump\u00adpa\u00adnilla ei kuiten\u00adkaan ole velvol\u00adli\u00adsuutta vastata.<\/li><li>Kunnioita kunkin itsel\u00adleen m\u00e4\u00e4rit\u00adt\u00e4mi\u00e4 iden\u00adti\u00adteet\u00adtej\u00e4; et voi tiet\u00e4\u00e4 toisen taustaa, koke\u00admuksia ja el\u00e4m\u00e4n\u00adti\u00adlan\u00adnetta tai m\u00e4\u00e4ri\u00adtell\u00e4 iden\u00adti\u00adteetti\u00e4 h\u00e4nen puolestaan.<\/li><li>K\u00e4sit\u00adtele herkki\u00e4 aiheita kunnioittavasti.<\/li><li>\u00c4l\u00e4 puhu muiden p\u00e4\u00e4lle ja yrit\u00e4 k\u00e4ytt\u00e4\u00e4 kaikille ymm\u00e4r\u00adret\u00adt\u00e4v\u00e4\u00e4 kielt\u00e4.<\/li><li>Huolehdi, ett\u00e4 kaikki tulevat keskus\u00adte\u00adlussa kuul\u00adluksi ja p\u00e4\u00e4sev\u00e4t osallisiksi.<\/li><li>Hyv\u00e4ss\u00e4 keskus\u00adte\u00adlussa kaikki saavat puheen\u00advuoron, tulevat kuul\u00adluiksi sek\u00e4 voivat halu\u00adtes\u00adsaan vain kuunnella.<\/li><li>Tavoit\u00adteel\u00adli\u00adsissa ryhm\u00e4\u00adti\u00adlan\u00adteissa voidaan pyyn\u00adn\u00f6st\u00e4 k\u00e4ytt\u00e4\u00e4 esim. seuraavia mene\u00adtelmi\u00e4: puheen\u00adjoh\u00adtajan valit\u00adse\u00adminen, puheen\u00advuo\u00adrojen pyyt\u00e4\u00adminen, puheen\u00advuo\u00adro\u00adkierros ja \u00e4\u00e4nes\u00adt\u00e4\u00adminen (\u00e4\u00e4nten laske\u00adminen ja \u00e4\u00e4nten\u00adlas\u00adki\u00adjoiden valitseminen)<\/li><li>Kun on tarve kritii\u00adkille, pyri\u00adt\u00e4\u00e4n v\u00e4lt\u00adt\u00e4\u00adm\u00e4\u00e4n h\u00e4pe\u00e4n ja syyl\u00adlis\u00adt\u00e4\u00admisen koke\u00admuk\u00adsien tuot\u00adta\u00admista kohdis\u00adta\u00admalla raken\u00adtava kritiikki henkil\u00f6n sijasta selke\u00e4sti toimin\u00adtaan ja kuvaa\u00admalla kritiikin kohteena olevaa tapah\u00adtumaa selke\u00e4sti.<\/li><li>Kohtele toisia ihmisi\u00e4 asial\u00adli\u00adsesti sek\u00e4 kunnioit\u00adta\u00advasti ja arvosta heid\u00e4n aikaansa ja ty\u00f6pa\u00adnos\u00adtaan. \u00c4l\u00e4 esimer\u00adkiksi tee ep\u00e4asial\u00adlisia, v\u00e4h\u00e4t\u00adte\u00adlevi\u00e4 tai henki\u00adl\u00f6\u00adkoh\u00adtai\u00adsuuk\u00adsiin menevi\u00e4 puheen\u00advuo\u00adroja toisista ihmisist\u00e4.<\/li><\/ul><\/div>","protected":false},"excerpt":{"rendered":"<p>Lempe\u00e4mm\u00e4n tilan periaatteet Lempikuoron lempe\u00e4mm\u00e4n tilan periaatteiden on tarkoitus auttaa luomaan kuoroyhteis\u00f6\u00f6n ja kuoron tapahtumiin sellaista ilmapiiri\u00e4, jossa kaikilla on mahdollisimman hyv\u00e4 ja turvallinen olo. Lempe\u00e4mm\u00e4n tilan tavoitteena on, ett\u00e4 jokainen saa olla oma itsens\u00e4. Jokainen voi n\u00e4iden ohjeiden avulla osallistua rakentamaan lempe\u00e4mp\u00e4\u00e4 tilaa ja yhdenvertaisuutta. Lempikuorossa ei sallita eriarvoistavaa tai syrjiv\u00e4\u00e4 kohtelua, kiusaamista tai [&hellip;]<\/p>\n","protected":false},"author":1,"featured_media":0,"parent":0,"menu_order":0,"comment_status":"closed","ping_status":"closed","template":"","meta":{"_editorskit_title_hidden":false,"_editorskit_reading_time":0,"_editorskit_is_block_options_detached":false,"_editorskit_block_options_position":"{}","_coblocks_attr":"","_coblocks_dimensions":"","_coblocks_responsive_height":"","_coblocks_accordion_ie_support":"","wp_typography_post_enhancements_disabled":false,"_monsterinsights_skip_tracking":false,"_monsterinsights_sitenote_active":false,"_monsterinsights_sitenote_note":"","_monsterinsights_sitenote_category":0,"cybocfi_hide_featured_image":""},"featured_image_urls_v2":{"full":"","thumbnail":"","medium":"","medium_large":"","large":"","1536x1536":"","2048x2048":"","trp-custom-language-flag":"","ab-block-post-grid-landscape":"","ab-block-post-grid-square":"","ultp_layout_landscape_large":"","ultp_layout_landscape":"","ultp_layout_portrait":"","ultp_layout_square":"","post-thumbnail":"","twentytwenty-fullscreen":"","woocommerce_thumbnail":"","woocommerce_single":"","woocommerce_gallery_thumbnail":""},"post_excerpt_stackable_v2":"<p>Lempe\u00e4mm\u00e4n tilan periaatteet Lempikuoron lempe\u00e4mm\u00e4n tilan periaatteiden on tarkoitus auttaa luomaan kuoroyhteis\u00f6\u00f6n ja kuoron tapahtumiin sellaista ilmapiiri\u00e4, jossa kaikilla on mahdollisimman hyv\u00e4 ja turvallinen olo. Lempe\u00e4mm\u00e4n tilan tavoitteena on, ett\u00e4 jokainen saa olla oma itsens\u00e4. Jokainen voi n\u00e4iden ohjeiden avulla osallistua rakentamaan lempe\u00e4mp\u00e4\u00e4 tilaa ja yhdenvertaisuutta. Lempikuorossa ei sallita eriarvoistavaa tai syrjiv\u00e4\u00e4 kohtelua, kiusaamista tai h\u00e4irint\u00e4\u00e4.Kunnioita toisen itsem\u00e4\u00e4r\u00e4\u00e4misoikeutta ja rajoja. Ei tarkoittaa ei. \u00c4l\u00e4 h\u00e4iritse sanallisesti, koskettamalla, tuijottamalla tai vaatimalla vastaamaan kysymyksiin.Pyrit\u00e4\u00e4n olemaan toisillemme rehellisi\u00e4 ja kunnioittavia, my\u00f6s vaikeissa tilanteissa.Pyri v\u00e4ltt\u00e4m\u00e4\u00e4n oletusten tekemist\u00e4 (esim. toisen osaamisesta, resursseista, sukupuolesta, seksuaalisuudesta, tavoitteista tai tunteista). Olettamisen sijaan voi kysy\u00e4, keskustella ja kuunnella. Keskustelukumppanilla&hellip;<\/p>\n","category_list_v2":"","author_info_v2":{"name":"admin","url":"https:\/\/www.lempikuoro.fi\/en\/author\/admin\/"},"comments_num_v2":"0 comments","yoast_head":"<!-- This site is optimized with the Yoast SEO plugin v21.5 - https:\/\/yoast.com\/wordpress\/plugins\/seo\/ -->\n<title>Lempe\u00e4mm\u00e4n tilan periaatteet - Lempikuoro<\/title>\n<meta name=\"robots\" content=\"index, follow, max-snippet:-1, max-image-preview:large, max-video-preview:-1\" \/>\n<link rel=\"canonical\" href=\"https:\/\/www.lempikuoro.fi\/en\/lempitila\/\" \/>\n<meta property=\"og:locale\" content=\"en_GB\" \/>\n<meta property=\"og:type\" content=\"article\" \/>\n<meta property=\"og:title\" content=\"Lempe\u00e4mm\u00e4n tilan periaatteet - Lempikuoro\" \/>\n<meta property=\"og:description\" content=\"Lempe\u00e4mm\u00e4n tilan periaatteet Lempikuoron lempe\u00e4mm\u00e4n tilan periaatteiden on tarkoitus auttaa luomaan kuoroyhteis\u00f6\u00f6n ja kuoron tapahtumiin sellaista ilmapiiri\u00e4, jossa kaikilla on mahdollisimman hyv\u00e4 ja turvallinen olo. Lempe\u00e4mm\u00e4n tilan tavoitteena on, ett\u00e4 jokainen saa olla oma itsens\u00e4. Jokainen voi n\u00e4iden ohjeiden avulla osallistua rakentamaan lempe\u00e4mp\u00e4\u00e4 tilaa ja yhdenvertaisuutta. Lempikuorossa ei sallita eriarvoistavaa tai syrjiv\u00e4\u00e4 kohtelua, kiusaamista tai [&hellip;]\" \/>\n<meta property=\"og:url\" content=\"https:\/\/www.lempikuoro.fi\/en\/lempitila\/\" \/>\n<meta property=\"og:site_name\" content=\"Lempikuoro\" \/>\n<meta property=\"article:publisher\" content=\"https:\/\/www.facebook.com\/lempikuoro\" \/>\n<meta property=\"article:modified_time\" content=\"2024-03-15T10:36:22+00:00\" \/>\n<meta name=\"twitter:card\" content=\"summary_large_image\" \/>\n<meta name=\"twitter:label1\" content=\"Estimated reading time\" \/>\n\t<meta name=\"twitter:data1\" content=\"2 minutes\" \/>\n<script type=\"application\/ld+json\" class=\"yoast-schema-graph\">{\"@context\":\"https:\/\/schema.org\",\"@graph\":[{\"@type\":\"WebPage\",\"@id\":\"https:\/\/www.lempikuoro.fi\/lempitila\/\",\"url\":\"https:\/\/www.lempikuoro.fi\/lempitila\/\",\"name\":\"Lempe\u00e4mm\u00e4n tilan periaatteet - Lempikuoro\",\"isPartOf\":{\"@id\":\"https:\/\/www.lempikuoro.fi\/#website\"},\"datePublished\":\"2024-03-15T10:28:14+00:00\",\"dateModified\":\"2024-03-15T10:36:22+00:00\",\"breadcrumb\":{\"@id\":\"https:\/\/www.lempikuoro.fi\/lempitila\/#breadcrumb\"},\"inLanguage\":\"en-GB\",\"potentialAction\":[{\"@type\":\"ReadAction\",\"target\":[\"https:\/\/www.lempikuoro.fi\/lempitila\/\"]}]},{\"@type\":\"BreadcrumbList\",\"@id\":\"https:\/\/www.lempikuoro.fi\/lempitila\/#breadcrumb\",\"itemListElement\":[{\"@type\":\"ListItem\",\"position\":1,\"name\":\"Home\",\"item\":\"https:\/\/www.lempikuoro.fi\/\"},{\"@type\":\"ListItem\",\"position\":2,\"name\":\"Lempe\u00e4mm\u00e4n tilan periaatteet\"}]},{\"@type\":\"WebSite\",\"@id\":\"https:\/\/www.lempikuoro.fi\/#website\",\"url\":\"https:\/\/www.lempikuoro.fi\/\",\"name\":\"Lempikuoro\",\"description\":\"\",\"publisher\":{\"@id\":\"https:\/\/www.lempikuoro.fi\/#organization\"},\"potentialAction\":[{\"@type\":\"SearchAction\",\"target\":{\"@type\":\"EntryPoint\",\"urlTemplate\":\"https:\/\/www.lempikuoro.fi\/?s={search_term_string}\"},\"query-input\":\"required name=search_term_string\"}],\"inLanguage\":\"en-GB\"},{\"@type\":\"Organization\",\"@id\":\"https:\/\/www.lempikuoro.fi\/#organization\",\"name\":\"Lempikuoro\",\"url\":\"https:\/\/www.lempikuoro.fi\/\",\"logo\":{\"@type\":\"ImageObject\",\"inLanguage\":\"en-GB\",\"@id\":\"https:\/\/www.lempikuoro.fi\/#\/schema\/logo\/image\/\",\"url\":\"https:\/\/www.lempikuoro.fi\/wp-content\/uploads\/2020\/10\/Lempilogo_mustavalko2-scaled.jpeg\",\"contentUrl\":\"https:\/\/www.lempikuoro.fi\/wp-content\/uploads\/2020\/10\/Lempilogo_mustavalko2-scaled.jpeg\",\"width\":2560,\"height\":1810,\"caption\":\"Lempikuoro\"},\"image\":{\"@id\":\"https:\/\/www.lempikuoro.fi\/#\/schema\/logo\/image\/\"},\"sameAs\":[\"https:\/\/www.facebook.com\/lempikuoro\",\"https:\/\/www.instagram.com\/lempikuoro\/\",\"https:\/\/www.youtube.com\/channel\/UCm_CS0Ua7SgpTTpxF7Q91dQ\"]}]}<\/script>\n<!-- \/ Yoast SEO plugin. -->","yoast_head_json":{"title":"Lempe\u00e4mm\u00e4n tilan peri\u00adaat\u00adteet \u2014 Lempikuoro","robots":{"index":"index","follow":"follow","max-snippet":"max-snippet:-1","max-image-preview":"max-image-preview:large","max-video-preview":"max-video-preview:-1"},"canonical":"https:\/\/www.lempikuoro.fi\/en\/lempitila\/","og_locale":"en_GB","og_type":"article","og_title":"Lempe\u00e4mm\u00e4n tilan periaatteet - Lempikuoro","og_description":"Lempe\u00e4mm\u00e4n tilan periaatteet Lempikuoron lempe\u00e4mm\u00e4n tilan periaatteiden on tarkoitus auttaa luomaan kuoroyhteis\u00f6\u00f6n ja kuoron tapahtumiin sellaista ilmapiiri\u00e4, jossa kaikilla on mahdollisimman hyv\u00e4 ja turvallinen olo. Lempe\u00e4mm\u00e4n tilan tavoitteena on, ett\u00e4 jokainen saa olla oma itsens\u00e4. Jokainen voi n\u00e4iden ohjeiden avulla osallistua rakentamaan lempe\u00e4mp\u00e4\u00e4 tilaa ja yhdenvertaisuutta. Lempikuorossa ei sallita eriarvoistavaa tai syrjiv\u00e4\u00e4 kohtelua, kiusaamista tai [&hellip;]","og_url":"https:\/\/www.lempikuoro.fi\/en\/lempitila\/","og_site_name":"Lempikuoro","article_publisher":"https:\/\/www.facebook.com\/lempikuoro","article_modified_time":"2024-03-15T10:36:22+00:00","twitter_card":"summary_large_image","twitter_misc":{"Estimated reading time":"2 minutes"},"schema":{"@context":"https:\/\/schema.org","@graph":[{"@type":"WebPage","@id":"https:\/\/www.lempikuoro.fi\/lempitila\/","url":"https:\/\/www.lempikuoro.fi\/lempitila\/","name":"Lempe\u00e4mm\u00e4n tilan peri\u00adaat\u00adteet \u2014 Lempikuoro","isPartOf":{"@id":"https:\/\/www.lempikuoro.fi\/#website"},"datePublished":"2024-03-15T10:28:14+00:00","dateModified":"2024-03-15T10:36:22+00:00","breadcrumb":{"@id":"https:\/\/www.lempikuoro.fi\/lempitila\/#breadcrumb"},"inLanguage":"en-GB","potentialAction":[{"@type":"ReadAction","target":["https:\/\/www.lempikuoro.fi\/lempitila\/"]}]},{"@type":"BreadcrumbList","@id":"https:\/\/www.lempikuoro.fi\/lempitila\/#breadcrumb","itemListElement":[{"@type":"ListItem","position":1,"name":"Home","item":"https:\/\/www.lempikuoro.fi\/"},{"@type":"ListItem","position":2,"name":"Lempe\u00e4mm\u00e4n tilan periaatteet"}]},{"@type":"WebSite","@id":"https:\/\/www.lempikuoro.fi\/#website","url":"https:\/\/www.lempikuoro.fi\/","name":"Lempi\u00adkuoro","description":"","publisher":{"@id":"https:\/\/www.lempikuoro.fi\/#organization"},"potentialAction":[{"@type":"SearchAction","target":{"@type":"EntryPoint","urlTemplate":"https:\/\/www.lempikuoro.fi\/?s={search_term_string}"},"query-input":"required name=search_term_string"}],"inLanguage":"en-GB"},{"@type":"Organization","@id":"https:\/\/www.lempikuoro.fi\/#organization","name":"Lempi\u00adkuoro","url":"https:\/\/www.lempikuoro.fi\/","logo":{"@type":"ImageObject","inLanguage":"en-GB","@id":"https:\/\/www.lempikuoro.fi\/#\/schema\/logo\/image\/","url":"https:\/\/www.lempikuoro.fi\/wp-content\/uploads\/2020\/10\/Lempilogo_mustavalko2-scaled.jpeg","contentUrl":"https:\/\/www.lempikuoro.fi\/wp-content\/uploads\/2020\/10\/Lempilogo_mustavalko2-scaled.jpeg","width":2560,"height":1810,"caption":"Lempikuoro"},"image":{"@id":"https:\/\/www.lempikuoro.fi\/#\/schema\/logo\/image\/"},"sameAs":["https:\/\/www.facebook.com\/lempikuoro","https:\/\/www.instagram.com\/lempikuoro\/","https:\/\/www.youtube.com\/channel\/UCm_CS0Ua7SgpTTpxF7Q91dQ"]}]}},"featured_image_src":null,"featured_image_src_square":null,"_links":{"self":[{"href":"https:\/\/www.lempikuoro.fi\/en\/wp-json\/wp\/v2\/pages\/2734"}],"collection":[{"href":"https:\/\/www.lempikuoro.fi\/en\/wp-json\/wp\/v2\/pages"}],"about":[{"href":"https:\/\/www.lempikuoro.fi\/en\/wp-json\/wp\/v2\/types\/page"}],"author":[{"embeddable":true,"href":"https:\/\/www.lempikuoro.fi\/en\/wp-json\/wp\/v2\/users\/1"}],"replies":[{"embeddable":true,"href":"https:\/\/www.lempikuoro.fi\/en\/wp-json\/wp\/v2\/comments?post=2734"}],"version-history":[{"count":9,"href":"https:\/\/www.lempikuoro.fi\/en\/wp-json\/wp\/v2\/pages\/2734\/revisions"}],"predecessor-version":[{"id":2743,"href":"https:\/\/www.lempikuoro.fi\/en\/wp-json\/wp\/v2\/pages\/2734\/revisions\/2743"}],"wp:attachment":[{"href":"https:\/\/www.lempikuoro.fi\/en\/wp-json\/wp\/v2\/media?parent=2734"}],"curies":[{"name":"wp","href":"https:\/\/api.w.org\/{rel}","templated":true}]}}