{"id":2666,"date":"2024-02-07T15:51:29","date_gmt":"2024-02-07T13:51:29","guid":{"rendered":"https:\/\/www.lempikuoro.fi\/?page_id=2666"},"modified":"2024-02-14T21:04:23","modified_gmt":"2024-02-14T19:04:23","slug":"svenska","status":"publish","type":"page","link":"https:\/\/www.lempikuoro.fi\/en\/svenska\/","title":{"rendered":"Lempi p\u00e5 svenska"},"content":{"rendered":"<div class=\"wp-block-stackable-columns alignwide stk-block-columns stk-block stk-61a80a5\" data-block-id=\"61a80a5\"><style>.stk-61a80a5 .stk--block-align-61a80a5{align-items:flex-start !important}<\/style><div class=\"stk-row stk-inner-blocks stk--block-align-61a80a5 stk-block-content stk-content-align stk-61a80a5-column alignwide\">\n<div class=\"wp-block-stackable-column stk-block-column stk-column stk-block stk-296a594\" data-v=\"4\" data-block-id=\"296a594\"><style>.stk-296a594{align-self:flex-start !important;align-items:flex-start !important;display:flex !important}.stk-296a594-inner-blocks{align-items:flex-start !important;column-gap:0px !important}<\/style><div class=\"stk-column-wrapper stk-block-column__content stk-container stk-296a594-container stk--no-background stk--no-padding\"><div class=\"has-text-align-center stk--block-horizontal-flex stk--column-flex stk-block-content stk-inner-blocks stk-296a594-inner-blocks\"><div class=\"wp-block-image\">\n<figure class=\"aligncenter size-full mb-0 mt-0\"><img decoding=\"async\" loading=\"lazy\" width=\"800\" height=\"1000\" src=\"https:\/\/www.lempikuoro.fi\/wp-content\/uploads\/2020\/10\/Kuoro-20_-e1605191048850.jpg\" alt=\"Lempikuoron urbaani promokuva\" class=\"wp-image-376\" srcset=\"https:\/\/www.lempikuoro.fi\/wp-content\/uploads\/2020\/10\/Kuoro-20_-e1605191048850.jpg 800w, https:\/\/www.lempikuoro.fi\/wp-content\/uploads\/2020\/10\/Kuoro-20_-e1605191048850-600x750.jpg 600w\" sizes=\"(max-width: 800px) 100vw, 800px\"><figcaption class=\"wp-element-caption\"><em><span style=\"color: #222222;background-color: #a5c1e1\" class=\"stk-highlight\">Lempi\u00adkuoros f\u00f6rsta grupp\u00adbild fr\u00e5n 2020. Under pande\u00admi\u00adtiden tr\u00e4nade vi ofta utomhus i varie\u00adrande och inspi\u00adre\u00adrande milj\u00f6er! (Foto: Pyry Kantonen)<\/span><\/em><\/figcaption><\/figure><\/div><\/div><\/div><\/div>\n\n\n\n<div class=\"wp-block-stackable-column stk-block-column stk-column stk-block stk-6b017b9\" data-v=\"4\" data-block-id=\"6b017b9\"><style>.stk-6b017b9{align-self:flex-start !important}.stk-6b017b9-inner-blocks{justify-content:flex-start !important}<\/style><div class=\"stk-column-wrapper stk-block-column__content stk-container stk-6b017b9-container stk--no-background stk--no-padding\"><div class=\"stk--column-flex stk-block-content stk-inner-blocks stk-6b017b9-inner-blocks\">\n<p>Lempi\u00adkuoro \u00e4r en Helsing\u00adfors\u00adba\u00adserad blandk\u00f6r som grun\u00addades h\u00f6sten 2019 av erfarna korister. I k\u00e4rnan av den ambi\u00adti\u00f6sa k\u00f6ren finns gl\u00e4djen i att g\u00f6ra musik, nyfiken forsk\u00adning kring nya typer av framf\u00f6\u00adranden och en varm gemenskap. <strong>Julia Lainema <\/strong>\u00e4r k\u00f6rens konst\u00adn\u00e4r\u00adliga ledare.<br><br>Programmet str\u00e4cker sig fr\u00e5n ren\u00e4s\u00adsans till nutid, och k\u00f6ren har f\u00f6rdomsfritt samar\u00adbetat med m\u00e5nga olika k\u00f6rer, artister och kompo\u00adsi\u00adt\u00f6rer. I juni 2023 bel\u00f6\u00adnades Lempi\u00adkuoro med tv\u00e5 gulds\u00adt\u00e4mplar vid Tampe\u00adreen S\u00e4vel \u2011festi\u00advalen. I september samma \u00e5r genomf\u00f6rde k\u00f6ren Pulitzer- och Grammy-pris\u00adta\u00adgaren <strong>Caro\u00adline Shaws<\/strong> verk \u201dTo the Hands\u201d Finlandspre\u00admi\u00e4r i Riddar\u00adhuset med str\u00e4n\u00adgen\u00adsemblen Nome. \u00c5r 2022 uppt\u00adr\u00e4dde Lempi\u00adkuoro i det ber\u00f6mda opera\u00adverket Sun &amp; Sea som bel\u00f6\u00adnades med Guld\u00adle\u00adjonet i Vene\u00addig\u00adbienn\u00adalen, och som ordnades som en del av Kiasmas ARS22-utst\u00e4ll\u00adning och Helsing\u00adfors festspel.<br><br>Julia Lainema, konst\u00adn\u00e4rlig ledare f\u00f6r Lempi\u00adkuoro, utexa\u00admi\u00adne\u00adrades fr\u00e5n Sibe\u00adlius-Akade\u00admins magis\u00adter\u00adpro\u00adgram i k\u00f6rdi\u00adri\u00adge\u00adring 2022 samt fr\u00e5n magis\u00adter\u00adpro\u00adgrammet i musik\u00adpe\u00adda\u00adgogik 2016. F\u00f6rutom Lempi\u00adkuoro \u00e4r Julia konst\u00adn\u00e4rlig ledare f\u00f6r Helsing\u00adfors-base\u00adrade Ahjo Ensemble och Kaari Ensemble samt Tammer\u00adfors\u00adba\u00adse\u00adrade kammar\u00adk\u00f6ren&nbsp;N\u00e4si.<\/p>\n<\/div><\/div><\/div>\n<\/div><\/div>","protected":false},"excerpt":{"rendered":"<p>Lempikuoro \u00e4r en Helsingforsbaserad blandk\u00f6r som grundades h\u00f6sten 2019 av erfarna korister. I k\u00e4rnan av den ambiti\u00f6sa k\u00f6ren finns gl\u00e4djen i att g\u00f6ra musik, nyfiken forskning kring nya typer av framf\u00f6randen och en varm gemenskap. Julia Lainema \u00e4r k\u00f6rens konstn\u00e4rliga ledare. Programmet str\u00e4cker sig fr\u00e5n ren\u00e4ssans till nutid, och k\u00f6ren har f\u00f6rdomsfritt samarbetat med m\u00e5nga [&hellip;]<\/p>\n","protected":false},"author":1,"featured_media":0,"parent":0,"menu_order":0,"comment_status":"closed","ping_status":"closed","template":"","meta":{"_editorskit_title_hidden":true,"_editorskit_reading_time":1,"_editorskit_is_block_options_detached":false,"_editorskit_block_options_position":"{}","_coblocks_attr":"","_coblocks_dimensions":"","_coblocks_responsive_height":"","_coblocks_accordion_ie_support":"","wp_typography_post_enhancements_disabled":false,"_monsterinsights_skip_tracking":false,"_monsterinsights_sitenote_active":false,"_monsterinsights_sitenote_note":"","_monsterinsights_sitenote_category":0,"cybocfi_hide_featured_image":""},"featured_image_urls_v2":{"full":"","thumbnail":"","medium":"","medium_large":"","large":"","1536x1536":"","2048x2048":"","trp-custom-language-flag":"","ab-block-post-grid-landscape":"","ab-block-post-grid-square":"","ultp_layout_landscape_large":"","ultp_layout_landscape":"","ultp_layout_portrait":"","ultp_layout_square":"","post-thumbnail":"","twentytwenty-fullscreen":"","woocommerce_thumbnail":"","woocommerce_single":"","woocommerce_gallery_thumbnail":""},"post_excerpt_stackable_v2":"<p>Lempikuoros f\u00f6rsta gruppbild fr\u00e5n 2020. Under pandemitiden tr\u00e4nade vi ofta utomhus i varierande och inspirerande milj\u00f6er! (Foto: Pyry Kantonen) Lempikuoro \u00e4r en Helsingforsbaserad blandk\u00f6r som grundades h\u00f6sten 2019 av erfarna korister. I k\u00e4rnan av den ambiti\u00f6sa k\u00f6ren finns gl\u00e4djen i att g\u00f6ra musik, nyfiken forskning kring nya typer av framf\u00f6randen och en varm gemenskap. Julia Lainema \u00e4r k\u00f6rens konstn\u00e4rliga ledare.Programmet str\u00e4cker sig fr\u00e5n ren\u00e4ssans till nutid, och k\u00f6ren har f\u00f6rdomsfritt samarbetat med m\u00e5nga olika k\u00f6rer, artister och komposit\u00f6rer. I juni 2023 bel\u00f6nades Lempikuoro med tv\u00e5 guldst\u00e4mplar vid Tampereen S\u00e4vel -festivalen. I september samma \u00e5r genomf\u00f6rde k\u00f6ren Pulitzer- och Grammy-pristagaren Caroline&hellip;<\/p>\n","category_list_v2":"","author_info_v2":{"name":"admin","url":"https:\/\/www.lempikuoro.fi\/en\/author\/admin\/"},"comments_num_v2":"0 comments","yoast_head":"<!-- This site is optimized with the Yoast SEO plugin v21.5 - https:\/\/yoast.com\/wordpress\/plugins\/seo\/ -->\n<title>Lempi p\u00e5 svenska - Lempikuoro<\/title>\n<meta name=\"description\" content=\"Lempikuoro \u00e4r en h\u00e4rlig och rolig Helsingforsbaserad blandad k\u00f6r som grundades h\u00f6sten 2019, med Julia Lainema som konstn\u00e4rlig ledare. Lempi fokuserar p\u00e5 k\u00e4rleken till k\u00f6rlivet, gl\u00e4djen att g\u00f6ra saker tillsammans och att sprida denna k\u00e4rlek till andra genom k\u00f6rmusik och olika st\u00e4mningar.\" \/>\n<meta name=\"robots\" content=\"index, follow, max-snippet:-1, max-image-preview:large, max-video-preview:-1\" \/>\n<link rel=\"canonical\" href=\"https:\/\/www.lempikuoro.fi\/en\/svenska\/\" \/>\n<meta property=\"og:locale\" content=\"en_GB\" \/>\n<meta property=\"og:type\" content=\"article\" \/>\n<meta property=\"og:title\" content=\"Lempi p\u00e5 svenska - Lempikuoro\" \/>\n<meta property=\"og:description\" content=\"Lempikuoro \u00e4r en h\u00e4rlig och rolig Helsingforsbaserad blandad k\u00f6r som grundades h\u00f6sten 2019, med Julia Lainema som konstn\u00e4rlig ledare. Lempi fokuserar p\u00e5 k\u00e4rleken till k\u00f6rlivet, gl\u00e4djen att g\u00f6ra saker tillsammans och att sprida denna k\u00e4rlek till andra genom k\u00f6rmusik och olika st\u00e4mningar.\" \/>\n<meta property=\"og:url\" content=\"https:\/\/www.lempikuoro.fi\/en\/svenska\/\" \/>\n<meta property=\"og:site_name\" content=\"Lempikuoro\" \/>\n<meta property=\"article:publisher\" content=\"https:\/\/www.facebook.com\/lempikuoro\" \/>\n<meta property=\"article:modified_time\" content=\"2024-02-14T19:04:23+00:00\" \/>\n<meta property=\"og:image\" content=\"https:\/\/www.lempikuoro.fi\/wp-content\/uploads\/2020\/10\/Kuoro-20_-e1605191048850.jpg\" \/>\n<meta name=\"twitter:card\" content=\"summary_large_image\" \/>\n<meta name=\"twitter:label1\" content=\"Estimated reading time\" \/>\n\t<meta name=\"twitter:data1\" content=\"2 minutes\" \/>\n<script type=\"application\/ld+json\" class=\"yoast-schema-graph\">{\"@context\":\"https:\/\/schema.org\",\"@graph\":[{\"@type\":\"WebPage\",\"@id\":\"https:\/\/www.lempikuoro.fi\/svenska\/\",\"url\":\"https:\/\/www.lempikuoro.fi\/svenska\/\",\"name\":\"Lempi p\u00e5 svenska - Lempikuoro\",\"isPartOf\":{\"@id\":\"https:\/\/www.lempikuoro.fi\/#website\"},\"datePublished\":\"2024-02-07T13:51:29+00:00\",\"dateModified\":\"2024-02-14T19:04:23+00:00\",\"description\":\"Lempikuoro \u00e4r en h\u00e4rlig och rolig Helsingforsbaserad blandad k\u00f6r som grundades h\u00f6sten 2019, med Julia Lainema som konstn\u00e4rlig ledare. Lempi fokuserar p\u00e5 k\u00e4rleken till k\u00f6rlivet, gl\u00e4djen att g\u00f6ra saker tillsammans och att sprida denna k\u00e4rlek till andra genom k\u00f6rmusik och olika st\u00e4mningar.\",\"breadcrumb\":{\"@id\":\"https:\/\/www.lempikuoro.fi\/svenska\/#breadcrumb\"},\"inLanguage\":\"en-GB\",\"potentialAction\":[{\"@type\":\"ReadAction\",\"target\":[\"https:\/\/www.lempikuoro.fi\/svenska\/\"]}]},{\"@type\":\"BreadcrumbList\",\"@id\":\"https:\/\/www.lempikuoro.fi\/svenska\/#breadcrumb\",\"itemListElement\":[{\"@type\":\"ListItem\",\"position\":1,\"name\":\"Home\",\"item\":\"https:\/\/www.lempikuoro.fi\/\"},{\"@type\":\"ListItem\",\"position\":2,\"name\":\"Lempi p\u00e5 svenska\"}]},{\"@type\":\"WebSite\",\"@id\":\"https:\/\/www.lempikuoro.fi\/#website\",\"url\":\"https:\/\/www.lempikuoro.fi\/\",\"name\":\"Lempikuoro\",\"description\":\"\",\"publisher\":{\"@id\":\"https:\/\/www.lempikuoro.fi\/#organization\"},\"potentialAction\":[{\"@type\":\"SearchAction\",\"target\":{\"@type\":\"EntryPoint\",\"urlTemplate\":\"https:\/\/www.lempikuoro.fi\/?s={search_term_string}\"},\"query-input\":\"required name=search_term_string\"}],\"inLanguage\":\"en-GB\"},{\"@type\":\"Organization\",\"@id\":\"https:\/\/www.lempikuoro.fi\/#organization\",\"name\":\"Lempikuoro\",\"url\":\"https:\/\/www.lempikuoro.fi\/\",\"logo\":{\"@type\":\"ImageObject\",\"inLanguage\":\"en-GB\",\"@id\":\"https:\/\/www.lempikuoro.fi\/#\/schema\/logo\/image\/\",\"url\":\"https:\/\/www.lempikuoro.fi\/wp-content\/uploads\/2020\/10\/Lempilogo_mustavalko2-scaled.jpeg\",\"contentUrl\":\"https:\/\/www.lempikuoro.fi\/wp-content\/uploads\/2020\/10\/Lempilogo_mustavalko2-scaled.jpeg\",\"width\":2560,\"height\":1810,\"caption\":\"Lempikuoro\"},\"image\":{\"@id\":\"https:\/\/www.lempikuoro.fi\/#\/schema\/logo\/image\/\"},\"sameAs\":[\"https:\/\/www.facebook.com\/lempikuoro\",\"https:\/\/www.instagram.com\/lempikuoro\/\",\"https:\/\/www.youtube.com\/channel\/UCm_CS0Ua7SgpTTpxF7Q91dQ\"]}]}<\/script>\n<!-- \/ Yoast SEO plugin. -->","yoast_head_json":{"title":"Lempi p\u00e5 svenska \u2014 Lempikuoro","description":"Lempi\u00adkuoro \u00e4r en h\u00e4rlig och rolig Helsing\u00adfors\u00adba\u00adserad blandad k\u00f6r som grun\u00addades h\u00f6sten 2019, med Julia Lainema som konst\u00adn\u00e4rlig ledare. Lempi fokuserar p\u00e5 k\u00e4rleken till k\u00f6rlivet, gl\u00e4djen att g\u00f6ra saker till\u00adsam\u00admans och att sprida denna k\u00e4rlek till andra genom k\u00f6rmusik och olika st\u00e4mningar.","robots":{"index":"index","follow":"follow","max-snippet":"max-snippet:-1","max-image-preview":"max-image-preview:large","max-video-preview":"max-video-preview:-1"},"canonical":"https:\/\/www.lempikuoro.fi\/en\/svenska\/","og_locale":"en_GB","og_type":"article","og_title":"Lempi p\u00e5 svenska - Lempikuoro","og_description":"Lempikuoro \u00e4r en h\u00e4rlig och rolig Helsingforsbaserad blandad k\u00f6r som grundades h\u00f6sten 2019, med Julia Lainema som konstn\u00e4rlig ledare. Lempi fokuserar p\u00e5 k\u00e4rleken till k\u00f6rlivet, gl\u00e4djen att g\u00f6ra saker tillsammans och att sprida denna k\u00e4rlek till andra genom k\u00f6rmusik och olika st\u00e4mningar.","og_url":"https:\/\/www.lempikuoro.fi\/en\/svenska\/","og_site_name":"Lempikuoro","article_publisher":"https:\/\/www.facebook.com\/lempikuoro","article_modified_time":"2024-02-14T19:04:23+00:00","og_image":[{"url":"https:\/\/www.lempikuoro.fi\/wp-content\/uploads\/2020\/10\/Kuoro-20_-e1605191048850.jpg"}],"twitter_card":"summary_large_image","twitter_misc":{"Estimated reading time":"2 minutes"},"schema":{"@context":"https:\/\/schema.org","@graph":[{"@type":"WebPage","@id":"https:\/\/www.lempikuoro.fi\/svenska\/","url":"https:\/\/www.lempikuoro.fi\/svenska\/","name":"Lempi p\u00e5 svenska \u2014 Lempikuoro","isPartOf":{"@id":"https:\/\/www.lempikuoro.fi\/#website"},"datePublished":"2024-02-07T13:51:29+00:00","dateModified":"2024-02-14T19:04:23+00:00","description":"Lempi\u00adkuoro \u00e4r en h\u00e4rlig och rolig Helsing\u00adfors\u00adba\u00adserad blandad k\u00f6r som grun\u00addades h\u00f6sten 2019, med Julia Lainema som konst\u00adn\u00e4rlig ledare. Lempi fokuserar p\u00e5 k\u00e4rleken till k\u00f6rlivet, gl\u00e4djen att g\u00f6ra saker till\u00adsam\u00admans och att sprida denna k\u00e4rlek till andra genom k\u00f6rmusik och olika st\u00e4mningar.","breadcrumb":{"@id":"https:\/\/www.lempikuoro.fi\/svenska\/#breadcrumb"},"inLanguage":"en-GB","potentialAction":[{"@type":"ReadAction","target":["https:\/\/www.lempikuoro.fi\/svenska\/"]}]},{"@type":"BreadcrumbList","@id":"https:\/\/www.lempikuoro.fi\/svenska\/#breadcrumb","itemListElement":[{"@type":"ListItem","position":1,"name":"Home","item":"https:\/\/www.lempikuoro.fi\/"},{"@type":"ListItem","position":2,"name":"Lempi p\u00e5 svenska"}]},{"@type":"WebSite","@id":"https:\/\/www.lempikuoro.fi\/#website","url":"https:\/\/www.lempikuoro.fi\/","name":"Lempi\u00adkuoro","description":"","publisher":{"@id":"https:\/\/www.lempikuoro.fi\/#organization"},"potentialAction":[{"@type":"SearchAction","target":{"@type":"EntryPoint","urlTemplate":"https:\/\/www.lempikuoro.fi\/?s={search_term_string}"},"query-input":"required name=search_term_string"}],"inLanguage":"en-GB"},{"@type":"Organization","@id":"https:\/\/www.lempikuoro.fi\/#organization","name":"Lempi\u00adkuoro","url":"https:\/\/www.lempikuoro.fi\/","logo":{"@type":"ImageObject","inLanguage":"en-GB","@id":"https:\/\/www.lempikuoro.fi\/#\/schema\/logo\/image\/","url":"https:\/\/www.lempikuoro.fi\/wp-content\/uploads\/2020\/10\/Lempilogo_mustavalko2-scaled.jpeg","contentUrl":"https:\/\/www.lempikuoro.fi\/wp-content\/uploads\/2020\/10\/Lempilogo_mustavalko2-scaled.jpeg","width":2560,"height":1810,"caption":"Lempikuoro"},"image":{"@id":"https:\/\/www.lempikuoro.fi\/#\/schema\/logo\/image\/"},"sameAs":["https:\/\/www.facebook.com\/lempikuoro","https:\/\/www.instagram.com\/lempikuoro\/","https:\/\/www.youtube.com\/channel\/UCm_CS0Ua7SgpTTpxF7Q91dQ"]}]}},"featured_image_src":null,"featured_image_src_square":null,"_links":{"self":[{"href":"https:\/\/www.lempikuoro.fi\/en\/wp-json\/wp\/v2\/pages\/2666"}],"collection":[{"href":"https:\/\/www.lempikuoro.fi\/en\/wp-json\/wp\/v2\/pages"}],"about":[{"href":"https:\/\/www.lempikuoro.fi\/en\/wp-json\/wp\/v2\/types\/page"}],"author":[{"embeddable":true,"href":"https:\/\/www.lempikuoro.fi\/en\/wp-json\/wp\/v2\/users\/1"}],"replies":[{"embeddable":true,"href":"https:\/\/www.lempikuoro.fi\/en\/wp-json\/wp\/v2\/comments?post=2666"}],"version-history":[{"count":23,"href":"https:\/\/www.lempikuoro.fi\/en\/wp-json\/wp\/v2\/pages\/2666\/revisions"}],"predecessor-version":[{"id":2727,"href":"https:\/\/www.lempikuoro.fi\/en\/wp-json\/wp\/v2\/pages\/2666\/revisions\/2727"}],"wp:attachment":[{"href":"https:\/\/www.lempikuoro.fi\/en\/wp-json\/wp\/v2\/media?parent=2666"}],"curies":[{"name":"wp","href":"https:\/\/api.w.org\/{rel}","templated":true}]}}