{"id":2215,"date":"2023-06-08T15:49:35","date_gmt":"2023-06-08T13:49:35","guid":{"rendered":"https:\/\/www.lempikuoro.fi\/?page_id=2215"},"modified":"2023-06-09T07:27:41","modified_gmt":"2023-06-09T05:27:41","slug":"tietosuojaseloste","status":"publish","type":"page","link":"https:\/\/www.lempikuoro.fi\/en\/tietosuojaseloste\/","title":{"rendered":"Register and privacy policy"},"content":{"rendered":"<div class=\"wp-block-stackable-spacer stk-block-spacer stk--no-padding stk-block stk-629c501\" data-block-id=\"629c501\"><style>.stk-629c501{height:20px !important}<\/style><\/div>\n\n\n\n<p><strong>REGISTER AND PRIVACY POLICY OF LEMPI\u00adKUORO<\/strong><br><br>This is the regi\u00adstra\u00adtion and data protec\u00adtion policy of Lempi\u00adkuoro ry in accor\u00addance with the EU General Data Protec\u00adtion Regu\u00adla\u00adtion (GDPR). Last modi\u00adfied on 8.6.2023.<br><br><strong>1. Regi\u00adstrar<\/strong><br><br>Lempi\u00adkuoro ry<br>3117230\u20137<br>Mark\u00adki\u00adnatie 6 D 48, 00700 HELSINKI<br>info@lempikuoro.fi<br><br><strong>2<\/strong>. <strong>Purpose of the register<\/strong><br><br>The purpose of proces\u00adsing personal data collected through the Lempi\u00adkuoro website and the ticket shop is to process orders from custo\u00admers of the online shop. The data will not be used for any other purposes or passed on to third parties, with the excep\u00adtion of the payment service provider.<br><br><strong>3. Legal basis<\/strong><br><br>Lempi\u00adkuoro ry acts as a data cont\u00adroller in accor\u00addance with the EU General Data Protec\u00adtion Regu\u00adla\u00adtion. The legal basis for the proces\u00adsing of personal data under the GDPR is a purc\u00adhase agree\u00adment to which the data subject is a party.<br><br><strong>4. Data content of the register<\/strong><br><br>The data stored in the customer register of the Lempi\u00adkuoro ticket shop:<br><br>\u2022 Name of the person<br>\u2022 Company\/organisation (if provided when orde\u00adring)<br>\u2022 Email<br>\u2022 Telep\u00adhone number<br>\u2022 IP address of the web service provider<br><br>Personal data will be kept for the purpose of mana\u00adging the customer rela\u00adtionship and orders for up to one month after the event. After this period, the personal data will be deleted from the customer register.<br><br>The IP addresses of visi\u00adtors to the website and cookies neces\u00adsary for the func\u00adtio\u00adning of the service are processed for legi\u00adti\u00admate inte\u00adrests such as data secu\u00adrity and the collec\u00adtion of statis\u00adtics on visi\u00adtors to the website in cases where they can be consi\u00addered as personal data. Third party cookies are subject to sepa\u00adrate consent where neces\u00adsary.<br><br><strong>5. Regular data sources<\/strong><br><br>Personal data is collected from the data subject via the ticket order form.&nbsp;<br><br><strong>6. Proces\u00adsing and disclo\u00adsure of data<\/strong><br><br>The personal data collected from the custo\u00admers of the choir are stored in the following infor\u00adma\u00adtion systems:<br><br>\u2022 <strong>Woocom\u00admerce<\/strong>Woocom\u00admerce is the plat\u00adform that allows Lempi\u00adkuo\u00adro\u2019s ticket shop to easily and quickly process orders.The data is trans\u00adferred from Woocom\u00admerce to the payment service system to complete the order. The data stored in Woocom\u00admerce is only held by the regi\u00adstrar.<br><br>\u2022 <strong>Klarna<\/strong>When you place an order, you also provide your data sepa\u00adra\u00adtely to the payment service provider Klarna. You can read Klar\u00adna\u2019s privacy policy: https:\/\/www.klarna.com\/fi\/tietosuoja\/ If you wish to review the data stored with the payment service provider, please contact Klarna.<br><br><strong>7. Regular data disclo\u00adsures and data trans\u00adfers outside the EU or EEA<\/strong><br><br>There is no regular transfer of data to other parties. Data may only be published to the extent that this has been expressly agreed with the customer.<br><br><strong>8. Principles of register protec\u00adtion<\/strong><br><br>The register will be processed with due care and the data processed by the computer systems will be adequa\u00adtely protected. Where the data are stored on Internet servers, the physical and digital secu\u00adrity of their hardware shall be adequa\u00adtely ensured. The regi\u00adstrar shall ensure that stored data, as well as access rights to servers and other infor\u00adma\u00adtion critical to the secu\u00adrity of personal data, are treated confi\u00adden\u00adtially and only by those whose job it is.<br><br><strong>9. Right of access and recti\u00adfica\u00adtion<\/strong><br><br>Any person in the register has the right to check the data recorded in the register and to request the correc\u00adtion of any inaccu\u00adrate data or the comple\u00adtion of incomplete data. If a person wishes to check or request the recti\u00adfica\u00adtion of data stored about him or her, the request must be sent in writing to the regi\u00adstrar at info@lempikuoro.fi. The regi\u00adstrar may, if neces\u00adsary, ask the person making the request to prove his or her iden\u00adtity. The regi\u00adstrar will reply to the customer within the time limits set by the EU General Data Protec\u00adtion Regu\u00adla\u00adtion (as a general rule, within one month).<br><br><strong>10. Other rights rela\u00adting to the proces\u00adsing of personal data<\/strong><br><br>Any person in the register has the right to request the erasure of personal data concer\u00adning him or her from the register (\u201cright to be forgotten\u201d). Data subjects also have other rights under the EU General Data Protec\u00adtion Regu\u00adla\u00adtion, such as the restric\u00adtion of proces\u00adsing of personal data in certain circums\u00adtances. Requests should be sent in writing to the regi\u00adstrar at info@lempikuoro.fi. The regi\u00adstrar may, if neces\u00adsary, ask the applicant to prove his or her iden\u00adtity. The regi\u00adstrar will respond to the customer within the time limits set by the EU GDPR (usually within one&nbsp;month).<\/p>","protected":false},"excerpt":{"rendered":"<p>LEMPIKUORON REKISTERI- JA TIETOSUOJASELOSTE T\u00e4m\u00e4 on Lempikuoro ry:n EU:n yleisen tietosuoja-asetuksen (GDPR) mukainen rekisteri- ja tietosuojaseloste. Laadittu 25.4.2023. Viimeisin muutos 8.6.2023. 1. Rekisterinpit\u00e4j\u00e4 Lempikuoro ry3117230-7Markkinatie 6 D 48, 00700 HELSINKIinfo@lempikuoro.fi 2. Rekisterin k\u00e4ytt\u00f6tarkoitus Lempikuoron nettisivujen ja lippukaupan kautta ker\u00e4ttyjen henkil\u00f6tietojen k\u00e4sittelyn tarkoitus on verkkokaupan asiakkaiden tilausten hoitaminen. Tietoja ei k\u00e4ytet\u00e4 muihin tarkoituksiin tai luovuteta eteenp\u00e4in [&hellip;]<\/p>\n","protected":false},"author":1,"featured_media":0,"parent":0,"menu_order":0,"comment_status":"closed","ping_status":"closed","template":"","meta":{"_editorskit_title_hidden":false,"_editorskit_reading_time":1,"_editorskit_is_block_options_detached":false,"_editorskit_block_options_position":"{}","_coblocks_attr":"","_coblocks_dimensions":"","_coblocks_responsive_height":"","_coblocks_accordion_ie_support":"","wp_typography_post_enhancements_disabled":false,"_monsterinsights_skip_tracking":false,"_monsterinsights_sitenote_active":false,"_monsterinsights_sitenote_note":"","_monsterinsights_sitenote_category":0,"cybocfi_hide_featured_image":""},"featured_image_urls_v2":{"full":"","thumbnail":"","medium":"","medium_large":"","large":"","1536x1536":"","2048x2048":"","trp-custom-language-flag":"","ab-block-post-grid-landscape":"","ab-block-post-grid-square":"","ultp_layout_landscape_large":"","ultp_layout_landscape":"","ultp_layout_portrait":"","ultp_layout_square":"","post-thumbnail":"","twentytwenty-fullscreen":"","woocommerce_thumbnail":"","woocommerce_single":"","woocommerce_gallery_thumbnail":""},"post_excerpt_stackable_v2":"<p>LEMPIKUORON REKISTERI- JA TIETOSUOJASELOSTET\u00e4m\u00e4 on Lempikuoro ry:n EU:n yleisen tietosuoja-asetuksen (GDPR) mukainen rekisteri- ja tietosuojaseloste. Laadittu 25.4.2023. Viimeisin muutos 8.6.2023.1. Rekisterinpit\u00e4j\u00e4Lempikuoro ry3117230-7Markkinatie 6 D 48, 00700 HELSINKIinfo@lempikuoro.fi2. Rekisterin k\u00e4ytt\u00f6tarkoitusLempikuoron nettisivujen ja lippukaupan kautta ker\u00e4ttyjen henkil\u00f6tietojen k\u00e4sittelyn tarkoitus on verkkokaupan asiakkaiden tilausten hoitaminen. Tietoja ei k\u00e4ytet\u00e4 muihin tarkoituksiin tai luovuteta eteenp\u00e4in maksupalveluntarjoajaa lukuunottamatta.3. OikeusperusteLempikuoro ry toimii EU:n tietosuoja-asetuksen mukaisena rekisterinpit\u00e4j\u00e4n\u00e4. Tietosuoja-asetuksen mukainen oikeusperuste henkil\u00f6tietojen k\u00e4sittelylle on ostosopimus, jossa rekister\u00f6ity on osapuolena.4. Rekisterin tietosis\u00e4lt\u00f6Lempikuoron lippukaupan asiakasrekisteriin tallentuvat tiedot:\u2022 Henkil\u00f6n nimi\u2022 Yritys\/organisaatio (mik\u00e4li annettu tilauksen yhteydess\u00e4)\u2022 S\u00e4hk\u00f6postiosoite\u2022 Puhelinnumero\u2022 Verkkopalvelun IP-osoiteHenkil\u00f6tietoja s\u00e4ilytet\u00e4\u00e4n asiakkuuden ja tilausten hoitamiseksi enint\u00e4\u00e4n kuukausi tapahtuman j\u00e4lkeen. T\u00e4m\u00e4n j\u00e4lkeen henkil\u00f6tiedot poistetaan&hellip;<\/p>\n","category_list_v2":"","author_info_v2":{"name":"admin","url":"https:\/\/www.lempikuoro.fi\/en\/author\/admin\/"},"comments_num_v2":"0 comments","yoast_head":"<!-- This site is optimized with the Yoast SEO plugin v21.5 - https:\/\/yoast.com\/wordpress\/plugins\/seo\/ -->\n<title>Tietosuojaseloste - Lempikuoro<\/title>\n<meta name=\"description\" content=\"Lempikuoron lippukaupan rekisteri- ja tietosuojaseloste\" \/>\n<meta name=\"robots\" content=\"index, follow, max-snippet:-1, max-image-preview:large, max-video-preview:-1\" \/>\n<link rel=\"canonical\" href=\"https:\/\/www.lempikuoro.fi\/en\/tietosuojaseloste\/\" \/>\n<meta property=\"og:locale\" content=\"en_GB\" \/>\n<meta property=\"og:type\" content=\"article\" \/>\n<meta property=\"og:title\" content=\"Tietosuojaseloste - Lempikuoro\" \/>\n<meta property=\"og:description\" content=\"Lempikuoron lippukaupan rekisteri- ja tietosuojaseloste\" \/>\n<meta property=\"og:url\" content=\"https:\/\/www.lempikuoro.fi\/en\/tietosuojaseloste\/\" \/>\n<meta property=\"og:site_name\" content=\"Lempikuoro\" \/>\n<meta property=\"article:publisher\" content=\"https:\/\/www.facebook.com\/lempikuoro\" \/>\n<meta property=\"article:modified_time\" content=\"2023-06-09T05:27:41+00:00\" \/>\n<meta name=\"twitter:card\" content=\"summary_large_image\" \/>\n<meta name=\"twitter:label1\" content=\"Estimated reading time\" \/>\n\t<meta name=\"twitter:data1\" content=\"3 minutes\" \/>\n<script type=\"application\/ld+json\" class=\"yoast-schema-graph\">{\"@context\":\"https:\/\/schema.org\",\"@graph\":[{\"@type\":\"WebPage\",\"@id\":\"https:\/\/www.lempikuoro.fi\/tietosuojaseloste\/\",\"url\":\"https:\/\/www.lempikuoro.fi\/tietosuojaseloste\/\",\"name\":\"Tietosuojaseloste - Lempikuoro\",\"isPartOf\":{\"@id\":\"https:\/\/www.lempikuoro.fi\/#website\"},\"datePublished\":\"2023-06-08T13:49:35+00:00\",\"dateModified\":\"2023-06-09T05:27:41+00:00\",\"description\":\"Lempikuoron lippukaupan rekisteri- ja tietosuojaseloste\",\"breadcrumb\":{\"@id\":\"https:\/\/www.lempikuoro.fi\/tietosuojaseloste\/#breadcrumb\"},\"inLanguage\":\"en-GB\",\"potentialAction\":[{\"@type\":\"ReadAction\",\"target\":[\"https:\/\/www.lempikuoro.fi\/tietosuojaseloste\/\"]}]},{\"@type\":\"BreadcrumbList\",\"@id\":\"https:\/\/www.lempikuoro.fi\/tietosuojaseloste\/#breadcrumb\",\"itemListElement\":[{\"@type\":\"ListItem\",\"position\":1,\"name\":\"Home\",\"item\":\"https:\/\/www.lempikuoro.fi\/\"},{\"@type\":\"ListItem\",\"position\":2,\"name\":\"Tietosuojaseloste\"}]},{\"@type\":\"WebSite\",\"@id\":\"https:\/\/www.lempikuoro.fi\/#website\",\"url\":\"https:\/\/www.lempikuoro.fi\/\",\"name\":\"Lempikuoro\",\"description\":\"\",\"publisher\":{\"@id\":\"https:\/\/www.lempikuoro.fi\/#organization\"},\"potentialAction\":[{\"@type\":\"SearchAction\",\"target\":{\"@type\":\"EntryPoint\",\"urlTemplate\":\"https:\/\/www.lempikuoro.fi\/?s={search_term_string}\"},\"query-input\":\"required name=search_term_string\"}],\"inLanguage\":\"en-GB\"},{\"@type\":\"Organization\",\"@id\":\"https:\/\/www.lempikuoro.fi\/#organization\",\"name\":\"Lempikuoro\",\"url\":\"https:\/\/www.lempikuoro.fi\/\",\"logo\":{\"@type\":\"ImageObject\",\"inLanguage\":\"en-GB\",\"@id\":\"https:\/\/www.lempikuoro.fi\/#\/schema\/logo\/image\/\",\"url\":\"https:\/\/www.lempikuoro.fi\/wp-content\/uploads\/2020\/10\/Lempilogo_mustavalko2-scaled.jpeg\",\"contentUrl\":\"https:\/\/www.lempikuoro.fi\/wp-content\/uploads\/2020\/10\/Lempilogo_mustavalko2-scaled.jpeg\",\"width\":2560,\"height\":1810,\"caption\":\"Lempikuoro\"},\"image\":{\"@id\":\"https:\/\/www.lempikuoro.fi\/#\/schema\/logo\/image\/\"},\"sameAs\":[\"https:\/\/www.facebook.com\/lempikuoro\",\"https:\/\/www.instagram.com\/lempikuoro\/\",\"https:\/\/www.youtube.com\/channel\/UCm_CS0Ua7SgpTTpxF7Q91dQ\"]}]}<\/script>\n<!-- \/ Yoast SEO plugin. -->","yoast_head_json":{"title":"Tieto\u00adsuo\u00adja\u00adse\u00adloste \u2014 Lempikuoro","description":"Lempi\u00adkuoron lippu\u00adkaupan rekis\u00adteri- ja tietosuojaseloste","robots":{"index":"index","follow":"follow","max-snippet":"max-snippet:-1","max-image-preview":"max-image-preview:large","max-video-preview":"max-video-preview:-1"},"canonical":"https:\/\/www.lempikuoro.fi\/en\/tietosuojaseloste\/","og_locale":"en_GB","og_type":"article","og_title":"Tietosuojaseloste - Lempikuoro","og_description":"Lempikuoron lippukaupan rekisteri- ja tietosuojaseloste","og_url":"https:\/\/www.lempikuoro.fi\/en\/tietosuojaseloste\/","og_site_name":"Lempikuoro","article_publisher":"https:\/\/www.facebook.com\/lempikuoro","article_modified_time":"2023-06-09T05:27:41+00:00","twitter_card":"summary_large_image","twitter_misc":{"Estimated reading time":"3 minutes"},"schema":{"@context":"https:\/\/schema.org","@graph":[{"@type":"WebPage","@id":"https:\/\/www.lempikuoro.fi\/tietosuojaseloste\/","url":"https:\/\/www.lempikuoro.fi\/tietosuojaseloste\/","name":"Tieto\u00adsuo\u00adja\u00adse\u00adloste \u2014 Lempikuoro","isPartOf":{"@id":"https:\/\/www.lempikuoro.fi\/#website"},"datePublished":"2023-06-08T13:49:35+00:00","dateModified":"2023-06-09T05:27:41+00:00","description":"Lempi\u00adkuoron lippu\u00adkaupan rekis\u00adteri- ja tietosuojaseloste","breadcrumb":{"@id":"https:\/\/www.lempikuoro.fi\/tietosuojaseloste\/#breadcrumb"},"inLanguage":"en-GB","potentialAction":[{"@type":"ReadAction","target":["https:\/\/www.lempikuoro.fi\/tietosuojaseloste\/"]}]},{"@type":"BreadcrumbList","@id":"https:\/\/www.lempikuoro.fi\/tietosuojaseloste\/#breadcrumb","itemListElement":[{"@type":"ListItem","position":1,"name":"Home","item":"https:\/\/www.lempikuoro.fi\/"},{"@type":"ListItem","position":2,"name":"Tietosuojaseloste"}]},{"@type":"WebSite","@id":"https:\/\/www.lempikuoro.fi\/#website","url":"https:\/\/www.lempikuoro.fi\/","name":"Lempi\u00adkuoro","description":"","publisher":{"@id":"https:\/\/www.lempikuoro.fi\/#organization"},"potentialAction":[{"@type":"SearchAction","target":{"@type":"EntryPoint","urlTemplate":"https:\/\/www.lempikuoro.fi\/?s={search_term_string}"},"query-input":"required name=search_term_string"}],"inLanguage":"en-GB"},{"@type":"Organization","@id":"https:\/\/www.lempikuoro.fi\/#organization","name":"Lempi\u00adkuoro","url":"https:\/\/www.lempikuoro.fi\/","logo":{"@type":"ImageObject","inLanguage":"en-GB","@id":"https:\/\/www.lempikuoro.fi\/#\/schema\/logo\/image\/","url":"https:\/\/www.lempikuoro.fi\/wp-content\/uploads\/2020\/10\/Lempilogo_mustavalko2-scaled.jpeg","contentUrl":"https:\/\/www.lempikuoro.fi\/wp-content\/uploads\/2020\/10\/Lempilogo_mustavalko2-scaled.jpeg","width":2560,"height":1810,"caption":"Lempikuoro"},"image":{"@id":"https:\/\/www.lempikuoro.fi\/#\/schema\/logo\/image\/"},"sameAs":["https:\/\/www.facebook.com\/lempikuoro","https:\/\/www.instagram.com\/lempikuoro\/","https:\/\/www.youtube.com\/channel\/UCm_CS0Ua7SgpTTpxF7Q91dQ"]}]}},"featured_image_src":null,"featured_image_src_square":null,"_links":{"self":[{"href":"https:\/\/www.lempikuoro.fi\/en\/wp-json\/wp\/v2\/pages\/2215"}],"collection":[{"href":"https:\/\/www.lempikuoro.fi\/en\/wp-json\/wp\/v2\/pages"}],"about":[{"href":"https:\/\/www.lempikuoro.fi\/en\/wp-json\/wp\/v2\/types\/page"}],"author":[{"embeddable":true,"href":"https:\/\/www.lempikuoro.fi\/en\/wp-json\/wp\/v2\/users\/1"}],"replies":[{"embeddable":true,"href":"https:\/\/www.lempikuoro.fi\/en\/wp-json\/wp\/v2\/comments?post=2215"}],"version-history":[{"count":5,"href":"https:\/\/www.lempikuoro.fi\/en\/wp-json\/wp\/v2\/pages\/2215\/revisions"}],"predecessor-version":[{"id":2238,"href":"https:\/\/www.lempikuoro.fi\/en\/wp-json\/wp\/v2\/pages\/2215\/revisions\/2238"}],"wp:attachment":[{"href":"https:\/\/www.lempikuoro.fi\/en\/wp-json\/wp\/v2\/media?parent=2215"}],"curies":[{"name":"wp","href":"https:\/\/api.w.org\/{rel}","templated":true}]}}